{"id":2415,"date":"2015-10-15T15:32:49","date_gmt":"2015-10-15T15:32:49","guid":{"rendered":"https:\/\/nevenkomerc.com\/elesa-ganter\/proizvodi\/"},"modified":"2021-03-24T20:22:19","modified_gmt":"2021-03-24T20:22:19","slug":"proizvodi","status":"publish","type":"page","link":"https:\/\/nevenkomerc.com\/elesa-ganter\/en\/proizvodi\/","title":{"rendered":"Products"},"content":{"rendered":"<div  style='padding-bottom:0px; ' class='av-special-heading av-special-heading-h2  blockquote modern-quote modern-centered  avia-builder-el-0  el_before_av_hr  avia-builder-el-first  '><h2 class='av-special-heading-tag '  itemprop=\"headline\"  >Proizvodi<\/h2><div class='special-heading-border'><div class='special-heading-inner-border' ><\/div><\/div><\/div>\n<div  style=' margin-top:5px; margin-bottom:35px;'  class='hr hr-custom hr-center hr-icon-no   avia-builder-el-1  el_after_av_heading  el_before_av_one_half '><span class='hr-inner  inner-border-av-border-fat' style=' width:50px; border-color:#efbb20;' ><span class='hr-inner-style'><\/span><\/span><\/div>\n<div class='avia-data-table-wrap avia_responsive_table'><table  class='avia-table avia-data-table avia-table-1  avia_pricing_default '  itemscope=\"itemscope\" itemtype=\"https:\/\/schema.org\/Table\" ><tbody><tr class=''><td class=''><\/p>\n<p style=\"text-align:center\"><a href=\"\/work\/nevennn\/service\/alati-i-masine\/\"><span style=\"vertical-align: top;\"><img src=\"\/elesa-ganter\/wp-content\/uploads\/2020\/10\/alatiimasine.jpg\" style=\"width:350pt;height:200pt\" \/><\/span><\/a><br \/>\n<span style=\"vertical-align: top;\"><br \/>\n<b>ALATI I MA\u0160INE<\/b><br \/>\n<\/span><\/p>\n<p><\/td><td class=''><\/p>\n<p style=\"text-align:center\"><a href=\"\/work\/nevennn\/service\/bastenski-program-2\/\"><span style=\"vertical-align: top;\"><img src=\"\/elesa-ganter\/wp-content\/uploads\/2020\/10\/bastenskialati.jpeg\" style=\"width:350pt;height:200pt\" \/><\/span><\/a><br \/>\n<span style=\"vertical-align: top;\"><br \/>\n<b>BA\u0160TENSKI ALAT<\/b><br \/>\n<\/span><\/p>\n<p><\/td><\/tr><tr class=''><td class=''><\/p>\n<p style=\"text-align:center\"><span style=\"vertical-align: top;\"><a href=\"\/work\/nevennn\/service\/gvozdjarska-roba\/\"><img src=\"\/elesa-ganter\/wp-content\/uploads\/2020\/10\/gvozdjaska-roba-650x321.jpg\" style=\"width:350pt;height:150pt\" \/><\/span><\/a><br \/>\n<span style=\"vertical-align: top;\"><br \/>\n<b>GVO\u017d\u0110ARSKA ROBA<\/b><br \/>\n<\/span><\/p>\n<p><\/td><td class=''><\/p>\n<p style=\"text-align:center\"><span style=\"vertical-align: top;\"><a href=\"\/work\/nevennn\/service\/boje-lepkovi-i-molerski-alat\/\"><img src=\"\/elesa-ganter\/wp-content\/uploads\/2020\/10\/boje-lepkovi-molerski-alat-650x321.jpg\" style=\"width:350pt;height:150pt\" \/><\/span><\/a><br \/>\n<span style=\"vertical-align: top;\"><br \/>\n<b>BOJE, LEPKOVI I MOLERSKI ALAT<\/b><br \/>\n<\/span><\/p>\n<p><\/td><\/tr><tr class=''><td class=''><\/p>\n<p style=\"text-align:center\"><span style=\"vertical-align: top;\"><a href=\"\/work\/nevennn\/service\/okovi-2\/\"><img src=\"\/elesa-ganter\/wp-content\/uploads\/2020\/10\/okovi-650x321.jpg\" style=\"width:350pt;height:150pt\" \/><\/span><\/a><br \/>\n<span style=\"vertical-align: top;\"><br \/>\n<b>OKOVI<\/b><br \/>\n<\/span><\/p>\n<p><\/td><td class=''><\/p>\n<p style=\"text-align:center\"><span style=\"vertical-align: top;\"><a href=\"\/work\/nevennn\/service\/htz-oprema-i-pribor-za-ciscenje\/\"><img src=\"\/elesa-ganter\/wp-content\/uploads\/2020\/10\/HTZ-650x321.jpg\" style=\"width:350pt;height:150pt\" \/><\/span><\/a><br \/>\n<span style=\"vertical-align: top;\"><br \/>\n<b>HTZ OPREMA I PRIBOR ZA \u010cI\u0160\u0106ENJE<\/b><br \/>\n<\/span><\/p>\n<p><\/td><\/tr><tr class=''><td class=''><\/p>\n<p style=\"text-align:center\"><span style=\"vertical-align: top;\"><a href=\"\/work\/nevennn\/service\/elektrika\/\"><img src=\"\/elesa-ganter\/wp-content\/uploads\/2020\/10\/elektrika.jpg\" style=\"width:300pt;height:150pt\" \/><\/span><br \/>\n<span style=\"vertical-align: top;\"><br \/>\n<b>ELEKTRIKA<\/b><br \/>\n<\/span><\/p>\n<p><\/td><td class=''><\/p>\n<p style=\"text-align:center\"><span style=\"vertical-align: top;\"><a href=\"\/work\/nevennn\/service\/razno\/\"><img src=\"\/elesa-ganter\/wp-content\/uploads\/2020\/10\/razno.jpg\" style=\"width:350pt;height:150pt\" \/><\/span><\/a><br \/>\n<span style=\"vertical-align: top;\"><br \/>\n<b>RAZNO<\/b><br \/>\n<\/span><\/p>\n<p><\/td><\/tr><\/tbody><\/table><\/div><style type='text\/css'><\/style>\n","protected":false},"excerpt":{"rendered":"","protected":false},"author":1,"featured_media":0,"parent":0,"menu_order":0,"comment_status":"closed","ping_status":"closed","template":"","meta":[],"yoast_head":"<!-- This site is optimized with the Yoast SEO plugin v15.1.1 - https:\/\/yoast.com\/wordpress\/plugins\/seo\/ -->\n<title>Products - Elesa Ganter Srbija - Neven komerc<\/title>\n<meta name=\"robots\" content=\"index, follow, max-snippet:-1, max-image-preview:large, max-video-preview:-1\" \/>\n<link rel=\"canonical\" href=\"https:\/\/nevenkomerc.com\/elesa-ganter\/en\/proizvodi\/\" \/>\n<meta property=\"og:locale\" content=\"en_US\" \/>\n<meta property=\"og:type\" content=\"article\" \/>\n<meta property=\"og:title\" content=\"Products - Elesa Ganter Srbija - Neven komerc\" \/>\n<meta property=\"og:url\" content=\"https:\/\/nevenkomerc.com\/elesa-ganter\/en\/proizvodi\/\" \/>\n<meta property=\"og:site_name\" content=\"Elesa Ganter Srbija - Neven komerc\" \/>\n<meta property=\"article:modified_time\" content=\"2021-03-24T20:22:19+00:00\" \/>\n<meta property=\"og:image\" content=\"https:\/\/nevenkomerc.com\/elesa-ganter\/wp-content\/uploads\/2020\/10\/alatiimasine.jpg\" \/>\n<meta name=\"twitter:card\" content=\"summary_large_image\" \/>\n<script type=\"application\/ld+json\" class=\"yoast-schema-graph\">{\"@context\":\"https:\/\/schema.org\",\"@graph\":[{\"@type\":\"WebSite\",\"@id\":\"https:\/\/nevenkomerc.com\/elesa-ganter\/en\/#website\",\"url\":\"https:\/\/nevenkomerc.com\/elesa-ganter\/en\/\",\"name\":\"Elesa Ganter Srbija - Neven komerc\",\"description\":\"\\u201eNeven-komerc\\u201c d.o.o. ima zastupni\\u0161tvo za ELESA+GANTER, svetsku kompaniju koja nudi \\u0161irok asortiman standardnih ma\\u0161inskih elemenata za ma\\u0161insku industriju.\",\"potentialAction\":[{\"@type\":\"SearchAction\",\"target\":\"https:\/\/nevenkomerc.com\/elesa-ganter\/en\/?s={search_term_string}\",\"query-input\":\"required name=search_term_string\"}],\"inLanguage\":\"en-US\"},{\"@type\":\"ImageObject\",\"@id\":\"https:\/\/nevenkomerc.com\/elesa-ganter\/en\/proizvodi\/#primaryimage\",\"inLanguage\":\"en-US\",\"url\":\"\/elesa-ganter\/wp-content\/uploads\/2020\/10\/alatiimasine.jpg\"},{\"@type\":\"WebPage\",\"@id\":\"https:\/\/nevenkomerc.com\/elesa-ganter\/en\/proizvodi\/#webpage\",\"url\":\"https:\/\/nevenkomerc.com\/elesa-ganter\/en\/proizvodi\/\",\"name\":\"Products - Elesa Ganter Srbija - Neven komerc\",\"isPartOf\":{\"@id\":\"https:\/\/nevenkomerc.com\/elesa-ganter\/en\/#website\"},\"primaryImageOfPage\":{\"@id\":\"https:\/\/nevenkomerc.com\/elesa-ganter\/en\/proizvodi\/#primaryimage\"},\"datePublished\":\"2015-10-15T15:32:49+00:00\",\"dateModified\":\"2021-03-24T20:22:19+00:00\",\"inLanguage\":\"en-US\",\"potentialAction\":[{\"@type\":\"ReadAction\",\"target\":[\"https:\/\/nevenkomerc.com\/elesa-ganter\/en\/proizvodi\/\"]}]}]}<\/script>\n<!-- \/ Yoast SEO plugin. -->","_links":{"self":[{"href":"https:\/\/nevenkomerc.com\/elesa-ganter\/en\/wp-json\/wp\/v2\/pages\/2415\/"}],"collection":[{"href":"https:\/\/nevenkomerc.com\/elesa-ganter\/en\/wp-json\/wp\/v2\/pages\/"}],"about":[{"href":"https:\/\/nevenkomerc.com\/elesa-ganter\/en\/wp-json\/wp\/v2\/types\/page\/"}],"author":[{"embeddable":true,"href":"https:\/\/nevenkomerc.com\/elesa-ganter\/en\/wp-json\/wp\/v2\/users\/1\/"}],"replies":[{"embeddable":true,"href":"https:\/\/nevenkomerc.com\/elesa-ganter\/en\/wp-json\/wp\/v2\/comments\/?post=2415"}],"version-history":[{"count":2,"href":"https:\/\/nevenkomerc.com\/elesa-ganter\/en\/wp-json\/wp\/v2\/pages\/2415\/revisions\/"}],"predecessor-version":[{"id":2474,"href":"https:\/\/nevenkomerc.com\/elesa-ganter\/en\/wp-json\/wp\/v2\/pages\/2415\/revisions\/2474\/"}],"wp:attachment":[{"href":"https:\/\/nevenkomerc.com\/elesa-ganter\/en\/wp-json\/wp\/v2\/media\/?parent=2415"}],"curies":[{"name":"wp","href":"https:\/\/api.w.org\/{rel}","templated":true}]}}