{"id":2417,"date":"2020-10-13T10:35:10","date_gmt":"2020-10-13T10:35:10","guid":{"rendered":"https:\/\/nevenkomerc.com\/elesa-ganter\/elesa-ganter\/"},"modified":"2021-03-24T20:25:55","modified_gmt":"2021-03-24T20:25:55","slug":"elesa-ganter","status":"publish","type":"page","link":"https:\/\/nevenkomerc.com\/elesa-ganter\/en\/proizvodi\/elesa-ganter\/","title":{"rendered":"Elesa+Ganter"},"content":{"rendered":"<div class=\"flex_column av_one_full  flex_column_div av-zero-column-padding first  avia-builder-el-0  el_before_av_one_full  avia-builder-el-first  \" style='border-radius:0px; '><div  class='avia-image-container  av-styling-    avia-builder-el-1  avia-builder-el-no-sibling  avia-align-center '  itemprop=\"image\" itemscope=\"itemscope\" itemtype=\"https:\/\/schema.org\/ImageObject\"  ><div class='avia-image-container-inner'><div class='avia-image-overlay-wrap'><img class='wp-image-2001 avia-img-lazy-loading-not-2001 avia_image' src=\"https:\/\/nevenkomerc.com\/elesa-ganter\/wp-content\/uploads\/2020\/10\/elesaganter.jpg\" alt='' title='elesaganter' height=\"509\" width=\"800\"  itemprop=\"thumbnailUrl\" srcset=\"https:\/\/nevenkomerc.com\/elesa-ganter\/wp-content\/uploads\/2020\/10\/elesaganter.jpg 800w, https:\/\/nevenkomerc.com\/elesa-ganter\/wp-content\/uploads\/2020\/10\/elesaganter-300x191.jpg 300w, https:\/\/nevenkomerc.com\/elesa-ganter\/wp-content\/uploads\/2020\/10\/elesaganter-768x489.jpg 768w, https:\/\/nevenkomerc.com\/elesa-ganter\/wp-content\/uploads\/2020\/10\/elesaganter-705x449.jpg 705w\" sizes=\"(max-width: 800px) 100vw, 800px\" \/><\/div><\/div><\/div><\/div>\n<div class=\"flex_column av_one_full  flex_column_div av-zero-column-padding first  avia-builder-el-2  el_after_av_one_full  avia-builder-el-last  column-top-margin\" style='border-radius:0px; '><p><div  class='avia-image-container  av-styling-    avia-builder-el-3  el_before_av_hr  avia-builder-el-first  avia-align-left '  itemprop=\"image\" itemscope=\"itemscope\" itemtype=\"https:\/\/schema.org\/ImageObject\"  ><div class='avia-image-container-inner'><div class='avia-image-overlay-wrap'><img class='wp-image-2622 avia-img-lazy-loading-not-2622 avia_image' src=\"https:\/\/nevenkomerc.com\/elesa-ganter\/wp-content\/uploads\/2021\/03\/elesa-ganter-logo.png\" alt='' title='elesa-ganter-logo' height=\"53\" width=\"300\"  itemprop=\"thumbnailUrl\"  \/><\/div><\/div><\/div><br \/>\n<div   class='hr hr-default   avia-builder-el-4  el_after_av_image  el_before_av_textblock '><span class='hr-inner ' ><span class='hr-inner-style'><\/span><\/span><\/div><br \/>\n<section class=\"av_textblock_section \"  itemscope=\"itemscope\" itemtype=\"https:\/\/schema.org\/CreativeWork\" ><div class='avia_textblock  '   itemprop=\"text\" ><p><span style=\"color: red;\">ELESA+GANTER<\/span> is a global sales investment made between Elesa S.p.A. (Italy) and Otto Ganter GmbH &#038; Co. KG (Germany). After more than 20 years of successful cooperation, in 1995 the two companies began to form a combined product range and a joint sales network using the <span style=\"color: red;\">ELESA+GANTER<\/span> trademark.<\/p>\n<p>The combination of knowledge in the field of design and technical plastics of the company ELESA and expertise and precision of the company GANTER in the production of metal parts are the features of the unique range of companies <span style=\"color: red;\">ELESA+GANTER<\/span>.<\/p>\n<p><strong>Neven-komerc d.o.o.<\/strong> offers a wide range of standard machine elements for the machine industry by producer <span style=\"color: red;\">ELESA+GANTER<\/span>. The complete range of products is available at <a href=\"https:\/\/www.elesa-ganter.com\/en\/www\" target=\"_blank\" rel=\"noopener noreferrer\">https:\/\/www.elesa-ganter.com\/en\/www<\/a>.<\/p>\n<\/div><\/section><\/p><\/div>\n","protected":false},"excerpt":{"rendered":"","protected":false},"author":2,"featured_media":0,"parent":2415,"menu_order":0,"comment_status":"closed","ping_status":"closed","template":"","meta":[],"yoast_head":"<!-- This site is optimized with the Yoast SEO plugin v15.1.1 - https:\/\/yoast.com\/wordpress\/plugins\/seo\/ -->\n<title>Elesa+Ganter - Elesa Ganter Srbija - Neven komerc<\/title>\n<meta name=\"description\" content=\"\u201eNeven-komerc\u201c d.o.o. ima zastupni\u0161tvo za ELESA+GANTER, svetsku kompaniju koja nudi \u0161irok asortiman standardnih ma\u0161inskih elemenata za ma\u0161insku industriju.\" \/>\n<meta name=\"robots\" content=\"index, follow, max-snippet:-1, max-image-preview:large, max-video-preview:-1\" \/>\n<link rel=\"canonical\" href=\"https:\/\/nevenkomerc.com\/elesa-ganter\/en\/proizvodi\/elesa-ganter\/\" \/>\n<meta property=\"og:locale\" content=\"en_US\" \/>\n<meta property=\"og:type\" content=\"article\" \/>\n<meta property=\"og:title\" content=\"Elesa+Ganter - Elesa Ganter Srbija - Neven komerc\" \/>\n<meta property=\"og:description\" content=\"\u201eNeven-komerc\u201c d.o.o. ima zastupni\u0161tvo za ELESA+GANTER, svetsku kompaniju koja nudi \u0161irok asortiman standardnih ma\u0161inskih elemenata za ma\u0161insku industriju.\" \/>\n<meta property=\"og:url\" content=\"https:\/\/nevenkomerc.com\/elesa-ganter\/en\/proizvodi\/elesa-ganter\/\" \/>\n<meta property=\"og:site_name\" content=\"Elesa Ganter Srbija - Neven komerc\" \/>\n<meta property=\"article:modified_time\" content=\"2021-03-24T20:25:55+00:00\" \/>\n<meta name=\"twitter:card\" content=\"summary_large_image\" \/>\n<script type=\"application\/ld+json\" class=\"yoast-schema-graph\">{\"@context\":\"https:\/\/schema.org\",\"@graph\":[{\"@type\":\"WebSite\",\"@id\":\"https:\/\/nevenkomerc.com\/elesa-ganter\/en\/#website\",\"url\":\"https:\/\/nevenkomerc.com\/elesa-ganter\/en\/\",\"name\":\"Elesa Ganter Srbija - Neven komerc\",\"description\":\"\\u201eNeven-komerc\\u201c d.o.o. ima zastupni\\u0161tvo za ELESA+GANTER, svetsku kompaniju koja nudi \\u0161irok asortiman standardnih ma\\u0161inskih elemenata za ma\\u0161insku industriju.\",\"potentialAction\":[{\"@type\":\"SearchAction\",\"target\":\"https:\/\/nevenkomerc.com\/elesa-ganter\/en\/?s={search_term_string}\",\"query-input\":\"required name=search_term_string\"}],\"inLanguage\":\"en-US\"},{\"@type\":\"WebPage\",\"@id\":\"https:\/\/nevenkomerc.com\/elesa-ganter\/en\/proizvodi\/elesa-ganter\/#webpage\",\"url\":\"https:\/\/nevenkomerc.com\/elesa-ganter\/en\/proizvodi\/elesa-ganter\/\",\"name\":\"Elesa+Ganter - Elesa Ganter Srbija - Neven komerc\",\"isPartOf\":{\"@id\":\"https:\/\/nevenkomerc.com\/elesa-ganter\/en\/#website\"},\"datePublished\":\"2020-10-13T10:35:10+00:00\",\"dateModified\":\"2021-03-24T20:25:55+00:00\",\"description\":\"\\u201eNeven-komerc\\u201c d.o.o. ima zastupni\\u0161tvo za ELESA+GANTER, svetsku kompaniju koja nudi \\u0161irok asortiman standardnih ma\\u0161inskih elemenata za ma\\u0161insku industriju.\",\"inLanguage\":\"en-US\",\"potentialAction\":[{\"@type\":\"ReadAction\",\"target\":[\"https:\/\/nevenkomerc.com\/elesa-ganter\/en\/proizvodi\/elesa-ganter\/\"]}]}]}<\/script>\n<!-- \/ Yoast SEO plugin. -->","_links":{"self":[{"href":"https:\/\/nevenkomerc.com\/elesa-ganter\/en\/wp-json\/wp\/v2\/pages\/2417\/"}],"collection":[{"href":"https:\/\/nevenkomerc.com\/elesa-ganter\/en\/wp-json\/wp\/v2\/pages\/"}],"about":[{"href":"https:\/\/nevenkomerc.com\/elesa-ganter\/en\/wp-json\/wp\/v2\/types\/page\/"}],"author":[{"embeddable":true,"href":"https:\/\/nevenkomerc.com\/elesa-ganter\/en\/wp-json\/wp\/v2\/users\/2\/"}],"replies":[{"embeddable":true,"href":"https:\/\/nevenkomerc.com\/elesa-ganter\/en\/wp-json\/wp\/v2\/comments\/?post=2417"}],"version-history":[{"count":8,"href":"https:\/\/nevenkomerc.com\/elesa-ganter\/en\/wp-json\/wp\/v2\/pages\/2417\/revisions\/"}],"predecessor-version":[{"id":2679,"href":"https:\/\/nevenkomerc.com\/elesa-ganter\/en\/wp-json\/wp\/v2\/pages\/2417\/revisions\/2679\/"}],"up":[{"embeddable":true,"href":"https:\/\/nevenkomerc.com\/elesa-ganter\/en\/wp-json\/wp\/v2\/pages\/2415\/"}],"wp:attachment":[{"href":"https:\/\/nevenkomerc.com\/elesa-ganter\/en\/wp-json\/wp\/v2\/media\/?parent=2417"}],"curies":[{"name":"wp","href":"https:\/\/api.w.org\/{rel}","templated":true}]}}