{"id":2440,"date":"2020-10-16T21:58:49","date_gmt":"2020-10-16T21:58:49","guid":{"rendered":"https:\/\/nevenkomerc.com\/elesa-ganter\/proizvodi\/htz-oprema-i-pribor-za-ciscenje\/"},"modified":"2020-10-31T19:10:59","modified_gmt":"2020-10-31T19:10:59","slug":"htz-oprema-i-pribor-za-ciscenje","status":"publish","type":"page","link":"https:\/\/nevenkomerc.com\/elesa-ganter\/en\/proizvodi\/htz-oprema-i-pribor-za-ciscenje\/","title":{"rendered":"PPE equipment and cleaning accessories"},"content":{"rendered":"<div  style='padding-bottom:10px; ' class='av-special-heading av-special-heading-h2    avia-builder-el-0  el_before_av_tab_container  avia-builder-el-first  '><h2 class='av-special-heading-tag '  itemprop=\"headline\"  >PPE equipment and cleaning accessories<\/h2><div class='special-heading-border'><div class='special-heading-inner-border' ><\/div><\/div><\/div>\n<div  class=\"tabcontainer   top_tab   avia-builder-el-1  el_after_av_heading  avia-builder-el-last \" role=\"tablist\">\n\n<section class=\"av_tab_section\"  itemscope=\"itemscope\" itemtype=\"https:\/\/schema.org\/CreativeWork\" ><div aria-controls=\"tab-id-1\" role=\"tab\" tabindex=\"0\" data-fake-id=\"#tab-id-1\" class=\"tab active_tab\"  itemprop=\"headline\" >PPE footwear<\/div>\n<div id=\"tab-id-1\" class=\"tab_content active_tab_content\" aria-hidden=\"false\">\n<div class=\"tab_inner_content invers-color\"  itemprop=\"text\" >\n<p style=\"text-align: center;\"><img loading=\"lazy\" class=\"alignnone wp-image-1564\" src=\"https:\/\/nevenkomerc.com\/elesa-ganter\/wp-content\/uploads\/2020\/10\/htzobuca1-300x164.jpg\" alt=\"\" width=\"260\" height=\"142\" srcset=\"https:\/\/nevenkomerc.com\/elesa-ganter\/wp-content\/uploads\/2020\/10\/htzobuca1-300x164.jpg 300w, https:\/\/nevenkomerc.com\/elesa-ganter\/wp-content\/uploads\/2020\/10\/htzobuca1.jpg 477w\" sizes=\"(max-width: 260px) 100vw, 260px\" \/> \u00a0 <img loading=\"lazy\" class=\"alignnone wp-image-1562\" src=\"https:\/\/nevenkomerc.com\/elesa-ganter\/wp-content\/uploads\/2020\/10\/htzobuca2-300x175.jpg\" alt=\"\" width=\"243\" height=\"142\" srcset=\"https:\/\/nevenkomerc.com\/elesa-ganter\/wp-content\/uploads\/2020\/10\/htzobuca2-300x175.jpg 300w, https:\/\/nevenkomerc.com\/elesa-ganter\/wp-content\/uploads\/2020\/10\/htzobuca2.jpg 480w\" sizes=\"(max-width: 243px) 100vw, 243px\" \/> \u00a0 <img loading=\"lazy\" class=\"alignnone wp-image-1560\" src=\"https:\/\/nevenkomerc.com\/elesa-ganter\/wp-content\/uploads\/2020\/10\/htzobuca3-300x300.jpg\" alt=\"\" width=\"190\" height=\"190\" srcset=\"https:\/\/nevenkomerc.com\/elesa-ganter\/wp-content\/uploads\/2020\/10\/htzobuca3-300x300.jpg 300w, https:\/\/nevenkomerc.com\/elesa-ganter\/wp-content\/uploads\/2020\/10\/htzobuca3-80x80.jpg 80w, https:\/\/nevenkomerc.com\/elesa-ganter\/wp-content\/uploads\/2020\/10\/htzobuca3-36x36.jpg 36w, https:\/\/nevenkomerc.com\/elesa-ganter\/wp-content\/uploads\/2020\/10\/htzobuca3-180x180.jpg 180w, https:\/\/nevenkomerc.com\/elesa-ganter\/wp-content\/uploads\/2020\/10\/htzobuca3.jpg 600w\" sizes=\"(max-width: 190px) 100vw, 190px\" \/><\/p>\n<p>In the sales range <strong>&#8220;Neven-komerc&#8221; d.o.o.<\/strong> you can find a large selection of different models of PPE work shoes, boots, sandals, clogs from the following manufacturers <strong>GIASCO<\/strong>, <strong>PANDA<\/strong>, <strong>ALBO<\/strong>, <strong>LACUNA<\/strong>, <strong>WURTH<\/strong>.<\/p>\n<p style=\"text-align: center;\"><img loading=\"lazy\" class=\"alignnone size-medium wp-image-1766\" src=\"https:\/\/nevenkomerc.com\/elesa-ganter\/wp-content\/uploads\/2020\/10\/giascologo-300x132.png\" alt=\"\" width=\"300\" height=\"132\" srcset=\"https:\/\/nevenkomerc.com\/elesa-ganter\/wp-content\/uploads\/2020\/10\/giascologo-300x132.png 300w, https:\/\/nevenkomerc.com\/elesa-ganter\/wp-content\/uploads\/2020\/10\/giascologo.png 436w\" sizes=\"(max-width: 300px) 100vw, 300px\" \/>\u00a0 <img loading=\"lazy\" class=\"alignnone size-medium wp-image-1764\" src=\"https:\/\/nevenkomerc.com\/elesa-ganter\/wp-content\/uploads\/2020\/10\/pandalogo-300x132.png\" alt=\"\" width=\"300\" height=\"132\" srcset=\"https:\/\/nevenkomerc.com\/elesa-ganter\/wp-content\/uploads\/2020\/10\/pandalogo-300x132.png 300w, https:\/\/nevenkomerc.com\/elesa-ganter\/wp-content\/uploads\/2020\/10\/pandalogo.png 436w\" sizes=\"(max-width: 300px) 100vw, 300px\" \/><\/p>\n<p style=\"text-align: center;\"><img loading=\"lazy\" class=\"alignnone size-medium wp-image-1762\" src=\"https:\/\/nevenkomerc.com\/elesa-ganter\/wp-content\/uploads\/2020\/10\/lacunalogo-300x132.png\" alt=\"\" width=\"300\" height=\"132\" srcset=\"https:\/\/nevenkomerc.com\/elesa-ganter\/wp-content\/uploads\/2020\/10\/lacunalogo-300x132.png 300w, https:\/\/nevenkomerc.com\/elesa-ganter\/wp-content\/uploads\/2020\/10\/lacunalogo.png 436w\" sizes=\"(max-width: 300px) 100vw, 300px\" \/>\u00a0 <img loading=\"lazy\" class=\"alignnone size-medium wp-image-1760\" src=\"https:\/\/nevenkomerc.com\/elesa-ganter\/wp-content\/uploads\/2020\/10\/albologo-300x132.png\" alt=\"\" width=\"300\" height=\"132\" srcset=\"https:\/\/nevenkomerc.com\/elesa-ganter\/wp-content\/uploads\/2020\/10\/albologo-300x132.png 300w, https:\/\/nevenkomerc.com\/elesa-ganter\/wp-content\/uploads\/2020\/10\/albologo.png 436w\" sizes=\"(max-width: 300px) 100vw, 300px\" \/><\/p>\n<p><img loading=\"lazy\" class=\"alignnone size-medium wp-image-1788 aligncenter\" src=\"https:\/\/nevenkomerc.com\/elesa-ganter\/wp-content\/uploads\/2020\/10\/wurthlogo-300x132.png\" alt=\"\" width=\"300\" height=\"132\" srcset=\"https:\/\/nevenkomerc.com\/elesa-ganter\/wp-content\/uploads\/2020\/10\/wurthlogo-300x132.png 300w, https:\/\/nevenkomerc.com\/elesa-ganter\/wp-content\/uploads\/2020\/10\/wurthlogo.png 436w\" sizes=\"(max-width: 300px) 100vw, 300px\" \/><\/p>\n\n<\/div>\n<\/div>\n<\/section>\n\n<section class=\"av_tab_section\"  itemscope=\"itemscope\" itemtype=\"https:\/\/schema.org\/CreativeWork\" ><div aria-controls=\"tab-id-2\" role=\"tab\" tabindex=\"0\" data-fake-id=\"#tab-id-2\" class=\"tab \"  itemprop=\"headline\" >Work suits<\/div>\n<div id=\"tab-id-2\" class=\"tab_content \" aria-hidden=\"true\">\n<div class=\"tab_inner_content invers-color\"  itemprop=\"text\" >\n<p style=\"text-align: center;\"><img loading=\"lazy\" class=\"alignnone wp-image-1558\" src=\"https:\/\/nevenkomerc.com\/elesa-ganter\/wp-content\/uploads\/2020\/10\/htzodela1-153x300.jpg\" alt=\"\" width=\"129\" height=\"253\" srcset=\"https:\/\/nevenkomerc.com\/elesa-ganter\/wp-content\/uploads\/2020\/10\/htzodela1-153x300.jpg 153w, https:\/\/nevenkomerc.com\/elesa-ganter\/wp-content\/uploads\/2020\/10\/htzodela1.jpg 303w\" sizes=\"(max-width: 129px) 100vw, 129px\" \/> \u00a0 <img loading=\"lazy\" class=\"alignnone wp-image-1556\" src=\"https:\/\/nevenkomerc.com\/elesa-ganter\/wp-content\/uploads\/2020\/10\/htzodela2.jpg\" alt=\"\" width=\"286\" height=\"263\" \/> \u00a0 <img loading=\"lazy\" class=\"alignnone size-medium wp-image-1554\" src=\"https:\/\/nevenkomerc.com\/elesa-ganter\/wp-content\/uploads\/2020\/10\/htzodela3-300x300.jpg\" alt=\"\" width=\"300\" height=\"300\" srcset=\"https:\/\/nevenkomerc.com\/elesa-ganter\/wp-content\/uploads\/2020\/10\/htzodela3-300x300.jpg 300w, https:\/\/nevenkomerc.com\/elesa-ganter\/wp-content\/uploads\/2020\/10\/htzodela3-80x80.jpg 80w, https:\/\/nevenkomerc.com\/elesa-ganter\/wp-content\/uploads\/2020\/10\/htzodela3-36x36.jpg 36w, https:\/\/nevenkomerc.com\/elesa-ganter\/wp-content\/uploads\/2020\/10\/htzodela3-180x180.jpg 180w, https:\/\/nevenkomerc.com\/elesa-ganter\/wp-content\/uploads\/2020\/10\/htzodela3.jpg 600w\" sizes=\"(max-width: 300px) 100vw, 300px\" \/><\/p>\n<p>Large selection of work suits &#8211; overalls, two-piece suits, blouses and pants <strong>EMERTON<\/strong>, <strong>DAM<\/strong> <strong>93<\/strong>, LACUNA.<\/p>\n<p style=\"text-align: center;\"><img loading=\"lazy\" class=\"alignnone size-medium wp-image-1758\" src=\"https:\/\/nevenkomerc.com\/elesa-ganter\/wp-content\/uploads\/2020\/10\/emertonlogo-300x132.png\" alt=\"\" width=\"300\" height=\"132\" srcset=\"https:\/\/nevenkomerc.com\/elesa-ganter\/wp-content\/uploads\/2020\/10\/emertonlogo-300x132.png 300w, https:\/\/nevenkomerc.com\/elesa-ganter\/wp-content\/uploads\/2020\/10\/emertonlogo.png 436w\" sizes=\"(max-width: 300px) 100vw, 300px\" \/>\u00a0 <img loading=\"lazy\" class=\"alignnone size-medium wp-image-1756\" src=\"https:\/\/nevenkomerc.com\/elesa-ganter\/wp-content\/uploads\/2020\/10\/dam93logo-300x132.png\" alt=\"\" width=\"300\" height=\"132\" srcset=\"https:\/\/nevenkomerc.com\/elesa-ganter\/wp-content\/uploads\/2020\/10\/dam93logo-300x132.png 300w, https:\/\/nevenkomerc.com\/elesa-ganter\/wp-content\/uploads\/2020\/10\/dam93logo.png 436w\" sizes=\"(max-width: 300px) 100vw, 300px\" \/><\/p>\n<p><img loading=\"lazy\" class=\"alignnone size-medium wp-image-1762 aligncenter\" src=\"https:\/\/nevenkomerc.com\/elesa-ganter\/wp-content\/uploads\/2020\/10\/lacunalogo-300x132.png\" alt=\"\" width=\"300\" height=\"132\" srcset=\"https:\/\/nevenkomerc.com\/elesa-ganter\/wp-content\/uploads\/2020\/10\/lacunalogo-300x132.png 300w, https:\/\/nevenkomerc.com\/elesa-ganter\/wp-content\/uploads\/2020\/10\/lacunalogo.png 436w\" sizes=\"(max-width: 300px) 100vw, 300px\" \/><\/p>\n\n<\/div>\n<\/div>\n<\/section>\n\n<section class=\"av_tab_section\"  itemscope=\"itemscope\" itemtype=\"https:\/\/schema.org\/CreativeWork\" ><div aria-controls=\"tab-id-3\" role=\"tab\" tabindex=\"0\" data-fake-id=\"#tab-id-3\" class=\"tab \"  itemprop=\"headline\" >Rain suits and raincoats<\/div>\n<div id=\"tab-id-3\" class=\"tab_content \" aria-hidden=\"true\">\n<div class=\"tab_inner_content invers-color\"  itemprop=\"text\" >\n<p><img loading=\"lazy\" class=\"alignnone size-medium wp-image-1550 aligncenter\" src=\"https:\/\/nevenkomerc.com\/elesa-ganter\/wp-content\/uploads\/2020\/10\/kisnaodela2-300x300.jpg\" alt=\"\" width=\"300\" height=\"300\" srcset=\"https:\/\/nevenkomerc.com\/elesa-ganter\/wp-content\/uploads\/2020\/10\/kisnaodela2-300x300.jpg 300w, https:\/\/nevenkomerc.com\/elesa-ganter\/wp-content\/uploads\/2020\/10\/kisnaodela2-80x80.jpg 80w, https:\/\/nevenkomerc.com\/elesa-ganter\/wp-content\/uploads\/2020\/10\/kisnaodela2-36x36.jpg 36w, https:\/\/nevenkomerc.com\/elesa-ganter\/wp-content\/uploads\/2020\/10\/kisnaodela2-180x180.jpg 180w, https:\/\/nevenkomerc.com\/elesa-ganter\/wp-content\/uploads\/2020\/10\/kisnaodela2.jpg 480w\" sizes=\"(max-width: 300px) 100vw, 300px\" \/><\/p>\n<p>We offer rain suits and raincoats pvc \/ polyester!<\/p>\n\n<\/div>\n<\/div>\n<\/section>\n\n<section class=\"av_tab_section\"  itemscope=\"itemscope\" itemtype=\"https:\/\/schema.org\/CreativeWork\" ><div aria-controls=\"tab-id-4\" role=\"tab\" tabindex=\"0\" data-fake-id=\"#tab-id-4\" class=\"tab \"  itemprop=\"headline\" >Rukavice<\/div>\n<div id=\"tab-id-4\" class=\"tab_content \" aria-hidden=\"true\">\n<div class=\"tab_inner_content invers-color\"  itemprop=\"text\" >\n<p style=\"text-align: center;\"><img loading=\"lazy\" class=\"alignnone wp-image-1548\" src=\"https:\/\/nevenkomerc.com\/elesa-ganter\/wp-content\/uploads\/2020\/10\/rukavice1-300x198.jpg\" alt=\"\" width=\"259\" height=\"171\" srcset=\"https:\/\/nevenkomerc.com\/elesa-ganter\/wp-content\/uploads\/2020\/10\/rukavice1-300x198.jpg 300w, https:\/\/nevenkomerc.com\/elesa-ganter\/wp-content\/uploads\/2020\/10\/rukavice1-705x466.jpg 705w, https:\/\/nevenkomerc.com\/elesa-ganter\/wp-content\/uploads\/2020\/10\/rukavice1.jpg 766w\" sizes=\"(max-width: 259px) 100vw, 259px\" \/> \u00a0\u00a0 \u00a0 <img loading=\"lazy\" class=\"alignnone wp-image-1544\" src=\"https:\/\/nevenkomerc.com\/elesa-ganter\/wp-content\/uploads\/2020\/10\/rukavice3-300x216.jpg\" alt=\"\" width=\"261\" height=\"188\" srcset=\"https:\/\/nevenkomerc.com\/elesa-ganter\/wp-content\/uploads\/2020\/10\/rukavice3-300x216.jpg 300w, https:\/\/nevenkomerc.com\/elesa-ganter\/wp-content\/uploads\/2020\/10\/rukavice3-768x554.jpg 768w, https:\/\/nevenkomerc.com\/elesa-ganter\/wp-content\/uploads\/2020\/10\/rukavice3-705x508.jpg 705w, https:\/\/nevenkomerc.com\/elesa-ganter\/wp-content\/uploads\/2020\/10\/rukavice3.jpg 1000w\" sizes=\"(max-width: 261px) 100vw, 261px\" \/><\/p>\n<p>Veliki izbor <strong>rukavica<\/strong> \u2013 jednokratnih, gumenih, ko\u017enih i rukavica za posebne namene <strong>ATG, BEOROL, LACUNA WURTH. <\/strong><\/p>\n<p>Rukavice su visoko kvalitetne, dermatolo\u0161ki su ispitane sa patentiranim za\u0161titnim premazom od nitrilne mikropene koji im zna\u010dajno produ\u017euje vek trajanja, smanjuju znojenje i hlade ruke pri radu, uz udobnost omogu\u0107uju spretnost i preciznost pri radu, veliku prozra\u010dnost. Koriste se \u00a0za precizne radove u suvom okru\u017eenju, \u00a0za precizne radove u vla\u017enom i zauljanom okru\u017eenju, za radove u okru\u017eenju gde postoji rizik od posekotina, za radove u okru\u017eenju gde postoji izlo\u017eenost hemikalijama&#8230;.<\/p>\n<p style=\"text-align: center;\"><img loading=\"lazy\" class=\"alignnone size-medium wp-image-1754\" src=\"https:\/\/nevenkomerc.com\/elesa-ganter\/wp-content\/uploads\/2020\/10\/atglogo-300x132.png\" alt=\"\" width=\"300\" height=\"132\" srcset=\"https:\/\/nevenkomerc.com\/elesa-ganter\/wp-content\/uploads\/2020\/10\/atglogo-300x132.png 300w, https:\/\/nevenkomerc.com\/elesa-ganter\/wp-content\/uploads\/2020\/10\/atglogo.png 436w\" sizes=\"(max-width: 300px) 100vw, 300px\" \/>\u00a0 <img loading=\"lazy\" class=\"alignnone size-medium wp-image-1762\" src=\"https:\/\/nevenkomerc.com\/elesa-ganter\/wp-content\/uploads\/2020\/10\/lacunalogo-300x132.png\" alt=\"\" width=\"300\" height=\"132\" srcset=\"https:\/\/nevenkomerc.com\/elesa-ganter\/wp-content\/uploads\/2020\/10\/lacunalogo-300x132.png 300w, https:\/\/nevenkomerc.com\/elesa-ganter\/wp-content\/uploads\/2020\/10\/lacunalogo.png 436w\" sizes=\"(max-width: 300px) 100vw, 300px\" \/><\/p>\n<p style=\"text-align: center;\"><img loading=\"lazy\" class=\"alignnone size-medium wp-image-1806\" src=\"https:\/\/nevenkomerc.com\/elesa-ganter\/wp-content\/uploads\/2020\/10\/beorollogo-300x132.png\" alt=\"\" width=\"300\" height=\"132\" srcset=\"https:\/\/nevenkomerc.com\/elesa-ganter\/wp-content\/uploads\/2020\/10\/beorollogo-300x132.png 300w, https:\/\/nevenkomerc.com\/elesa-ganter\/wp-content\/uploads\/2020\/10\/beorollogo.png 436w\" sizes=\"(max-width: 300px) 100vw, 300px\" \/>\u00a0 <img loading=\"lazy\" class=\"alignnone size-medium wp-image-1788\" src=\"https:\/\/nevenkomerc.com\/elesa-ganter\/wp-content\/uploads\/2020\/10\/wurthlogo-300x132.png\" alt=\"\" width=\"300\" height=\"132\" srcset=\"https:\/\/nevenkomerc.com\/elesa-ganter\/wp-content\/uploads\/2020\/10\/wurthlogo-300x132.png 300w, https:\/\/nevenkomerc.com\/elesa-ganter\/wp-content\/uploads\/2020\/10\/wurthlogo.png 436w\" sizes=\"(max-width: 300px) 100vw, 300px\" \/><\/p>\n\n<\/div>\n<\/div>\n<\/section>\n\n<section class=\"av_tab_section\"  itemscope=\"itemscope\" itemtype=\"https:\/\/schema.org\/CreativeWork\" ><div aria-controls=\"tab-id-5\" role=\"tab\" tabindex=\"0\" data-fake-id=\"#tab-id-5\" class=\"tab \"  itemprop=\"headline\" >Brooms, brushes, rags, coffee<\/div>\n<div id=\"tab-id-5\" class=\"tab_content \" aria-hidden=\"true\">\n<div class=\"tab_inner_content invers-color\"  itemprop=\"text\" >\n<p style=\"text-align: center;\"><img loading=\"lazy\" class=\"alignnone wp-image-1542\" src=\"https:\/\/nevenkomerc.com\/elesa-ganter\/wp-content\/uploads\/2020\/10\/metle1-300x300.jpg\" alt=\"\" width=\"259\" height=\"259\" srcset=\"https:\/\/nevenkomerc.com\/elesa-ganter\/wp-content\/uploads\/2020\/10\/metle1-300x300.jpg 300w, https:\/\/nevenkomerc.com\/elesa-ganter\/wp-content\/uploads\/2020\/10\/metle1-80x80.jpg 80w, https:\/\/nevenkomerc.com\/elesa-ganter\/wp-content\/uploads\/2020\/10\/metle1-36x36.jpg 36w, https:\/\/nevenkomerc.com\/elesa-ganter\/wp-content\/uploads\/2020\/10\/metle1-180x180.jpg 180w, https:\/\/nevenkomerc.com\/elesa-ganter\/wp-content\/uploads\/2020\/10\/metle1.jpg 600w\" sizes=\"(max-width: 259px) 100vw, 259px\" \/> \u00a0\u00a0\u00a0\u00a0 <img loading=\"lazy\" class=\"alignnone wp-image-1540\" src=\"https:\/\/nevenkomerc.com\/elesa-ganter\/wp-content\/uploads\/2020\/10\/metle2-273x300.jpg\" alt=\"\" width=\"244\" height=\"268\" srcset=\"https:\/\/nevenkomerc.com\/elesa-ganter\/wp-content\/uploads\/2020\/10\/metle2-273x300.jpg 273w, https:\/\/nevenkomerc.com\/elesa-ganter\/wp-content\/uploads\/2020\/10\/metle2-936x1030.jpg 936w, https:\/\/nevenkomerc.com\/elesa-ganter\/wp-content\/uploads\/2020\/10\/metle2-768x845.jpg 768w, https:\/\/nevenkomerc.com\/elesa-ganter\/wp-content\/uploads\/2020\/10\/metle2-641x705.jpg 641w, https:\/\/nevenkomerc.com\/elesa-ganter\/wp-content\/uploads\/2020\/10\/metle2.jpg 1200w\" sizes=\"(max-width: 244px) 100vw, 244px\" \/><\/p>\n<p>Large selection of brooms, brushes, cloths and buckets from <strong>ZE\u010cEVI\u0106<\/strong>, <strong>BE\u010cEJ<\/strong> <strong>PROMET<\/strong>, <strong>BEOROL<\/strong>, <strong>WURTH<\/strong>.<\/p>\n<p style=\"text-align: center;\"><img loading=\"lazy\" class=\"alignnone size-medium wp-image-1752\" src=\"https:\/\/nevenkomerc.com\/elesa-ganter\/wp-content\/uploads\/2020\/10\/becejprometlogo-300x132.png\" alt=\"\" width=\"300\" height=\"132\" srcset=\"https:\/\/nevenkomerc.com\/elesa-ganter\/wp-content\/uploads\/2020\/10\/becejprometlogo-300x132.png 300w, https:\/\/nevenkomerc.com\/elesa-ganter\/wp-content\/uploads\/2020\/10\/becejprometlogo.png 436w\" sizes=\"(max-width: 300px) 100vw, 300px\" \/>\u00a0 <img loading=\"lazy\" class=\"alignnone size-medium wp-image-1806\" src=\"https:\/\/nevenkomerc.com\/elesa-ganter\/wp-content\/uploads\/2020\/10\/beorollogo-300x132.png\" alt=\"\" width=\"300\" height=\"132\" srcset=\"https:\/\/nevenkomerc.com\/elesa-ganter\/wp-content\/uploads\/2020\/10\/beorollogo-300x132.png 300w, https:\/\/nevenkomerc.com\/elesa-ganter\/wp-content\/uploads\/2020\/10\/beorollogo.png 436w\" sizes=\"(max-width: 300px) 100vw, 300px\" \/><\/p>\n<p style=\"text-align: center;\"><img loading=\"lazy\" class=\"alignnone size-medium wp-image-1788\" src=\"https:\/\/nevenkomerc.com\/elesa-ganter\/wp-content\/uploads\/2020\/10\/wurthlogo-300x132.png\" alt=\"\" width=\"300\" height=\"132\" srcset=\"https:\/\/nevenkomerc.com\/elesa-ganter\/wp-content\/uploads\/2020\/10\/wurthlogo-300x132.png 300w, https:\/\/nevenkomerc.com\/elesa-ganter\/wp-content\/uploads\/2020\/10\/wurthlogo.png 436w\" sizes=\"(max-width: 300px) 100vw, 300px\" \/>\u00a0 <img loading=\"lazy\" class=\"alignnone size-medium wp-image-1750\" src=\"https:\/\/nevenkomerc.com\/elesa-ganter\/wp-content\/uploads\/2020\/10\/zeceviclogo-300x132.png\" alt=\"\" width=\"300\" height=\"132\" srcset=\"https:\/\/nevenkomerc.com\/elesa-ganter\/wp-content\/uploads\/2020\/10\/zeceviclogo-300x132.png 300w, https:\/\/nevenkomerc.com\/elesa-ganter\/wp-content\/uploads\/2020\/10\/zeceviclogo.png 436w\" sizes=\"(max-width: 300px) 100vw, 300px\" \/><\/p>\n\n<\/div>\n<\/div>\n<\/section>\n\n<\/div>\n\n","protected":false},"excerpt":{"rendered":"","protected":false},"author":2,"featured_media":0,"parent":2415,"menu_order":6,"comment_status":"closed","ping_status":"closed","template":"","meta":[],"yoast_head":"<!-- This site is optimized with the Yoast SEO plugin v15.1.1 - https:\/\/yoast.com\/wordpress\/plugins\/seo\/ -->\n<title>PPE equipment and cleaning accessories - Elesa Ganter Srbija - Neven komerc<\/title>\n<meta name=\"robots\" content=\"index, follow, max-snippet:-1, max-image-preview:large, max-video-preview:-1\" \/>\n<link rel=\"canonical\" href=\"https:\/\/nevenkomerc.com\/elesa-ganter\/en\/proizvodi\/htz-oprema-i-pribor-za-ciscenje\/\" \/>\n<meta property=\"og:locale\" content=\"en_US\" \/>\n<meta property=\"og:type\" content=\"article\" \/>\n<meta property=\"og:title\" content=\"PPE equipment and cleaning accessories - Elesa Ganter Srbija - Neven komerc\" \/>\n<meta property=\"og:url\" content=\"https:\/\/nevenkomerc.com\/elesa-ganter\/en\/proizvodi\/htz-oprema-i-pribor-za-ciscenje\/\" \/>\n<meta property=\"og:site_name\" content=\"Elesa Ganter Srbija - Neven komerc\" \/>\n<meta property=\"article:modified_time\" content=\"2020-10-31T19:10:59+00:00\" \/>\n<meta property=\"og:image\" content=\"https:\/\/nevenkomerc.com\/elesa-ganter\/wp-content\/uploads\/2020\/10\/htzobuca1-300x164.jpg\" \/>\n<meta name=\"twitter:card\" content=\"summary_large_image\" \/>\n<script type=\"application\/ld+json\" class=\"yoast-schema-graph\">{\"@context\":\"https:\/\/schema.org\",\"@graph\":[{\"@type\":\"WebSite\",\"@id\":\"https:\/\/nevenkomerc.com\/elesa-ganter\/en\/#website\",\"url\":\"https:\/\/nevenkomerc.com\/elesa-ganter\/en\/\",\"name\":\"Elesa Ganter Srbija - Neven komerc\",\"description\":\"\\u201eNeven-komerc\\u201c d.o.o. ima zastupni\\u0161tvo za ELESA+GANTER, svetsku kompaniju koja nudi \\u0161irok asortiman standardnih ma\\u0161inskih elemenata za ma\\u0161insku industriju.\",\"potentialAction\":[{\"@type\":\"SearchAction\",\"target\":\"https:\/\/nevenkomerc.com\/elesa-ganter\/en\/?s={search_term_string}\",\"query-input\":\"required name=search_term_string\"}],\"inLanguage\":\"en-US\"},{\"@type\":\"ImageObject\",\"@id\":\"https:\/\/nevenkomerc.com\/elesa-ganter\/en\/proizvodi\/htz-oprema-i-pribor-za-ciscenje\/#primaryimage\",\"inLanguage\":\"en-US\",\"url\":\"https:\/\/nevenkomerc.com\/elesa-ganter\/wp-content\/uploads\/2020\/10\/htzobuca1.jpg\",\"width\":477,\"height\":260},{\"@type\":\"WebPage\",\"@id\":\"https:\/\/nevenkomerc.com\/elesa-ganter\/en\/proizvodi\/htz-oprema-i-pribor-za-ciscenje\/#webpage\",\"url\":\"https:\/\/nevenkomerc.com\/elesa-ganter\/en\/proizvodi\/htz-oprema-i-pribor-za-ciscenje\/\",\"name\":\"PPE equipment and cleaning accessories - Elesa Ganter Srbija - Neven komerc\",\"isPartOf\":{\"@id\":\"https:\/\/nevenkomerc.com\/elesa-ganter\/en\/#website\"},\"primaryImageOfPage\":{\"@id\":\"https:\/\/nevenkomerc.com\/elesa-ganter\/en\/proizvodi\/htz-oprema-i-pribor-za-ciscenje\/#primaryimage\"},\"datePublished\":\"2020-10-16T21:58:49+00:00\",\"dateModified\":\"2020-10-31T19:10:59+00:00\",\"inLanguage\":\"en-US\",\"potentialAction\":[{\"@type\":\"ReadAction\",\"target\":[\"https:\/\/nevenkomerc.com\/elesa-ganter\/en\/proizvodi\/htz-oprema-i-pribor-za-ciscenje\/\"]}]}]}<\/script>\n<!-- \/ Yoast SEO plugin. -->","_links":{"self":[{"href":"https:\/\/nevenkomerc.com\/elesa-ganter\/en\/wp-json\/wp\/v2\/pages\/2440\/"}],"collection":[{"href":"https:\/\/nevenkomerc.com\/elesa-ganter\/en\/wp-json\/wp\/v2\/pages\/"}],"about":[{"href":"https:\/\/nevenkomerc.com\/elesa-ganter\/en\/wp-json\/wp\/v2\/types\/page\/"}],"author":[{"embeddable":true,"href":"https:\/\/nevenkomerc.com\/elesa-ganter\/en\/wp-json\/wp\/v2\/users\/2\/"}],"replies":[{"embeddable":true,"href":"https:\/\/nevenkomerc.com\/elesa-ganter\/en\/wp-json\/wp\/v2\/comments\/?post=2440"}],"version-history":[{"count":2,"href":"https:\/\/nevenkomerc.com\/elesa-ganter\/en\/wp-json\/wp\/v2\/pages\/2440\/revisions\/"}],"predecessor-version":[{"id":2562,"href":"https:\/\/nevenkomerc.com\/elesa-ganter\/en\/wp-json\/wp\/v2\/pages\/2440\/revisions\/2562\/"}],"up":[{"embeddable":true,"href":"https:\/\/nevenkomerc.com\/elesa-ganter\/en\/wp-json\/wp\/v2\/pages\/2415\/"}],"wp:attachment":[{"href":"https:\/\/nevenkomerc.com\/elesa-ganter\/en\/wp-json\/wp\/v2\/media\/?parent=2440"}],"curies":[{"name":"wp","href":"https:\/\/api.w.org\/{rel}","templated":true}]}}