{"id":1213,"date":"2020-10-16T21:55:45","date_gmt":"2020-10-16T21:55:45","guid":{"rendered":"https:\/\/nevenkomerc.com\/elesa-ganter\/?page_id=1213"},"modified":"2020-10-23T12:28:48","modified_gmt":"2020-10-23T12:28:48","slug":"okovi-2","status":"publish","type":"page","link":"https:\/\/nevenkomerc.com\/elesa-ganter\/proizvodi\/okovi-2\/","title":{"rendered":"Okovi"},"content":{"rendered":"<div  style='padding-bottom:10px; ' class='av-special-heading av-special-heading-h2    avia-builder-el-0  el_before_av_tab_container  avia-builder-el-first  '><h2 class='av-special-heading-tag '  itemprop=\"headline\"  >Okovi<\/h2><div class='special-heading-border'><div class='special-heading-inner-border' ><\/div><\/div><\/div>\n<div  class=\"tabcontainer   top_tab   avia-builder-el-1  el_after_av_heading  avia-builder-el-last \" role=\"tablist\">\n\n<section class=\"av_tab_section\"  itemscope=\"itemscope\" itemtype=\"https:\/\/schema.org\/CreativeWork\" ><div aria-controls=\"tab-id-1\" role=\"tab\" tabindex=\"0\" data-fake-id=\"#tab-id-1\" class=\"tab active_tab\"  itemprop=\"headline\" >Brave i kvake<\/div>\n<div id=\"tab-id-1\" class=\"tab_content active_tab_content\" aria-hidden=\"false\">\n<div class=\"tab_inner_content invers-color\"  itemprop=\"text\" >\n<p style=\"text-align: center;\"><img loading=\"lazy\" class=\"alignnone wp-image-1598\" src=\"https:\/\/nevenkomerc.com\/elesa-ganter\/wp-content\/uploads\/2020\/10\/brave1.jpg\" alt=\"\" width=\"255\" height=\"208\" \/> \u00a0 \u00a0 \u00a0 \u00a0 \u00a0 <img loading=\"lazy\" class=\"alignnone wp-image-1594\" src=\"https:\/\/nevenkomerc.com\/elesa-ganter\/wp-content\/uploads\/2020\/10\/brave3-255x300.jpg\" alt=\"\" width=\"203\" height=\"239\" srcset=\"https:\/\/nevenkomerc.com\/elesa-ganter\/wp-content\/uploads\/2020\/10\/brave3-255x300.jpg 255w, https:\/\/nevenkomerc.com\/elesa-ganter\/wp-content\/uploads\/2020\/10\/brave3.jpg 370w\" sizes=\"(max-width: 203px) 100vw, 203px\" \/><\/p>\n<p>U prodajnom asortimanu <strong>\u201eNeven-komerc\u201c d.o.o.<\/strong> mo\u017eete prona\u0107i veliki izbor razli\u010ditih modela <strong>brava <\/strong>za drvena i metalna vrata (univerzalna leva\/desna strana)<strong> i kvaka<\/strong> slede\u0107ih proizvo\u0111a\u010da: <strong>BANE, DABEL, ELZET,DOM TITAN.<\/strong><\/p>\n<p style=\"text-align: center;\"><img loading=\"lazy\" class=\"alignnone size-medium wp-image-1778\" src=\"https:\/\/nevenkomerc.com\/elesa-ganter\/wp-content\/uploads\/2020\/10\/dabellogo-300x132.png\" alt=\"\" width=\"300\" height=\"132\" srcset=\"https:\/\/nevenkomerc.com\/elesa-ganter\/wp-content\/uploads\/2020\/10\/dabellogo-300x132.png 300w, https:\/\/nevenkomerc.com\/elesa-ganter\/wp-content\/uploads\/2020\/10\/dabellogo.png 436w\" sizes=\"(max-width: 300px) 100vw, 300px\" \/>\u00a0 <img loading=\"lazy\" class=\"alignnone size-medium wp-image-1776\" src=\"https:\/\/nevenkomerc.com\/elesa-ganter\/wp-content\/uploads\/2020\/10\/elzettlogo-300x132.png\" alt=\"\" width=\"300\" height=\"132\" srcset=\"https:\/\/nevenkomerc.com\/elesa-ganter\/wp-content\/uploads\/2020\/10\/elzettlogo-300x132.png 300w, https:\/\/nevenkomerc.com\/elesa-ganter\/wp-content\/uploads\/2020\/10\/elzettlogo.png 436w\" sizes=\"(max-width: 300px) 100vw, 300px\" \/><\/p>\n<p><img loading=\"lazy\" class=\"alignnone size-medium wp-image-1774 aligncenter\" src=\"https:\/\/nevenkomerc.com\/elesa-ganter\/wp-content\/uploads\/2020\/10\/domlogo-300x132.png\" alt=\"\" width=\"300\" height=\"132\" srcset=\"https:\/\/nevenkomerc.com\/elesa-ganter\/wp-content\/uploads\/2020\/10\/domlogo-300x132.png 300w, https:\/\/nevenkomerc.com\/elesa-ganter\/wp-content\/uploads\/2020\/10\/domlogo.png 436w\" sizes=\"(max-width: 300px) 100vw, 300px\" \/><\/p>\n\n<\/div>\n<\/div>\n<\/section>\n\n<section class=\"av_tab_section\"  itemscope=\"itemscope\" itemtype=\"https:\/\/schema.org\/CreativeWork\" ><div aria-controls=\"tab-id-2\" role=\"tab\" tabindex=\"0\" data-fake-id=\"#tab-id-2\" class=\"tab \"  itemprop=\"headline\" >Katanci i cilindri<\/div>\n<div id=\"tab-id-2\" class=\"tab_content \" aria-hidden=\"true\">\n<div class=\"tab_inner_content invers-color\"  itemprop=\"text\" >\n<p style=\"text-align: center;\"><img loading=\"lazy\" class=\"alignnone wp-image-1592\" src=\"https:\/\/nevenkomerc.com\/elesa-ganter\/wp-content\/uploads\/2020\/10\/katanci1-300x154.jpg\" alt=\"\" width=\"241\" height=\"124\" srcset=\"https:\/\/nevenkomerc.com\/elesa-ganter\/wp-content\/uploads\/2020\/10\/katanci1-300x154.jpg 300w, https:\/\/nevenkomerc.com\/elesa-ganter\/wp-content\/uploads\/2020\/10\/katanci1-705x362.jpg 705w, https:\/\/nevenkomerc.com\/elesa-ganter\/wp-content\/uploads\/2020\/10\/katanci1.jpg 746w\" sizes=\"(max-width: 241px) 100vw, 241px\" \/> \u00a0 <img loading=\"lazy\" class=\"alignnone wp-image-1590\" src=\"https:\/\/nevenkomerc.com\/elesa-ganter\/wp-content\/uploads\/2020\/10\/katanci2-300x300.jpg\" alt=\"\" width=\"187\" height=\"187\" srcset=\"https:\/\/nevenkomerc.com\/elesa-ganter\/wp-content\/uploads\/2020\/10\/katanci2-300x300.jpg 300w, https:\/\/nevenkomerc.com\/elesa-ganter\/wp-content\/uploads\/2020\/10\/katanci2-80x80.jpg 80w, https:\/\/nevenkomerc.com\/elesa-ganter\/wp-content\/uploads\/2020\/10\/katanci2-36x36.jpg 36w, https:\/\/nevenkomerc.com\/elesa-ganter\/wp-content\/uploads\/2020\/10\/katanci2-180x180.jpg 180w, https:\/\/nevenkomerc.com\/elesa-ganter\/wp-content\/uploads\/2020\/10\/katanci2.jpg 330w\" sizes=\"(max-width: 187px) 100vw, 187px\" \/><\/p>\n<p>Veliki izbor razli\u010ditih modela <strong>katanaca i cilindara <\/strong>slede\u0107ih proizvo\u0111a\u010da:\u00a0 <strong>BANE, DABEL, ELZET.<\/strong><\/p>\n<p style=\"text-align: center;\"><img loading=\"lazy\" class=\"alignnone size-medium wp-image-1780\" src=\"https:\/\/nevenkomerc.com\/elesa-ganter\/wp-content\/uploads\/2020\/10\/banelogo-300x132.png\" alt=\"\" width=\"300\" height=\"132\" srcset=\"https:\/\/nevenkomerc.com\/elesa-ganter\/wp-content\/uploads\/2020\/10\/banelogo-300x132.png 300w, https:\/\/nevenkomerc.com\/elesa-ganter\/wp-content\/uploads\/2020\/10\/banelogo.png 436w\" sizes=\"(max-width: 300px) 100vw, 300px\" \/>\u00a0 <img loading=\"lazy\" class=\"alignnone size-medium wp-image-1778\" src=\"https:\/\/nevenkomerc.com\/elesa-ganter\/wp-content\/uploads\/2020\/10\/dabellogo-300x132.png\" alt=\"\" width=\"300\" height=\"132\" srcset=\"https:\/\/nevenkomerc.com\/elesa-ganter\/wp-content\/uploads\/2020\/10\/dabellogo-300x132.png 300w, https:\/\/nevenkomerc.com\/elesa-ganter\/wp-content\/uploads\/2020\/10\/dabellogo.png 436w\" sizes=\"(max-width: 300px) 100vw, 300px\" \/><\/p>\n<p><img loading=\"lazy\" class=\"alignnone size-medium wp-image-1776 aligncenter\" src=\"https:\/\/nevenkomerc.com\/elesa-ganter\/wp-content\/uploads\/2020\/10\/elzettlogo-300x132.png\" alt=\"\" width=\"300\" height=\"132\" srcset=\"https:\/\/nevenkomerc.com\/elesa-ganter\/wp-content\/uploads\/2020\/10\/elzettlogo-300x132.png 300w, https:\/\/nevenkomerc.com\/elesa-ganter\/wp-content\/uploads\/2020\/10\/elzettlogo.png 436w\" sizes=\"(max-width: 300px) 100vw, 300px\" \/><\/p>\n\n<\/div>\n<\/div>\n<\/section>\n\n<section class=\"av_tab_section\"  itemscope=\"itemscope\" itemtype=\"https:\/\/schema.org\/CreativeWork\" ><div aria-controls=\"tab-id-3\" role=\"tab\" tabindex=\"0\" data-fake-id=\"#tab-id-3\" class=\"tab \"  itemprop=\"headline\" >Vinkle, ugaonici, nosa\u010di<\/div>\n<div id=\"tab-id-3\" class=\"tab_content \" aria-hidden=\"true\">\n<div class=\"tab_inner_content invers-color\"  itemprop=\"text\" >\n<p style=\"text-align: center;\"><img loading=\"lazy\" class=\"alignnone size-medium wp-image-1586\" src=\"https:\/\/nevenkomerc.com\/elesa-ganter\/wp-content\/uploads\/2020\/10\/ugaonici1-300x188.png\" alt=\"\" width=\"300\" height=\"188\" srcset=\"https:\/\/nevenkomerc.com\/elesa-ganter\/wp-content\/uploads\/2020\/10\/ugaonici1-300x188.png 300w, https:\/\/nevenkomerc.com\/elesa-ganter\/wp-content\/uploads\/2020\/10\/ugaonici1.png 650w\" sizes=\"(max-width: 300px) 100vw, 300px\" \/> \u00a0 \u00a0 \u00a0 \u00a0 <img loading=\"lazy\" class=\"alignnone wp-image-1584\" src=\"https:\/\/nevenkomerc.com\/elesa-ganter\/wp-content\/uploads\/2020\/10\/ugaonici2-300x300.jpg\" alt=\"\" width=\"188\" height=\"188\" srcset=\"https:\/\/nevenkomerc.com\/elesa-ganter\/wp-content\/uploads\/2020\/10\/ugaonici2-300x300.jpg 300w, https:\/\/nevenkomerc.com\/elesa-ganter\/wp-content\/uploads\/2020\/10\/ugaonici2-80x80.jpg 80w, https:\/\/nevenkomerc.com\/elesa-ganter\/wp-content\/uploads\/2020\/10\/ugaonici2-36x36.jpg 36w, https:\/\/nevenkomerc.com\/elesa-ganter\/wp-content\/uploads\/2020\/10\/ugaonici2-180x180.jpg 180w, https:\/\/nevenkomerc.com\/elesa-ganter\/wp-content\/uploads\/2020\/10\/ugaonici2.jpg 417w\" sizes=\"(max-width: 188px) 100vw, 188px\" \/><\/p>\n<p>U prodajnom asortimanu <strong>\u201eNeven-komerc\u201c d.o.o.<\/strong> mo\u017eete prona\u0107i veliki izbor razli\u010ditih modela <strong>vinkli, ugaonika i nosa\u010da <\/strong>slede\u0107ih proizvo\u0111a\u010da: <strong>DABEL i DOMAX DMX.<\/strong><\/p>\n<p style=\"text-align: center;\"><img loading=\"lazy\" class=\"alignnone size-medium wp-image-1778\" src=\"https:\/\/nevenkomerc.com\/elesa-ganter\/wp-content\/uploads\/2020\/10\/dabellogo-300x132.png\" alt=\"\" width=\"300\" height=\"132\" srcset=\"https:\/\/nevenkomerc.com\/elesa-ganter\/wp-content\/uploads\/2020\/10\/dabellogo-300x132.png 300w, https:\/\/nevenkomerc.com\/elesa-ganter\/wp-content\/uploads\/2020\/10\/dabellogo.png 436w\" sizes=\"(max-width: 300px) 100vw, 300px\" \/>\u00a0 <img loading=\"lazy\" class=\"alignnone size-medium wp-image-1772\" src=\"https:\/\/nevenkomerc.com\/elesa-ganter\/wp-content\/uploads\/2020\/10\/dmxlogo-300x132.png\" alt=\"\" width=\"300\" height=\"132\" srcset=\"https:\/\/nevenkomerc.com\/elesa-ganter\/wp-content\/uploads\/2020\/10\/dmxlogo-300x132.png 300w, https:\/\/nevenkomerc.com\/elesa-ganter\/wp-content\/uploads\/2020\/10\/dmxlogo.png 436w\" sizes=\"(max-width: 300px) 100vw, 300px\" \/><\/p>\n\n<\/div>\n<\/div>\n<\/section>\n\n<section class=\"av_tab_section\"  itemscope=\"itemscope\" itemtype=\"https:\/\/schema.org\/CreativeWork\" ><div aria-controls=\"tab-id-4\" role=\"tab\" tabindex=\"0\" data-fake-id=\"#tab-id-4\" class=\"tab \"  itemprop=\"headline\" >Automati za vrata<\/div>\n<div id=\"tab-id-4\" class=\"tab_content \" aria-hidden=\"true\">\n<div class=\"tab_inner_content invers-color\"  itemprop=\"text\" >\n<p style=\"text-align: center;\"><img loading=\"lazy\" class=\"alignnone wp-image-1582\" src=\"https:\/\/nevenkomerc.com\/elesa-ganter\/wp-content\/uploads\/2020\/10\/automatizavrata1.jpg\" alt=\"\" width=\"248\" height=\"186\" \/> \u00a0 <img loading=\"lazy\" class=\"alignnone wp-image-1580\" src=\"https:\/\/nevenkomerc.com\/elesa-ganter\/wp-content\/uploads\/2020\/10\/automatizavrata2-300x300.jpg\" alt=\"\" width=\"212\" height=\"212\" srcset=\"https:\/\/nevenkomerc.com\/elesa-ganter\/wp-content\/uploads\/2020\/10\/automatizavrata2-300x300.jpg 300w, https:\/\/nevenkomerc.com\/elesa-ganter\/wp-content\/uploads\/2020\/10\/automatizavrata2-80x80.jpg 80w, https:\/\/nevenkomerc.com\/elesa-ganter\/wp-content\/uploads\/2020\/10\/automatizavrata2-36x36.jpg 36w, https:\/\/nevenkomerc.com\/elesa-ganter\/wp-content\/uploads\/2020\/10\/automatizavrata2-180x180.jpg 180w, https:\/\/nevenkomerc.com\/elesa-ganter\/wp-content\/uploads\/2020\/10\/automatizavrata2.jpg 500w\" sizes=\"(max-width: 212px) 100vw, 212px\" \/> \u00a0 <img loading=\"lazy\" class=\"alignnone wp-image-1578\" src=\"https:\/\/nevenkomerc.com\/elesa-ganter\/wp-content\/uploads\/2020\/10\/automatizavrata3-216x300.jpg\" alt=\"\" width=\"167\" height=\"232\" srcset=\"https:\/\/nevenkomerc.com\/elesa-ganter\/wp-content\/uploads\/2020\/10\/automatizavrata3-216x300.jpg 216w, https:\/\/nevenkomerc.com\/elesa-ganter\/wp-content\/uploads\/2020\/10\/automatizavrata3-742x1030.jpg 742w, https:\/\/nevenkomerc.com\/elesa-ganter\/wp-content\/uploads\/2020\/10\/automatizavrata3-768x1066.jpg 768w, https:\/\/nevenkomerc.com\/elesa-ganter\/wp-content\/uploads\/2020\/10\/automatizavrata3-508x705.jpg 508w, https:\/\/nevenkomerc.com\/elesa-ganter\/wp-content\/uploads\/2020\/10\/automatizavrata3.jpg 859w\" sizes=\"(max-width: 167px) 100vw, 167px\" \/><\/p>\n<p>Veliki izbor <strong>automata za vrata<\/strong> (hidraulicna ko\u010dnica za vrata koja se montira na vrata spolja ili iznutra) proizvo\u0111a\u010da <strong>DABEL, BANE i DORMA.<\/strong><\/p>\n<p style=\"text-align: center;\"><img loading=\"lazy\" class=\"alignnone size-medium wp-image-1778\" src=\"https:\/\/nevenkomerc.com\/elesa-ganter\/wp-content\/uploads\/2020\/10\/dabellogo-300x132.png\" alt=\"\" width=\"300\" height=\"132\" srcset=\"https:\/\/nevenkomerc.com\/elesa-ganter\/wp-content\/uploads\/2020\/10\/dabellogo-300x132.png 300w, https:\/\/nevenkomerc.com\/elesa-ganter\/wp-content\/uploads\/2020\/10\/dabellogo.png 436w\" sizes=\"(max-width: 300px) 100vw, 300px\" \/>\u00a0 <img loading=\"lazy\" class=\"alignnone size-medium wp-image-1780\" src=\"https:\/\/nevenkomerc.com\/elesa-ganter\/wp-content\/uploads\/2020\/10\/banelogo-300x132.png\" alt=\"\" width=\"300\" height=\"132\" srcset=\"https:\/\/nevenkomerc.com\/elesa-ganter\/wp-content\/uploads\/2020\/10\/banelogo-300x132.png 300w, https:\/\/nevenkomerc.com\/elesa-ganter\/wp-content\/uploads\/2020\/10\/banelogo.png 436w\" sizes=\"(max-width: 300px) 100vw, 300px\" \/><\/p>\n<p style=\"text-align: left;\"><img loading=\"lazy\" class=\"alignnone size-medium wp-image-1770 aligncenter\" src=\"https:\/\/nevenkomerc.com\/elesa-ganter\/wp-content\/uploads\/2020\/10\/dormalogo-300x132.png\" alt=\"\" width=\"300\" height=\"132\" srcset=\"https:\/\/nevenkomerc.com\/elesa-ganter\/wp-content\/uploads\/2020\/10\/dormalogo-300x132.png 300w, https:\/\/nevenkomerc.com\/elesa-ganter\/wp-content\/uploads\/2020\/10\/dormalogo.png 436w\" sizes=\"(max-width: 300px) 100vw, 300px\" \/><\/p>\n\n<\/div>\n<\/div>\n<\/section>\n\n<section class=\"av_tab_section\"  itemscope=\"itemscope\" itemtype=\"https:\/\/schema.org\/CreativeWork\" ><div aria-controls=\"tab-id-5\" role=\"tab\" tabindex=\"0\" data-fake-id=\"#tab-id-5\" class=\"tab \"  itemprop=\"headline\" >\u0160arke i reze<\/div>\n<div id=\"tab-id-5\" class=\"tab_content \" aria-hidden=\"true\">\n<div class=\"tab_inner_content invers-color\"  itemprop=\"text\" >\n<p style=\"text-align: center;\"><img loading=\"lazy\" class=\"alignnone wp-image-1576\" src=\"https:\/\/nevenkomerc.com\/elesa-ganter\/wp-content\/uploads\/2020\/10\/sarkereze1-300x210.jpg\" alt=\"\" width=\"256\" height=\"179\" srcset=\"https:\/\/nevenkomerc.com\/elesa-ganter\/wp-content\/uploads\/2020\/10\/sarkereze1-300x210.jpg 300w, https:\/\/nevenkomerc.com\/elesa-ganter\/wp-content\/uploads\/2020\/10\/sarkereze1.jpg 507w\" sizes=\"(max-width: 256px) 100vw, 256px\" \/> \u00a0 <img loading=\"lazy\" class=\"alignnone wp-image-1574\" src=\"https:\/\/nevenkomerc.com\/elesa-ganter\/wp-content\/uploads\/2020\/10\/sarkereze2-300x300.jpg\" alt=\"\" width=\"187\" height=\"187\" srcset=\"https:\/\/nevenkomerc.com\/elesa-ganter\/wp-content\/uploads\/2020\/10\/sarkereze2-300x300.jpg 300w, https:\/\/nevenkomerc.com\/elesa-ganter\/wp-content\/uploads\/2020\/10\/sarkereze2-80x80.jpg 80w, https:\/\/nevenkomerc.com\/elesa-ganter\/wp-content\/uploads\/2020\/10\/sarkereze2-36x36.jpg 36w, https:\/\/nevenkomerc.com\/elesa-ganter\/wp-content\/uploads\/2020\/10\/sarkereze2-180x180.jpg 180w, https:\/\/nevenkomerc.com\/elesa-ganter\/wp-content\/uploads\/2020\/10\/sarkereze2.jpg 450w\" sizes=\"(max-width: 187px) 100vw, 187px\" \/> \u00a0 <img loading=\"lazy\" class=\"alignnone wp-image-1572\" src=\"https:\/\/nevenkomerc.com\/elesa-ganter\/wp-content\/uploads\/2020\/10\/sarkereze3-300x237.jpg\" alt=\"\" width=\"234\" height=\"185\" srcset=\"https:\/\/nevenkomerc.com\/elesa-ganter\/wp-content\/uploads\/2020\/10\/sarkereze3-300x237.jpg 300w, https:\/\/nevenkomerc.com\/elesa-ganter\/wp-content\/uploads\/2020\/10\/sarkereze3-495x394.jpg 495w, https:\/\/nevenkomerc.com\/elesa-ganter\/wp-content\/uploads\/2020\/10\/sarkereze3.jpg 498w\" sizes=\"(max-width: 234px) 100vw, 234px\" \/><\/p>\n<p>U prodajnom asortimanu <strong>\u201eNeven-komerc\u201c d.o.o.<\/strong> mo\u017eete prona\u0107i veliki izbor razli\u010ditih modela <strong>\u0161arki <\/strong>(vodoravnih i dekorativnih)<strong> i reza <\/strong>slede\u0107ih proizvo\u0111a\u010da: <strong>DABEL i DOMAX DMX.<\/strong><\/p>\n<p style=\"text-align: center;\"><img loading=\"lazy\" class=\"alignnone size-medium wp-image-1778\" src=\"https:\/\/nevenkomerc.com\/elesa-ganter\/wp-content\/uploads\/2020\/10\/dabellogo-300x132.png\" alt=\"\" width=\"300\" height=\"132\" srcset=\"https:\/\/nevenkomerc.com\/elesa-ganter\/wp-content\/uploads\/2020\/10\/dabellogo-300x132.png 300w, https:\/\/nevenkomerc.com\/elesa-ganter\/wp-content\/uploads\/2020\/10\/dabellogo.png 436w\" sizes=\"(max-width: 300px) 100vw, 300px\" \/>\u00a0 <img loading=\"lazy\" class=\"alignnone size-medium wp-image-1772\" src=\"https:\/\/nevenkomerc.com\/elesa-ganter\/wp-content\/uploads\/2020\/10\/dmxlogo-300x132.png\" alt=\"\" width=\"300\" height=\"132\" srcset=\"https:\/\/nevenkomerc.com\/elesa-ganter\/wp-content\/uploads\/2020\/10\/dmxlogo-300x132.png 300w, https:\/\/nevenkomerc.com\/elesa-ganter\/wp-content\/uploads\/2020\/10\/dmxlogo.png 436w\" sizes=\"(max-width: 300px) 100vw, 300px\" \/><\/p>\n\n<\/div>\n<\/div>\n<\/section>\n\n<section class=\"av_tab_section\"  itemscope=\"itemscope\" itemtype=\"https:\/\/schema.org\/CreativeWork\" ><div aria-controls=\"tab-id-6\" role=\"tab\" tabindex=\"0\" data-fake-id=\"#tab-id-6\" class=\"tab \"  itemprop=\"headline\" >To\u010dkovi<\/div>\n<div id=\"tab-id-6\" class=\"tab_content \" aria-hidden=\"true\">\n<div class=\"tab_inner_content invers-color\"  itemprop=\"text\" >\n<p style=\"text-align: center;\"><img loading=\"lazy\" class=\"alignnone size-full wp-image-1570\" src=\"https:\/\/nevenkomerc.com\/elesa-ganter\/wp-content\/uploads\/2020\/10\/tockovi1.jpg\" alt=\"\" width=\"240\" height=\"240\" srcset=\"https:\/\/nevenkomerc.com\/elesa-ganter\/wp-content\/uploads\/2020\/10\/tockovi1.jpg 240w, https:\/\/nevenkomerc.com\/elesa-ganter\/wp-content\/uploads\/2020\/10\/tockovi1-80x80.jpg 80w, https:\/\/nevenkomerc.com\/elesa-ganter\/wp-content\/uploads\/2020\/10\/tockovi1-36x36.jpg 36w, https:\/\/nevenkomerc.com\/elesa-ganter\/wp-content\/uploads\/2020\/10\/tockovi1-180x180.jpg 180w\" sizes=\"(max-width: 240px) 100vw, 240px\" \/> \u00a0\u00a0\u00a0\u00a0\u00a0\u00a0\u00a0\u00a0 <img loading=\"lazy\" class=\"alignnone size-full wp-image-1568\" src=\"https:\/\/nevenkomerc.com\/elesa-ganter\/wp-content\/uploads\/2020\/10\/tockovi2.jpg\" alt=\"\" width=\"190\" height=\"190\" srcset=\"https:\/\/nevenkomerc.com\/elesa-ganter\/wp-content\/uploads\/2020\/10\/tockovi2.jpg 190w, https:\/\/nevenkomerc.com\/elesa-ganter\/wp-content\/uploads\/2020\/10\/tockovi2-80x80.jpg 80w, https:\/\/nevenkomerc.com\/elesa-ganter\/wp-content\/uploads\/2020\/10\/tockovi2-36x36.jpg 36w, https:\/\/nevenkomerc.com\/elesa-ganter\/wp-content\/uploads\/2020\/10\/tockovi2-180x180.jpg 180w\" sizes=\"(max-width: 190px) 100vw, 190px\" \/><\/p>\n<p>Veliki izbor <strong>to\u010dkova <\/strong>(industrijskih \u2013 sa gumenom oblogom, plasti\u010dni to\u010dkovi, sa poliuretanskom oblogom;\u00a0 inox, institucionalnih, za visoke temperature, za ru\u010dne vilju\u0161kare, za gra\u0111evinske skele, za magacinska kolica, za name\u0161taj, za klizne kapije i to\u010dkove velike nosivosti) \u2013 <strong>Tehnoroler, Emees, Tente, Alfa to\u010dkovi, Dabel<\/strong>.<\/p>\n<p style=\"text-align: center;\"><img loading=\"lazy\" class=\"alignnone size-medium wp-image-1768\" src=\"https:\/\/nevenkomerc.com\/elesa-ganter\/wp-content\/uploads\/2020\/10\/alfalogo-300x132.png\" alt=\"\" width=\"300\" height=\"132\" srcset=\"https:\/\/nevenkomerc.com\/elesa-ganter\/wp-content\/uploads\/2020\/10\/alfalogo-300x132.png 300w, https:\/\/nevenkomerc.com\/elesa-ganter\/wp-content\/uploads\/2020\/10\/alfalogo.png 436w\" sizes=\"(max-width: 300px) 100vw, 300px\" \/>\u00a0 <img loading=\"lazy\" class=\"alignnone size-medium wp-image-1778\" src=\"https:\/\/nevenkomerc.com\/elesa-ganter\/wp-content\/uploads\/2020\/10\/dabellogo-300x132.png\" alt=\"\" width=\"300\" height=\"132\" srcset=\"https:\/\/nevenkomerc.com\/elesa-ganter\/wp-content\/uploads\/2020\/10\/dabellogo-300x132.png 300w, https:\/\/nevenkomerc.com\/elesa-ganter\/wp-content\/uploads\/2020\/10\/dabellogo.png 436w\" sizes=\"(max-width: 300px) 100vw, 300px\" \/><\/p>\n\n<\/div>\n<\/div>\n<\/section>\n\n<\/div>\n\n","protected":false},"excerpt":{"rendered":"","protected":false},"author":2,"featured_media":0,"parent":25,"menu_order":5,"comment_status":"closed","ping_status":"closed","template":"","meta":[],"yoast_head":"<!-- This site is optimized with the Yoast SEO plugin v15.1.1 - https:\/\/yoast.com\/wordpress\/plugins\/seo\/ -->\n<title>Okovi - Elesa Ganter Srbija - Neven komerc<\/title>\n<meta name=\"robots\" content=\"index, follow, max-snippet:-1, max-image-preview:large, max-video-preview:-1\" \/>\n<link rel=\"canonical\" href=\"https:\/\/nevenkomerc.com\/elesa-ganter\/proizvodi\/okovi-2\/\" \/>\n<meta property=\"og:locale\" content=\"sr_RS\" \/>\n<meta property=\"og:type\" content=\"article\" \/>\n<meta property=\"og:title\" content=\"Okovi - Elesa Ganter Srbija - Neven komerc\" \/>\n<meta property=\"og:url\" content=\"https:\/\/nevenkomerc.com\/elesa-ganter\/proizvodi\/okovi-2\/\" \/>\n<meta property=\"og:site_name\" content=\"Elesa Ganter Srbija - Neven komerc\" \/>\n<meta property=\"article:modified_time\" content=\"2020-10-23T12:28:48+00:00\" \/>\n<meta property=\"og:image\" content=\"https:\/\/nevenkomerc.com\/elesa-ganter\/wp-content\/uploads\/2020\/10\/brave1.jpg\" \/>\n<meta name=\"twitter:card\" content=\"summary_large_image\" \/>\n<script type=\"application\/ld+json\" class=\"yoast-schema-graph\">{\"@context\":\"https:\/\/schema.org\",\"@graph\":[{\"@type\":\"WebSite\",\"@id\":\"https:\/\/nevenkomerc.com\/elesa-ganter\/#website\",\"url\":\"https:\/\/nevenkomerc.com\/elesa-ganter\/\",\"name\":\"Elesa Ganter Srbija - Neven komerc\",\"description\":\"\\u201eNeven-komerc\\u201c d.o.o. ima zastupni\\u0161tvo za ELESA+GANTER, svetsku kompaniju koja nudi \\u0161irok asortiman standardnih ma\\u0161inskih elemenata za ma\\u0161insku industriju.\",\"potentialAction\":[{\"@type\":\"SearchAction\",\"target\":\"https:\/\/nevenkomerc.com\/elesa-ganter\/?s={search_term_string}\",\"query-input\":\"required name=search_term_string\"}],\"inLanguage\":\"sr-RS\"},{\"@type\":\"ImageObject\",\"@id\":\"https:\/\/nevenkomerc.com\/elesa-ganter\/proizvodi\/okovi-2\/#primaryimage\",\"inLanguage\":\"sr-RS\",\"url\":\"https:\/\/nevenkomerc.com\/elesa-ganter\/wp-content\/uploads\/2020\/10\/brave1.jpg\",\"width\":200,\"height\":163},{\"@type\":\"WebPage\",\"@id\":\"https:\/\/nevenkomerc.com\/elesa-ganter\/proizvodi\/okovi-2\/#webpage\",\"url\":\"https:\/\/nevenkomerc.com\/elesa-ganter\/proizvodi\/okovi-2\/\",\"name\":\"Okovi - Elesa Ganter Srbija - Neven komerc\",\"isPartOf\":{\"@id\":\"https:\/\/nevenkomerc.com\/elesa-ganter\/#website\"},\"primaryImageOfPage\":{\"@id\":\"https:\/\/nevenkomerc.com\/elesa-ganter\/proizvodi\/okovi-2\/#primaryimage\"},\"datePublished\":\"2020-10-16T21:55:45+00:00\",\"dateModified\":\"2020-10-23T12:28:48+00:00\",\"inLanguage\":\"sr-RS\",\"potentialAction\":[{\"@type\":\"ReadAction\",\"target\":[\"https:\/\/nevenkomerc.com\/elesa-ganter\/proizvodi\/okovi-2\/\"]}]}]}<\/script>\n<!-- \/ Yoast SEO plugin. -->","_links":{"self":[{"href":"https:\/\/nevenkomerc.com\/elesa-ganter\/wp-json\/wp\/v2\/pages\/1213\/"}],"collection":[{"href":"https:\/\/nevenkomerc.com\/elesa-ganter\/wp-json\/wp\/v2\/pages\/"}],"about":[{"href":"https:\/\/nevenkomerc.com\/elesa-ganter\/wp-json\/wp\/v2\/types\/page\/"}],"author":[{"embeddable":true,"href":"https:\/\/nevenkomerc.com\/elesa-ganter\/wp-json\/wp\/v2\/users\/2\/"}],"replies":[{"embeddable":true,"href":"https:\/\/nevenkomerc.com\/elesa-ganter\/wp-json\/wp\/v2\/comments\/?post=1213"}],"version-history":[{"count":7,"href":"https:\/\/nevenkomerc.com\/elesa-ganter\/wp-json\/wp\/v2\/pages\/1213\/revisions\/"}],"predecessor-version":[{"id":2438,"href":"https:\/\/nevenkomerc.com\/elesa-ganter\/wp-json\/wp\/v2\/pages\/1213\/revisions\/2438\/"}],"up":[{"embeddable":true,"href":"https:\/\/nevenkomerc.com\/elesa-ganter\/wp-json\/wp\/v2\/pages\/25\/"}],"wp:attachment":[{"href":"https:\/\/nevenkomerc.com\/elesa-ganter\/wp-json\/wp\/v2\/media\/?parent=1213"}],"curies":[{"name":"wp","href":"https:\/\/api.w.org\/{rel}","templated":true}]}}