{"id":1217,"date":"2020-10-16T22:01:53","date_gmt":"2020-10-16T22:01:53","guid":{"rendered":"https:\/\/nevenkomerc.com\/elesa-ganter\/?page_id=1217"},"modified":"2020-10-23T12:31:29","modified_gmt":"2020-10-23T12:31:29","slug":"razno","status":"publish","type":"page","link":"https:\/\/nevenkomerc.com\/elesa-ganter\/proizvodi\/razno\/","title":{"rendered":"Razno"},"content":{"rendered":"<div  style='padding-bottom:10px; ' class='av-special-heading av-special-heading-h2    avia-builder-el-0  el_before_av_tab_container  avia-builder-el-first  '><h2 class='av-special-heading-tag '  itemprop=\"headline\"  >Razno<\/h2><div class='special-heading-border'><div class='special-heading-inner-border' ><\/div><\/div><\/div>\n<div  class=\"tabcontainer   top_tab   avia-builder-el-1  el_after_av_heading  avia-builder-el-last \" role=\"tablist\">\n\n<section class=\"av_tab_section\"  itemscope=\"itemscope\" itemtype=\"https:\/\/schema.org\/CreativeWork\" ><div aria-controls=\"tab-id-1\" role=\"tab\" tabindex=\"0\" data-fake-id=\"#tab-id-1\" class=\"tab active_tab\"  itemprop=\"headline\" >Texoflex creva<\/div>\n<div id=\"tab-id-1\" class=\"tab_content active_tab_content\" aria-hidden=\"false\">\n<div class=\"tab_inner_content invers-color\"  itemprop=\"text\" >\n<p style=\"text-align: center;\"><img loading=\"lazy\" class=\"alignnone wp-image-1536\" src=\"https:\/\/nevenkomerc.com\/elesa-ganter\/wp-content\/uploads\/2020\/10\/creva1-300x146.jpg\" alt=\"\" width=\"259\" height=\"126\" srcset=\"https:\/\/nevenkomerc.com\/elesa-ganter\/wp-content\/uploads\/2020\/10\/creva1-300x146.jpg 300w, https:\/\/nevenkomerc.com\/elesa-ganter\/wp-content\/uploads\/2020\/10\/creva1.jpg 500w\" sizes=\"(max-width: 259px) 100vw, 259px\" \/> \u00a0 <img loading=\"lazy\" class=\"alignnone wp-image-1534\" src=\"https:\/\/nevenkomerc.com\/elesa-ganter\/wp-content\/uploads\/2020\/10\/creva2-300x166.jpg\" alt=\"\" width=\"231\" height=\"128\" srcset=\"https:\/\/nevenkomerc.com\/elesa-ganter\/wp-content\/uploads\/2020\/10\/creva2-300x166.jpg 300w, https:\/\/nevenkomerc.com\/elesa-ganter\/wp-content\/uploads\/2020\/10\/creva2.jpg 400w\" sizes=\"(max-width: 231px) 100vw, 231px\" \/> \u00a0 <img loading=\"lazy\" class=\"alignnone wp-image-1532\" src=\"https:\/\/nevenkomerc.com\/elesa-ganter\/wp-content\/uploads\/2020\/10\/creva3-300x166.jpg\" alt=\"\" width=\"233\" height=\"129\" srcset=\"https:\/\/nevenkomerc.com\/elesa-ganter\/wp-content\/uploads\/2020\/10\/creva3-300x166.jpg 300w, https:\/\/nevenkomerc.com\/elesa-ganter\/wp-content\/uploads\/2020\/10\/creva3-705x391.jpg 705w, https:\/\/nevenkomerc.com\/elesa-ganter\/wp-content\/uploads\/2020\/10\/creva3.jpg 741w\" sizes=\"(max-width: 233px) 100vw, 233px\" \/><\/p>\n<p>U prodajnom asortimanu <strong>\u201eNeven-komerc\u201c d.o.o.<\/strong> mo\u017eete prona\u0107i veliki izbor texoflex creva \u2013 aluminijumskih, ZR, ZTG,PU-PUL&#8230; proizvo\u0111a\u010da <strong>TEHNOEXPORT.<\/strong><\/p>\n<p><img loading=\"lazy\" class=\"alignnone size-medium wp-image-1748 aligncenter\" src=\"https:\/\/nevenkomerc.com\/elesa-ganter\/wp-content\/uploads\/2020\/10\/tehnoexportlogo-300x132.png\" alt=\"\" width=\"300\" height=\"132\" srcset=\"https:\/\/nevenkomerc.com\/elesa-ganter\/wp-content\/uploads\/2020\/10\/tehnoexportlogo-300x132.png 300w, https:\/\/nevenkomerc.com\/elesa-ganter\/wp-content\/uploads\/2020\/10\/tehnoexportlogo.png 436w\" sizes=\"(max-width: 300px) 100vw, 300px\" \/><\/p>\n\n<\/div>\n<\/div>\n<\/section>\n\n<section class=\"av_tab_section\"  itemscope=\"itemscope\" itemtype=\"https:\/\/schema.org\/CreativeWork\" ><div aria-controls=\"tab-id-2\" role=\"tab\" tabindex=\"0\" data-fake-id=\"#tab-id-2\" class=\"tab \"  itemprop=\"headline\" >Creva za vodu, vazduh<\/div>\n<div id=\"tab-id-2\" class=\"tab_content \" aria-hidden=\"true\">\n<div class=\"tab_inner_content invers-color\"  itemprop=\"text\" >\n<p style=\"text-align: center;\"><img loading=\"lazy\" class=\"alignnone wp-image-1530\" src=\"https:\/\/nevenkomerc.com\/elesa-ganter\/wp-content\/uploads\/2020\/10\/crevazavodu1.jpg\" alt=\"\" width=\"242\" height=\"182\" \/> \u00a0 <img loading=\"lazy\" class=\"alignnone wp-image-1528\" src=\"https:\/\/nevenkomerc.com\/elesa-ganter\/wp-content\/uploads\/2020\/10\/crevazavodu2-300x199.png\" alt=\"\" width=\"274\" height=\"182\" srcset=\"https:\/\/nevenkomerc.com\/elesa-ganter\/wp-content\/uploads\/2020\/10\/crevazavodu2-300x199.png 300w, https:\/\/nevenkomerc.com\/elesa-ganter\/wp-content\/uploads\/2020\/10\/crevazavodu2.png 450w\" sizes=\"(max-width: 274px) 100vw, 274px\" \/> \u00a0 <img loading=\"lazy\" class=\"alignnone wp-image-1526\" src=\"https:\/\/nevenkomerc.com\/elesa-ganter\/wp-content\/uploads\/2020\/10\/crevazavodu3-300x286.jpg\" alt=\"\" width=\"193\" height=\"184\" srcset=\"https:\/\/nevenkomerc.com\/elesa-ganter\/wp-content\/uploads\/2020\/10\/crevazavodu3-300x286.jpg 300w, https:\/\/nevenkomerc.com\/elesa-ganter\/wp-content\/uploads\/2020\/10\/crevazavodu3.jpg 607w\" sizes=\"(max-width: 193px) 100vw, 193px\" \/><\/p>\n<p>Veliki izbor <strong>creva za vodu i vazduh<\/strong> proizvo\u0111a\u010da <strong>TERMOPLAST<\/strong>.<\/p>\n<p><img loading=\"lazy\" class=\"alignnone size-medium wp-image-1746 aligncenter\" src=\"https:\/\/nevenkomerc.com\/elesa-ganter\/wp-content\/uploads\/2020\/10\/termoplastlogo-300x132.png\" alt=\"\" width=\"300\" height=\"132\" srcset=\"https:\/\/nevenkomerc.com\/elesa-ganter\/wp-content\/uploads\/2020\/10\/termoplastlogo-300x132.png 300w, https:\/\/nevenkomerc.com\/elesa-ganter\/wp-content\/uploads\/2020\/10\/termoplastlogo.png 436w\" sizes=\"(max-width: 300px) 100vw, 300px\" \/><\/p>\n\n<\/div>\n<\/div>\n<\/section>\n\n<section class=\"av_tab_section\"  itemscope=\"itemscope\" itemtype=\"https:\/\/schema.org\/CreativeWork\" ><div aria-controls=\"tab-id-3\" role=\"tab\" tabindex=\"0\" data-fake-id=\"#tab-id-3\" class=\"tab \"  itemprop=\"headline\" >Guma u rolnama<\/div>\n<div id=\"tab-id-3\" class=\"tab_content \" aria-hidden=\"true\">\n<div class=\"tab_inner_content invers-color\"  itemprop=\"text\" >\n<p style=\"text-align: center;\"><img loading=\"lazy\" class=\"alignnone wp-image-1524\" src=\"https:\/\/nevenkomerc.com\/elesa-ganter\/wp-content\/uploads\/2020\/10\/gumaurolnama1-300x200.jpg\" alt=\"\" width=\"371\" height=\"247\" srcset=\"https:\/\/nevenkomerc.com\/elesa-ganter\/wp-content\/uploads\/2020\/10\/gumaurolnama1-300x200.jpg 300w, https:\/\/nevenkomerc.com\/elesa-ganter\/wp-content\/uploads\/2020\/10\/gumaurolnama1-1030x687.jpg 1030w, https:\/\/nevenkomerc.com\/elesa-ganter\/wp-content\/uploads\/2020\/10\/gumaurolnama1-768x512.jpg 768w, https:\/\/nevenkomerc.com\/elesa-ganter\/wp-content\/uploads\/2020\/10\/gumaurolnama1-1536x1024.jpg 1536w, https:\/\/nevenkomerc.com\/elesa-ganter\/wp-content\/uploads\/2020\/10\/gumaurolnama1-2048x1365.jpg 2048w, https:\/\/nevenkomerc.com\/elesa-ganter\/wp-content\/uploads\/2020\/10\/gumaurolnama1-1500x1000.jpg 1500w, https:\/\/nevenkomerc.com\/elesa-ganter\/wp-content\/uploads\/2020\/10\/gumaurolnama1-705x470.jpg 705w\" sizes=\"(max-width: 371px) 100vw, 371px\" \/> \u00a0 \u00a0\u00a0 <img loading=\"lazy\" class=\"alignnone wp-image-1522\" src=\"https:\/\/nevenkomerc.com\/elesa-ganter\/wp-content\/uploads\/2020\/10\/gumaurolnama2-300x300.jpg\" alt=\"\" width=\"273\" height=\"273\" srcset=\"https:\/\/nevenkomerc.com\/elesa-ganter\/wp-content\/uploads\/2020\/10\/gumaurolnama2-300x300.jpg 300w, https:\/\/nevenkomerc.com\/elesa-ganter\/wp-content\/uploads\/2020\/10\/gumaurolnama2-80x80.jpg 80w, https:\/\/nevenkomerc.com\/elesa-ganter\/wp-content\/uploads\/2020\/10\/gumaurolnama2-36x36.jpg 36w, https:\/\/nevenkomerc.com\/elesa-ganter\/wp-content\/uploads\/2020\/10\/gumaurolnama2-180x180.jpg 180w, https:\/\/nevenkomerc.com\/elesa-ganter\/wp-content\/uploads\/2020\/10\/gumaurolnama2-705x705.jpg 705w, https:\/\/nevenkomerc.com\/elesa-ganter\/wp-content\/uploads\/2020\/10\/gumaurolnama2.jpg 709w\" sizes=\"(max-width: 273px) 100vw, 273px\" \/><\/p>\n<p>U ponudi <strong>guma u rolnama<\/strong> debljine 2-10 mm rebrasta i ta\u010dkasta.<\/p>\n<p><img loading=\"lazy\" class=\"alignnone size-medium wp-image-1746 aligncenter\" src=\"https:\/\/nevenkomerc.com\/elesa-ganter\/wp-content\/uploads\/2020\/10\/termoplastlogo-300x132.png\" alt=\"\" width=\"300\" height=\"132\" srcset=\"https:\/\/nevenkomerc.com\/elesa-ganter\/wp-content\/uploads\/2020\/10\/termoplastlogo-300x132.png 300w, https:\/\/nevenkomerc.com\/elesa-ganter\/wp-content\/uploads\/2020\/10\/termoplastlogo.png 436w\" sizes=\"(max-width: 300px) 100vw, 300px\" \/><\/p>\n\n<\/div>\n<\/div>\n<\/section>\n\n<section class=\"av_tab_section\"  itemscope=\"itemscope\" itemtype=\"https:\/\/schema.org\/CreativeWork\" ><div aria-controls=\"tab-id-4\" role=\"tab\" tabindex=\"0\" data-fake-id=\"#tab-id-4\" class=\"tab \"  itemprop=\"headline\" >Trake za dizanje tereta<\/div>\n<div id=\"tab-id-4\" class=\"tab_content \" aria-hidden=\"true\">\n<div class=\"tab_inner_content invers-color\"  itemprop=\"text\" >\n<p style=\"text-align: center;\"><img loading=\"lazy\" class=\"alignnone size-medium wp-image-1520\" src=\"https:\/\/nevenkomerc.com\/elesa-ganter\/wp-content\/uploads\/2020\/10\/trakezadizanjetereta1-300x174.jpg\" alt=\"\" width=\"300\" height=\"174\" srcset=\"https:\/\/nevenkomerc.com\/elesa-ganter\/wp-content\/uploads\/2020\/10\/trakezadizanjetereta1-300x174.jpg 300w, https:\/\/nevenkomerc.com\/elesa-ganter\/wp-content\/uploads\/2020\/10\/trakezadizanjetereta1.jpg 550w\" sizes=\"(max-width: 300px) 100vw, 300px\" \/> \u00a0 <img loading=\"lazy\" class=\"alignnone size-medium wp-image-1518\" src=\"https:\/\/nevenkomerc.com\/elesa-ganter\/wp-content\/uploads\/2020\/10\/trakezadizanjetereta2-300x156.jpg\" alt=\"\" width=\"300\" height=\"156\" srcset=\"https:\/\/nevenkomerc.com\/elesa-ganter\/wp-content\/uploads\/2020\/10\/trakezadizanjetereta2-300x156.jpg 300w, https:\/\/nevenkomerc.com\/elesa-ganter\/wp-content\/uploads\/2020\/10\/trakezadizanjetereta2-768x399.jpg 768w, https:\/\/nevenkomerc.com\/elesa-ganter\/wp-content\/uploads\/2020\/10\/trakezadizanjetereta2-705x367.jpg 705w, https:\/\/nevenkomerc.com\/elesa-ganter\/wp-content\/uploads\/2020\/10\/trakezadizanjetereta2.jpg 771w\" sizes=\"(max-width: 300px) 100vw, 300px\" \/><\/p>\n<p>U ponudi imamo trake za dizanje tereta (beskona\u010dne i sa mehanizmom).<\/p>\n\n<\/div>\n<\/div>\n<\/section>\n\n<section class=\"av_tab_section\"  itemscope=\"itemscope\" itemtype=\"https:\/\/schema.org\/CreativeWork\" ><div aria-controls=\"tab-id-5\" role=\"tab\" tabindex=\"0\" data-fake-id=\"#tab-id-5\" class=\"tab \"  itemprop=\"headline\" >Ru\u010dni paletari, gra\u0111evinska kolica, me\u0161alice<\/div>\n<div id=\"tab-id-5\" class=\"tab_content \" aria-hidden=\"true\">\n<div class=\"tab_inner_content invers-color\"  itemprop=\"text\" >\n<p><img loading=\"lazy\" class=\"alignnone wp-image-1516\" src=\"https:\/\/nevenkomerc.com\/elesa-ganter\/wp-content\/uploads\/2020\/10\/kolicamesalice1-300x300.jpg\" alt=\"\" width=\"242\" height=\"242\" srcset=\"https:\/\/nevenkomerc.com\/elesa-ganter\/wp-content\/uploads\/2020\/10\/kolicamesalice1-300x300.jpg 300w, https:\/\/nevenkomerc.com\/elesa-ganter\/wp-content\/uploads\/2020\/10\/kolicamesalice1-80x80.jpg 80w, https:\/\/nevenkomerc.com\/elesa-ganter\/wp-content\/uploads\/2020\/10\/kolicamesalice1-36x36.jpg 36w, https:\/\/nevenkomerc.com\/elesa-ganter\/wp-content\/uploads\/2020\/10\/kolicamesalice1-180x180.jpg 180w, https:\/\/nevenkomerc.com\/elesa-ganter\/wp-content\/uploads\/2020\/10\/kolicamesalice1.jpg 650w\" sizes=\"(max-width: 242px) 100vw, 242px\" \/> \u00a0 <img loading=\"lazy\" class=\"alignnone size-full wp-image-1514\" src=\"https:\/\/nevenkomerc.com\/elesa-ganter\/wp-content\/uploads\/2020\/10\/kolicamesalice2.jpg\" alt=\"\" width=\"265\" height=\"183\" \/> \u00a0 <img loading=\"lazy\" class=\"alignnone size-full wp-image-1512\" src=\"https:\/\/nevenkomerc.com\/elesa-ganter\/wp-content\/uploads\/2020\/10\/kolicamesalice3.jpg\" alt=\"\" width=\"240\" height=\"232\" srcset=\"https:\/\/nevenkomerc.com\/elesa-ganter\/wp-content\/uploads\/2020\/10\/kolicamesalice3.jpg 240w, https:\/\/nevenkomerc.com\/elesa-ganter\/wp-content\/uploads\/2020\/10\/kolicamesalice3-36x36.jpg 36w\" sizes=\"(max-width: 240px) 100vw, 240px\" \/><\/p>\n<p>U ponudi imamo ru\u010dne paletare, gra\u0111evinska kolica, me\u0161alice.<\/p>\n<p style=\"text-align: center;\"><img loading=\"lazy\" class=\"alignnone size-medium wp-image-1788\" src=\"https:\/\/nevenkomerc.com\/elesa-ganter\/wp-content\/uploads\/2020\/10\/wurthlogo-300x132.png\" alt=\"\" width=\"300\" height=\"132\" srcset=\"https:\/\/nevenkomerc.com\/elesa-ganter\/wp-content\/uploads\/2020\/10\/wurthlogo-300x132.png 300w, https:\/\/nevenkomerc.com\/elesa-ganter\/wp-content\/uploads\/2020\/10\/wurthlogo.png 436w\" sizes=\"(max-width: 300px) 100vw, 300px\" \/>\u00a0 <img loading=\"lazy\" class=\"alignnone size-medium wp-image-1852\" src=\"https:\/\/nevenkomerc.com\/elesa-ganter\/wp-content\/uploads\/2020\/10\/womaxlogo-300x132.png\" alt=\"\" width=\"300\" height=\"132\" srcset=\"https:\/\/nevenkomerc.com\/elesa-ganter\/wp-content\/uploads\/2020\/10\/womaxlogo-300x132.png 300w, https:\/\/nevenkomerc.com\/elesa-ganter\/wp-content\/uploads\/2020\/10\/womaxlogo.png 436w\" sizes=\"(max-width: 300px) 100vw, 300px\" \/><\/p>\n<p style=\"text-align: center;\"><img loading=\"lazy\" class=\"alignnone size-medium wp-image-1834\" src=\"https:\/\/nevenkomerc.com\/elesa-ganter\/wp-content\/uploads\/2020\/10\/villagerlogo-300x132.png\" alt=\"\" width=\"300\" height=\"132\" srcset=\"https:\/\/nevenkomerc.com\/elesa-ganter\/wp-content\/uploads\/2020\/10\/villagerlogo-300x132.png 300w, https:\/\/nevenkomerc.com\/elesa-ganter\/wp-content\/uploads\/2020\/10\/villagerlogo.png 436w\" sizes=\"(max-width: 300px) 100vw, 300px\" \/>\u00a0 <img loading=\"lazy\" class=\"alignnone size-medium wp-image-1814\" src=\"https:\/\/nevenkomerc.com\/elesa-ganter\/wp-content\/uploads\/2020\/10\/unitehnalogo-300x132.png\" alt=\"\" width=\"300\" height=\"132\" srcset=\"https:\/\/nevenkomerc.com\/elesa-ganter\/wp-content\/uploads\/2020\/10\/unitehnalogo-300x132.png 300w, https:\/\/nevenkomerc.com\/elesa-ganter\/wp-content\/uploads\/2020\/10\/unitehnalogo.png 436w\" sizes=\"(max-width: 300px) 100vw, 300px\" \/><\/p>\n<p><img loading=\"lazy\" class=\"alignnone size-medium wp-image-1744 aligncenter\" src=\"https:\/\/nevenkomerc.com\/elesa-ganter\/wp-content\/uploads\/2020\/10\/lifamlogo-300x132.png\" alt=\"\" width=\"300\" height=\"132\" srcset=\"https:\/\/nevenkomerc.com\/elesa-ganter\/wp-content\/uploads\/2020\/10\/lifamlogo-300x132.png 300w, https:\/\/nevenkomerc.com\/elesa-ganter\/wp-content\/uploads\/2020\/10\/lifamlogo.png 436w\" sizes=\"(max-width: 300px) 100vw, 300px\" \/><\/p>\n\n<\/div>\n<\/div>\n<\/section>\n\n<section class=\"av_tab_section\"  itemscope=\"itemscope\" itemtype=\"https:\/\/schema.org\/CreativeWork\" ><div aria-controls=\"tab-id-6\" role=\"tab\" tabindex=\"0\" data-fake-id=\"#tab-id-6\" class=\"tab \"  itemprop=\"headline\" >Merdevine \u2013 drvene i metalne<\/div>\n<div id=\"tab-id-6\" class=\"tab_content \" aria-hidden=\"true\">\n<div class=\"tab_inner_content invers-color\"  itemprop=\"text\" >\n<p style=\"text-align: center;\"><img loading=\"lazy\" class=\"alignnone size-medium wp-image-1508\" src=\"https:\/\/nevenkomerc.com\/elesa-ganter\/wp-content\/uploads\/2020\/10\/merdevine2-179x300.jpg\" alt=\"\" width=\"179\" height=\"300\" srcset=\"https:\/\/nevenkomerc.com\/elesa-ganter\/wp-content\/uploads\/2020\/10\/merdevine2-179x300.jpg 179w, https:\/\/nevenkomerc.com\/elesa-ganter\/wp-content\/uploads\/2020\/10\/merdevine2.jpg 398w\" sizes=\"(max-width: 179px) 100vw, 179px\" \/> \u00a0 <img loading=\"lazy\" class=\"alignnone size-medium wp-image-1506\" src=\"https:\/\/nevenkomerc.com\/elesa-ganter\/wp-content\/uploads\/2020\/10\/merdevine3-237x300.jpg\" alt=\"\" width=\"237\" height=\"300\" srcset=\"https:\/\/nevenkomerc.com\/elesa-ganter\/wp-content\/uploads\/2020\/10\/merdevine3-237x300.jpg 237w, https:\/\/nevenkomerc.com\/elesa-ganter\/wp-content\/uploads\/2020\/10\/merdevine3.jpg 363w\" sizes=\"(max-width: 237px) 100vw, 237px\" \/><\/p>\n<p>U prodajnom asortimanu <strong>\u201eNeven-komerc\u201c d.o.o.<\/strong> mo\u017eete prona\u0107i veliki izbor <strong>merdevina<\/strong> \u2013 drvenih i metalnih proizvo\u0111a\u010da <strong>KRAUSE, TEXELL, BEOROL, ZUKA DIL<\/strong>.<\/p>\n<p style=\"text-align: center;\"><img loading=\"lazy\" class=\"alignnone size-medium wp-image-1742\" src=\"https:\/\/nevenkomerc.com\/elesa-ganter\/wp-content\/uploads\/2020\/10\/krauselogo-300x132.png\" alt=\"\" width=\"300\" height=\"132\" srcset=\"https:\/\/nevenkomerc.com\/elesa-ganter\/wp-content\/uploads\/2020\/10\/krauselogo-300x132.png 300w, https:\/\/nevenkomerc.com\/elesa-ganter\/wp-content\/uploads\/2020\/10\/krauselogo.png 436w\" sizes=\"(max-width: 300px) 100vw, 300px\" \/>\u00a0 <img loading=\"lazy\" class=\"alignnone size-medium wp-image-1740\" src=\"https:\/\/nevenkomerc.com\/elesa-ganter\/wp-content\/uploads\/2020\/10\/texelllogo-300x132.png\" alt=\"\" width=\"300\" height=\"132\" srcset=\"https:\/\/nevenkomerc.com\/elesa-ganter\/wp-content\/uploads\/2020\/10\/texelllogo-300x132.png 300w, https:\/\/nevenkomerc.com\/elesa-ganter\/wp-content\/uploads\/2020\/10\/texelllogo.png 436w\" sizes=\"(max-width: 300px) 100vw, 300px\" \/><\/p>\n<p style=\"text-align: center;\"><img loading=\"lazy\" class=\"alignnone size-medium wp-image-1806\" src=\"https:\/\/nevenkomerc.com\/elesa-ganter\/wp-content\/uploads\/2020\/10\/beorollogo-300x132.png\" alt=\"\" width=\"300\" height=\"132\" srcset=\"https:\/\/nevenkomerc.com\/elesa-ganter\/wp-content\/uploads\/2020\/10\/beorollogo-300x132.png 300w, https:\/\/nevenkomerc.com\/elesa-ganter\/wp-content\/uploads\/2020\/10\/beorollogo.png 436w\" sizes=\"(max-width: 300px) 100vw, 300px\" \/>\u00a0 <img loading=\"lazy\" class=\"alignnone size-medium wp-image-1738\" src=\"https:\/\/nevenkomerc.com\/elesa-ganter\/wp-content\/uploads\/2020\/10\/zukalogo-300x132.png\" alt=\"\" width=\"300\" height=\"132\" srcset=\"https:\/\/nevenkomerc.com\/elesa-ganter\/wp-content\/uploads\/2020\/10\/zukalogo-300x132.png 300w, https:\/\/nevenkomerc.com\/elesa-ganter\/wp-content\/uploads\/2020\/10\/zukalogo.png 436w\" sizes=\"(max-width: 300px) 100vw, 300px\" \/><\/p>\n\n<\/div>\n<\/div>\n<\/section>\n\n<\/div>\n\n","protected":false},"excerpt":{"rendered":"","protected":false},"author":2,"featured_media":0,"parent":25,"menu_order":8,"comment_status":"closed","ping_status":"closed","template":"","meta":[],"yoast_head":"<!-- This site is optimized with the Yoast SEO plugin v15.1.1 - https:\/\/yoast.com\/wordpress\/plugins\/seo\/ -->\n<title>Razno - Elesa Ganter Srbija - Neven komerc<\/title>\n<meta name=\"robots\" content=\"index, follow, max-snippet:-1, max-image-preview:large, max-video-preview:-1\" \/>\n<link rel=\"canonical\" href=\"https:\/\/nevenkomerc.com\/elesa-ganter\/proizvodi\/razno\/\" \/>\n<meta property=\"og:locale\" content=\"sr_RS\" \/>\n<meta property=\"og:type\" content=\"article\" \/>\n<meta property=\"og:title\" content=\"Razno - Elesa Ganter Srbija - Neven komerc\" \/>\n<meta property=\"og:url\" content=\"https:\/\/nevenkomerc.com\/elesa-ganter\/proizvodi\/razno\/\" \/>\n<meta property=\"og:site_name\" content=\"Elesa Ganter Srbija - Neven komerc\" \/>\n<meta property=\"article:modified_time\" content=\"2020-10-23T12:31:29+00:00\" \/>\n<meta property=\"og:image\" content=\"https:\/\/nevenkomerc.com\/elesa-ganter\/wp-content\/uploads\/2020\/10\/creva1-300x146.jpg\" \/>\n<meta name=\"twitter:card\" content=\"summary_large_image\" \/>\n<script type=\"application\/ld+json\" class=\"yoast-schema-graph\">{\"@context\":\"https:\/\/schema.org\",\"@graph\":[{\"@type\":\"WebSite\",\"@id\":\"https:\/\/nevenkomerc.com\/elesa-ganter\/#website\",\"url\":\"https:\/\/nevenkomerc.com\/elesa-ganter\/\",\"name\":\"Elesa Ganter Srbija - Neven komerc\",\"description\":\"\\u201eNeven-komerc\\u201c d.o.o. ima zastupni\\u0161tvo za ELESA+GANTER, svetsku kompaniju koja nudi \\u0161irok asortiman standardnih ma\\u0161inskih elemenata za ma\\u0161insku industriju.\",\"potentialAction\":[{\"@type\":\"SearchAction\",\"target\":\"https:\/\/nevenkomerc.com\/elesa-ganter\/?s={search_term_string}\",\"query-input\":\"required name=search_term_string\"}],\"inLanguage\":\"sr-RS\"},{\"@type\":\"ImageObject\",\"@id\":\"https:\/\/nevenkomerc.com\/elesa-ganter\/proizvodi\/razno\/#primaryimage\",\"inLanguage\":\"sr-RS\",\"url\":\"https:\/\/nevenkomerc.com\/elesa-ganter\/wp-content\/uploads\/2020\/10\/creva1.jpg\",\"width\":500,\"height\":244},{\"@type\":\"WebPage\",\"@id\":\"https:\/\/nevenkomerc.com\/elesa-ganter\/proizvodi\/razno\/#webpage\",\"url\":\"https:\/\/nevenkomerc.com\/elesa-ganter\/proizvodi\/razno\/\",\"name\":\"Razno - Elesa Ganter Srbija - Neven komerc\",\"isPartOf\":{\"@id\":\"https:\/\/nevenkomerc.com\/elesa-ganter\/#website\"},\"primaryImageOfPage\":{\"@id\":\"https:\/\/nevenkomerc.com\/elesa-ganter\/proizvodi\/razno\/#primaryimage\"},\"datePublished\":\"2020-10-16T22:01:53+00:00\",\"dateModified\":\"2020-10-23T12:31:29+00:00\",\"inLanguage\":\"sr-RS\",\"potentialAction\":[{\"@type\":\"ReadAction\",\"target\":[\"https:\/\/nevenkomerc.com\/elesa-ganter\/proizvodi\/razno\/\"]}]}]}<\/script>\n<!-- \/ Yoast SEO plugin. -->","_links":{"self":[{"href":"https:\/\/nevenkomerc.com\/elesa-ganter\/wp-json\/wp\/v2\/pages\/1217\/"}],"collection":[{"href":"https:\/\/nevenkomerc.com\/elesa-ganter\/wp-json\/wp\/v2\/pages\/"}],"about":[{"href":"https:\/\/nevenkomerc.com\/elesa-ganter\/wp-json\/wp\/v2\/types\/page\/"}],"author":[{"embeddable":true,"href":"https:\/\/nevenkomerc.com\/elesa-ganter\/wp-json\/wp\/v2\/users\/2\/"}],"replies":[{"embeddable":true,"href":"https:\/\/nevenkomerc.com\/elesa-ganter\/wp-json\/wp\/v2\/comments\/?post=1217"}],"version-history":[{"count":6,"href":"https:\/\/nevenkomerc.com\/elesa-ganter\/wp-json\/wp\/v2\/pages\/1217\/revisions\/"}],"predecessor-version":[{"id":2447,"href":"https:\/\/nevenkomerc.com\/elesa-ganter\/wp-json\/wp\/v2\/pages\/1217\/revisions\/2447\/"}],"up":[{"embeddable":true,"href":"https:\/\/nevenkomerc.com\/elesa-ganter\/wp-json\/wp\/v2\/pages\/25\/"}],"wp:attachment":[{"href":"https:\/\/nevenkomerc.com\/elesa-ganter\/wp-json\/wp\/v2\/media\/?parent=1217"}],"curies":[{"name":"wp","href":"https:\/\/api.w.org\/{rel}","templated":true}]}}