{"id":3052,"date":"2023-07-14T16:30:51","date_gmt":"2023-07-14T16:30:51","guid":{"rendered":"https:\/\/nevenkomerc.com\/elesa-ganter\/?page_id=3052"},"modified":"2023-07-14T17:51:55","modified_gmt":"2023-07-14T17:51:55","slug":"karcher","status":"publish","type":"page","link":"https:\/\/nevenkomerc.com\/elesa-ganter\/proizvodi\/karcher\/","title":{"rendered":"KARCHER"},"content":{"rendered":"<div class=\"flex_column av_one_full  flex_column_div av-zero-column-padding first  avia-builder-el-0  el_before_av_image  avia-builder-el-first  \" style='border-radius:0px; '><\/div>\n<div  class='avia-image-container  av-styling-    avia-builder-el-1  el_after_av_one_full  el_before_av_image  avia-align-center '  itemprop=\"image\" itemscope=\"itemscope\" itemtype=\"https:\/\/schema.org\/ImageObject\"  ><div class='avia-image-container-inner'><div class='avia-image-overlay-wrap'><img class='wp-image-3045 avia-img-lazy-loading-not-3045 avia_image' src=\"https:\/\/nevenkomerc.com\/elesa-ganter\/wp-content\/uploads\/2023\/07\/karcher.jpg\" alt='' title='karcher' height=\"509\" width=\"800\"  itemprop=\"thumbnailUrl\" srcset=\"https:\/\/nevenkomerc.com\/elesa-ganter\/wp-content\/uploads\/2023\/07\/karcher.jpg 800w, https:\/\/nevenkomerc.com\/elesa-ganter\/wp-content\/uploads\/2023\/07\/karcher-300x191.jpg 300w, https:\/\/nevenkomerc.com\/elesa-ganter\/wp-content\/uploads\/2023\/07\/karcher-768x489.jpg 768w, https:\/\/nevenkomerc.com\/elesa-ganter\/wp-content\/uploads\/2023\/07\/karcher-705x449.jpg 705w\" sizes=\"(max-width: 800px) 100vw, 800px\" \/><\/div><\/div><\/div>\n<div  class='avia-image-container  av-styling-    avia-builder-el-2  el_after_av_image  el_before_av_hr  avia-align-left '  itemprop=\"image\" itemscope=\"itemscope\" itemtype=\"https:\/\/schema.org\/ImageObject\"  ><div class='avia-image-container-inner'><div class='avia-image-overlay-wrap'><img class='wp-image-455 avia-img-lazy-loading-not-455 avia_image' src=\"https:\/\/nevenkomerc.com\/elesa-ganter\/wp-content\/uploads\/2020\/10\/karcher-logo-300x80.jpg\" alt='' title='karcher-logo' height=\"80\" width=\"300\"  itemprop=\"thumbnailUrl\" srcset=\"https:\/\/nevenkomerc.com\/elesa-ganter\/wp-content\/uploads\/2020\/10\/karcher-logo-300x80.jpg 300w, https:\/\/nevenkomerc.com\/elesa-ganter\/wp-content\/uploads\/2020\/10\/karcher-logo.jpg 597w\" sizes=\"(max-width: 300px) 100vw, 300px\" \/><\/div><\/div><\/div>\n<div   class='hr hr-default   avia-builder-el-3  el_after_av_image  el_before_av_textblock '><span class='hr-inner ' ><span class='hr-inner-style'><\/span><\/span><\/div>\n<section class=\"av_textblock_section \"  itemscope=\"itemscope\" itemtype=\"https:\/\/schema.org\/CreativeWork\" ><div class='avia_textblock  '   itemprop=\"text\" ><p>Klijent je uvek na prvom mestu.<\/p>\n<p>Uvek smo sebi postavljali zahtev da stalno radimo na pobolj\u0161anju na\u0161ih proizvoda \u2013 da bi na\u0161i klijenti imali jo\u0161 vi\u0161e zadovoljstva pri \u010di\u0161\u0107enju. To nam samo uspeva kada poznajemo i razumemo potrebe klijenata. Zato je <strong>K\u00e4rcher<\/strong> kod razvoja novog Full Control kompresorskog \u010dista\u010da sproveo najve\u0107e istra\u017eivanje tr\u017ei\u0161ta u istoriji firme. Rezultat su impresivni kompresorski \u010dista\u010disa potpuno novim funkcijama. Tako\u0111e smo se i kod vi\u0161enamenskih usisiva\u010da jo\u0161 vi\u0161e koncentrisali na individualne zahteve. Novi modeli ekstremno sna\u017eno usisavaju i optimalno su predodre\u0111eni na razli\u010dite zadatke \u010di\u0161\u0107enja. Da li je u automobilu, za kamin, u hobi radionici, u doma\u0107instvu ili na privatnom gradili\u0161tu &#8211; sa odgovaraju\u0107im usisiva\u010dem i najve\u0107i nered se tako\u0111e bez napora o\u010disti. Kod sistema za zalivanje <strong>K\u00e4rcher<\/strong> sa prskalicama postavlja standarde za svaku potrebu. Sa pobolj\u0161anim rukovanjem, odgovaraju\u0107im vrstama mlaza za razli\u010dite biljke i zahvaljuju\u0107i prvim prskalicama otpornim na kapanje rad u ba\u0161ti postaje prijatniji i efikasniji nego ikada pre. Na\u0161e potapaju\u0107e pumpe smo tako\u0111e dalje pobolj\u0161ali: Novi modeli sa robusnim kerami\u010dkim zaptiva\u010dem kliznog prstena su izuzetno dugove\u010dni, jednostavniji u primeni i odmah spremni za start.<\/p>\n<p><b>\u201eNeven-komerc\u201c d.o.o<\/b>. kao ovla\u0161\u0107eni distributer nudi kompletan asortiman <strong>K\u00e4rcher<\/strong> proizvoda za profesionalnu i ku\u0107nu upotrebu koje mo\u017eete kupiti u na\u0161im radnjama.<\/p>\n<\/div><\/section>\n<div class=\"flex_column av_one_full  flex_column_div av-zero-column-padding first  avia-builder-el-5  el_after_av_textblock  avia-builder-el-last  column-top-margin\" style='border-radius:0px; '><section class=\"av_textblock_section \"  itemscope=\"itemscope\" itemtype=\"https:\/\/schema.org\/CreativeWork\" ><div class='avia_textblock  '   itemprop=\"text\" ><h5><strong><a href=\"https:\/\/nevenkomerc.com\/elesa-ganter\/proizvodi\/karcher\/uredjaji-za-kucnu-upotrebu\/\">URE\u0110AJI ZA KU\u0106NU UPOTREBU<\/a><\/strong><\/h5>\n<h5><strong><a href=\"https:\/\/nevenkomerc.com\/elesa-ganter\/proizvodi\/karcher\/uredjaji-za-profesionalnu-upotrebu\/\">URE\u0110AJI ZA PROFESIONALNU UPOTREBU<\/a><\/strong><\/h5>\n<\/div><\/section><\/div>\n","protected":false},"excerpt":{"rendered":"","protected":false},"author":2,"featured_media":0,"parent":25,"menu_order":0,"comment_status":"closed","ping_status":"closed","template":"","meta":[],"yoast_head":"<!-- This site is optimized with the Yoast SEO plugin v15.1.1 - https:\/\/yoast.com\/wordpress\/plugins\/seo\/ -->\n<title>KARCHER - Elesa Ganter Srbija - Neven komerc<\/title>\n<meta name=\"robots\" content=\"index, follow, max-snippet:-1, max-image-preview:large, max-video-preview:-1\" \/>\n<link rel=\"canonical\" href=\"https:\/\/nevenkomerc.com\/elesa-ganter\/proizvodi\/karcher\/\" \/>\n<meta property=\"og:locale\" content=\"sr_RS\" \/>\n<meta property=\"og:type\" content=\"article\" \/>\n<meta property=\"og:title\" content=\"KARCHER - Elesa Ganter Srbija - Neven komerc\" \/>\n<meta property=\"og:url\" content=\"https:\/\/nevenkomerc.com\/elesa-ganter\/proizvodi\/karcher\/\" \/>\n<meta property=\"og:site_name\" content=\"Elesa Ganter Srbija - Neven komerc\" \/>\n<meta property=\"article:modified_time\" content=\"2023-07-14T17:51:55+00:00\" \/>\n<meta name=\"twitter:card\" content=\"summary_large_image\" \/>\n<script type=\"application\/ld+json\" class=\"yoast-schema-graph\">{\"@context\":\"https:\/\/schema.org\",\"@graph\":[{\"@type\":\"WebSite\",\"@id\":\"https:\/\/nevenkomerc.com\/elesa-ganter\/#website\",\"url\":\"https:\/\/nevenkomerc.com\/elesa-ganter\/\",\"name\":\"Elesa Ganter Srbija - Neven komerc\",\"description\":\"\\u201eNeven-komerc\\u201c d.o.o. ima zastupni\\u0161tvo za ELESA+GANTER, svetsku kompaniju koja nudi \\u0161irok asortiman standardnih ma\\u0161inskih elemenata za ma\\u0161insku industriju.\",\"potentialAction\":[{\"@type\":\"SearchAction\",\"target\":\"https:\/\/nevenkomerc.com\/elesa-ganter\/?s={search_term_string}\",\"query-input\":\"required name=search_term_string\"}],\"inLanguage\":\"sr-RS\"},{\"@type\":\"WebPage\",\"@id\":\"https:\/\/nevenkomerc.com\/elesa-ganter\/proizvodi\/karcher\/#webpage\",\"url\":\"https:\/\/nevenkomerc.com\/elesa-ganter\/proizvodi\/karcher\/\",\"name\":\"KARCHER - Elesa Ganter Srbija - Neven komerc\",\"isPartOf\":{\"@id\":\"https:\/\/nevenkomerc.com\/elesa-ganter\/#website\"},\"datePublished\":\"2023-07-14T16:30:51+00:00\",\"dateModified\":\"2023-07-14T17:51:55+00:00\",\"inLanguage\":\"sr-RS\",\"potentialAction\":[{\"@type\":\"ReadAction\",\"target\":[\"https:\/\/nevenkomerc.com\/elesa-ganter\/proizvodi\/karcher\/\"]}]}]}<\/script>\n<!-- \/ Yoast SEO plugin. -->","_links":{"self":[{"href":"https:\/\/nevenkomerc.com\/elesa-ganter\/wp-json\/wp\/v2\/pages\/3052\/"}],"collection":[{"href":"https:\/\/nevenkomerc.com\/elesa-ganter\/wp-json\/wp\/v2\/pages\/"}],"about":[{"href":"https:\/\/nevenkomerc.com\/elesa-ganter\/wp-json\/wp\/v2\/types\/page\/"}],"author":[{"embeddable":true,"href":"https:\/\/nevenkomerc.com\/elesa-ganter\/wp-json\/wp\/v2\/users\/2\/"}],"replies":[{"embeddable":true,"href":"https:\/\/nevenkomerc.com\/elesa-ganter\/wp-json\/wp\/v2\/comments\/?post=3052"}],"version-history":[{"count":7,"href":"https:\/\/nevenkomerc.com\/elesa-ganter\/wp-json\/wp\/v2\/pages\/3052\/revisions\/"}],"predecessor-version":[{"id":3073,"href":"https:\/\/nevenkomerc.com\/elesa-ganter\/wp-json\/wp\/v2\/pages\/3052\/revisions\/3073\/"}],"up":[{"embeddable":true,"href":"https:\/\/nevenkomerc.com\/elesa-ganter\/wp-json\/wp\/v2\/pages\/25\/"}],"wp:attachment":[{"href":"https:\/\/nevenkomerc.com\/elesa-ganter\/wp-json\/wp\/v2\/media\/?parent=3052"}],"curies":[{"name":"wp","href":"https:\/\/api.w.org\/{rel}","templated":true}]}}