{"id":475,"date":"2020-10-13T10:35:10","date_gmt":"2020-10-13T10:35:10","guid":{"rendered":"https:\/\/nevenkomerc.com\/elesa-ganter\/?page_id=475"},"modified":"2021-11-06T10:02:57","modified_gmt":"2021-11-06T10:02:57","slug":"elesa-ganter-srbija","status":"publish","type":"page","link":"https:\/\/nevenkomerc.com\/elesa-ganter\/proizvodi\/elesa-ganter-srbija\/","title":{"rendered":"Elesa+Ganter"},"content":{"rendered":"<div class=\"flex_column av_one_full  flex_column_div av-zero-column-padding first  avia-builder-el-0  el_before_av_one_full  avia-builder-el-first  \" style='border-radius:0px; '><div  class='avia-image-container  av-styling-    avia-builder-el-1  avia-builder-el-no-sibling  avia-align-center '  itemprop=\"image\" itemscope=\"itemscope\" itemtype=\"https:\/\/schema.org\/ImageObject\"  ><div class='avia-image-container-inner'><div class='avia-image-overlay-wrap'><img class='wp-image-484 avia-img-lazy-loading-not-484 avia_image' src=\"https:\/\/nevenkomerc.com\/elesa-ganter\/wp-content\/uploads\/2020\/10\/elesaganter.jpg\" alt='' title='elesaganter' height=\"509\" width=\"800\"  itemprop=\"thumbnailUrl\" srcset=\"https:\/\/nevenkomerc.com\/elesa-ganter\/wp-content\/uploads\/2020\/10\/elesaganter.jpg 800w, https:\/\/nevenkomerc.com\/elesa-ganter\/wp-content\/uploads\/2020\/10\/elesaganter-300x191.jpg 300w, https:\/\/nevenkomerc.com\/elesa-ganter\/wp-content\/uploads\/2020\/10\/elesaganter-768x489.jpg 768w, https:\/\/nevenkomerc.com\/elesa-ganter\/wp-content\/uploads\/2020\/10\/elesaganter-705x449.jpg 705w\" sizes=\"(max-width: 800px) 100vw, 800px\" \/><\/div><\/div><\/div><\/div>\n<div class=\"flex_column av_one_full  flex_column_div av-zero-column-padding first  avia-builder-el-2  el_after_av_one_full  el_before_av_one_full  column-top-margin\" style='border-radius:0px; '><p><div  class='avia-image-container  av-styling-    avia-builder-el-3  el_before_av_hr  avia-builder-el-first  avia-align-left '  itemprop=\"image\" itemscope=\"itemscope\" itemtype=\"https:\/\/schema.org\/ImageObject\"  ><div class='avia-image-container-inner'><div class='avia-image-overlay-wrap'><a href='https:\/\/www.elesa-ganter.com\/en\/www' class='avia_image' target=\"_blank\" rel=\"noopener noreferrer\"><img width=\"300\" height=\"53\" class='wp-image-3015 avia-img-lazy-loading-not-3015 avia_image' src=\"https:\/\/nevenkomerc.com\/elesa-ganter\/wp-content\/uploads\/2021\/11\/elesa-ganter-logo.png\" alt='' title='elesa-ganter-logo'  itemprop=\"thumbnailUrl\"  \/><\/a><\/div><\/div><\/div><br \/>\n<div   class='hr hr-default   avia-builder-el-4  el_after_av_image  el_before_av_textblock '><span class='hr-inner ' ><span class='hr-inner-style'><\/span><\/span><\/div><br \/>\n<section class=\"av_textblock_section \"  itemscope=\"itemscope\" itemtype=\"https:\/\/schema.org\/CreativeWork\" ><div class='avia_textblock  '   itemprop=\"text\" ><p><span style=\"color: red;\">ELESA+GANTER<\/span> je zajedni\u010dko prodajno ulaganje na svetskom nivou sklopljeno izme\u0111u kompanija Elesa S.p.A. (Italija) i Otto Ganter GmbH &#038; Co. KG (Nema\u010dka). Posle vi\u0161e od 20 godina uspe\u0161ne saradnje, ove dve kompanije su 1995. godine po\u010dele da formiraju kombinovani asortiman proizvoda i zajedni\u010dku prodajnu mre\u017eu koriste\u0107i za\u0161titni znak <span style=\"color: red;\">ELESA+GANTER<\/span>.<\/p>\n<p>Kombinacija znanja iz oblasti dizajna i tehni\u010dke plastike kompanije ELESA i stru\u010dnosti i preciznosti kompanije GANTER u izradi metalnih delova odlika su jedinstvenog asortimana kompanija <span style=\"color: red;\">ELESA+GANTER<\/span>.<\/p>\n<p><b>\u201eNeven-komerc\u201c d.o.o<\/b>. nudi \u0161irok asortiman standardnih ma\u0161inskih elemenata kompanije <span style=\"color: red;\">ELESA+GANTER<\/span>, a kompletan program mo\u017eete da pogledate preko internet stranice <a href=\"https:\/\/www.elesa-ganter.com\/en\/www\" target=\"_blank\" rel=\"noopener noreferrer\">https:\/\/www.elesa-ganter.com\/en\/www<\/a><\/p>\n<\/div><\/section><\/p><\/div><div class=\"flex_column av_one_full  flex_column_div av-zero-column-padding first  avia-builder-el-6  el_after_av_one_full  avia-builder-el-last  column-top-margin\" style='border-radius:0px; '><section class=\"av_textblock_section \"  itemscope=\"itemscope\" itemtype=\"https:\/\/schema.org\/CreativeWork\" ><div class='avia_textblock  '   itemprop=\"text\" ><h5><strong><a href=\"https:\/\/nevenkomerc.com\/elesa-ganter\/elesa-ganter\/elementi-za-rukovanje\/\">Elementi za rukovanje<\/a><\/strong><\/h5>\n<h5><strong><a href=\"https:\/\/nevenkomerc.com\/elesa-ganter\/elesa-ganter\/2-stezna-dugmad\/\">Stezna dugmad<\/a><\/strong><\/h5>\n<h5><strong><a href=\"https:\/\/nevenkomerc.com\/elesa-ganter\/elesa-ganter\/zatezne-poluge\/\">Zatezne poluge<\/a><\/strong><\/h5>\n<h5><strong><a href=\"https:\/\/nevenkomerc.com\/elesa-ganter\/elesa-ganter\/u-rukohvati\/\">U &#8211; rukohvati<\/a><\/strong><\/h5>\n<h5><strong><a href=\"https:\/\/nevenkomerc.com\/elesa-ganter\/elesa-ganter\/fiksne-i-obrtne-rucice\/\">Fiksne i obrtne ru\u010dice<\/a><\/strong><\/h5>\n<h5><strong><a href=\"https:\/\/nevenkomerc.com\/elesa-ganter\/elesa-ganter\/kontrolni-elementi\/\">Kontrolni elementi<\/a><\/strong><\/h5>\n<h5><strong><a href=\"https:\/\/nevenkomerc.com\/elesa-ganter\/elesa-ganter\/rotacione-kontrole\/\">Rotacione kontrole<\/a><\/strong><\/h5>\n<h5><strong><a href=\"https:\/\/nevenkomerc.com\/elesa-ganter\/elesa-ganter\/kontrolni-elementi\/\">Kontrolni elementi<\/a><\/strong><\/h5>\n<h5><strong><a href=\"https:\/\/nevenkomerc.com\/elesa-ganter\/elesa-ganter\/elementi-za-indeksiranje\/\">Elementi za indeksiranje<\/a><\/strong><\/h5>\n<h5><strong><a href=\"https:\/\/nevenkomerc.com\/elesa-ganter\/elesa-ganter\/masinski-elementi\/\">Ma\u0161inski elementi<\/a><\/strong><\/h5>\n<h5><strong><a href=\"https:\/\/nevenkomerc.com\/elesa-ganter\/elesa-ganter\/zglobni-elementi\/\">Zglobni elementi<\/a><\/strong><\/h5>\n<h5><strong><a href=\"https:\/\/nevenkomerc.com\/elesa-ganter\/elesa-ganter\/elementi-za-nivelisanje\/\">Elementi za nivelisanje<\/a><\/strong><\/h5>\n<h5><strong><a href=\"https:\/\/nevenkomerc.com\/elesa-ganter\/elesa-ganter\/sarke\/\">\u0160arke<\/a><\/strong><\/h5>\n<h5><strong><a href=\"https:\/\/nevenkomerc.com\/elesa-ganter\/elesa-ganter\/bravice\/\">Bravice<\/a><\/strong><\/h5>\n<h5><strong><a href=\"https:\/\/nevenkomerc.com\/elesa-ganter\/elesa-ganter\/brzo-preklopne-pneumatske-i-kukaste-stege\/\">Brzo preklopne, pneumatske i kukaste stege<\/a><\/strong><\/h5>\n<h5><strong><a href=\"https:\/\/nevenkomerc.com\/elesa-ganter\/elesa-ganter\/dodaci-za-hidraulicne-sisteme\/\">Dodaci za hidrauli\u010dne sisteme<\/a><\/strong><\/h5>\n<h5><strong><a href=\"https:\/\/nevenkomerc.com\/elesa-ganter\/elesa-ganter\/stezne-spojnice-cevastih-profila\/\">Stezne spojnice cevastih profila<\/a><\/strong><\/h5>\n<h5><strong><a href=\"https:\/\/nevenkomerc.com\/elesa-ganter\/elesa-ganter\/tockici\/\">To\u010dki\u0107i<\/a><\/strong><\/h5>\n<h5><a href=\"https:\/\/nevenkomerc.com\/elesa-ganter\/elesa-ganter\/magneti\/\"><strong>Magneti<\/strong><\/a><\/h5>\n<h5><a href=\"https:\/\/nevenkomerc.com\/elesa-ganter\/proizvodi\/elesa-ganter-srbija\/komponente-za-transportne-sisteme\/\">Komponente za transportne sisteme<\/a><\/h5>\n<h5><a href=\"https:\/\/nevenkomerc.com\/elesa-ganter\/proizvodi\/elesa-ganter-srbija\/linearni-sistemi\/\">Linearni sistemi<\/a><\/h5>\n<\/div><\/section><\/div><\/p>\n","protected":false},"excerpt":{"rendered":"","protected":false},"author":2,"featured_media":0,"parent":25,"menu_order":0,"comment_status":"closed","ping_status":"closed","template":"","meta":[],"yoast_head":"<!-- This site is optimized with the Yoast SEO plugin v15.1.1 - https:\/\/yoast.com\/wordpress\/plugins\/seo\/ -->\n<title>Elesa+Ganter - Elesa Ganter Srbija - Neven komerc<\/title>\n<meta name=\"description\" content=\"Neven-komerc ima zastupni\u0161tvo za ELESA+GANTER, kompaniju koja nudi \u0161irok asortiman standardnih ma\u0161inskih elemenata. Elesa Ganter Srbija.\" \/>\n<meta name=\"robots\" content=\"index, follow, max-snippet:-1, max-image-preview:large, max-video-preview:-1\" \/>\n<link rel=\"canonical\" href=\"https:\/\/nevenkomerc.com\/elesa-ganter\/proizvodi\/elesa-ganter-srbija\/\" \/>\n<meta property=\"og:locale\" content=\"sr_RS\" \/>\n<meta property=\"og:type\" content=\"article\" \/>\n<meta property=\"og:title\" content=\"Elesa+Ganter - Elesa Ganter Srbija - Neven komerc\" \/>\n<meta property=\"og:description\" content=\"Neven-komerc ima zastupni\u0161tvo za ELESA+GANTER, kompaniju koja nudi \u0161irok asortiman standardnih ma\u0161inskih elemenata. Elesa Ganter Srbija.\" \/>\n<meta property=\"og:url\" content=\"https:\/\/nevenkomerc.com\/elesa-ganter\/proizvodi\/elesa-ganter-srbija\/\" \/>\n<meta property=\"og:site_name\" content=\"Elesa Ganter Srbija - Neven komerc\" \/>\n<meta property=\"article:modified_time\" content=\"2021-11-06T10:02:57+00:00\" \/>\n<meta name=\"twitter:card\" content=\"summary_large_image\" \/>\n<script type=\"application\/ld+json\" class=\"yoast-schema-graph\">{\"@context\":\"https:\/\/schema.org\",\"@graph\":[{\"@type\":\"WebSite\",\"@id\":\"https:\/\/nevenkomerc.com\/elesa-ganter\/#website\",\"url\":\"https:\/\/nevenkomerc.com\/elesa-ganter\/\",\"name\":\"Elesa Ganter Srbija - Neven komerc\",\"description\":\"\\u201eNeven-komerc\\u201c d.o.o. ima zastupni\\u0161tvo za ELESA+GANTER, svetsku kompaniju koja nudi \\u0161irok asortiman standardnih ma\\u0161inskih elemenata za ma\\u0161insku industriju.\",\"potentialAction\":[{\"@type\":\"SearchAction\",\"target\":\"https:\/\/nevenkomerc.com\/elesa-ganter\/?s={search_term_string}\",\"query-input\":\"required name=search_term_string\"}],\"inLanguage\":\"sr-RS\"},{\"@type\":\"WebPage\",\"@id\":\"https:\/\/nevenkomerc.com\/elesa-ganter\/proizvodi\/elesa-ganter-srbija\/#webpage\",\"url\":\"https:\/\/nevenkomerc.com\/elesa-ganter\/proizvodi\/elesa-ganter-srbija\/\",\"name\":\"Elesa+Ganter - Elesa Ganter Srbija - Neven komerc\",\"isPartOf\":{\"@id\":\"https:\/\/nevenkomerc.com\/elesa-ganter\/#website\"},\"datePublished\":\"2020-10-13T10:35:10+00:00\",\"dateModified\":\"2021-11-06T10:02:57+00:00\",\"description\":\"Neven-komerc ima zastupni\\u0161tvo za ELESA+GANTER, kompaniju koja nudi \\u0161irok asortiman standardnih ma\\u0161inskih elemenata. Elesa Ganter Srbija.\",\"inLanguage\":\"sr-RS\",\"potentialAction\":[{\"@type\":\"ReadAction\",\"target\":[\"https:\/\/nevenkomerc.com\/elesa-ganter\/proizvodi\/elesa-ganter-srbija\/\"]}]}]}<\/script>\n<!-- \/ Yoast SEO plugin. -->","_links":{"self":[{"href":"https:\/\/nevenkomerc.com\/elesa-ganter\/wp-json\/wp\/v2\/pages\/475\/"}],"collection":[{"href":"https:\/\/nevenkomerc.com\/elesa-ganter\/wp-json\/wp\/v2\/pages\/"}],"about":[{"href":"https:\/\/nevenkomerc.com\/elesa-ganter\/wp-json\/wp\/v2\/types\/page\/"}],"author":[{"embeddable":true,"href":"https:\/\/nevenkomerc.com\/elesa-ganter\/wp-json\/wp\/v2\/users\/2\/"}],"replies":[{"embeddable":true,"href":"https:\/\/nevenkomerc.com\/elesa-ganter\/wp-json\/wp\/v2\/comments\/?post=475"}],"version-history":[{"count":51,"href":"https:\/\/nevenkomerc.com\/elesa-ganter\/wp-json\/wp\/v2\/pages\/475\/revisions\/"}],"predecessor-version":[{"id":3051,"href":"https:\/\/nevenkomerc.com\/elesa-ganter\/wp-json\/wp\/v2\/pages\/475\/revisions\/3051\/"}],"up":[{"embeddable":true,"href":"https:\/\/nevenkomerc.com\/elesa-ganter\/wp-json\/wp\/v2\/pages\/25\/"}],"wp:attachment":[{"href":"https:\/\/nevenkomerc.com\/elesa-ganter\/wp-json\/wp\/v2\/media\/?parent=475"}],"curies":[{"name":"wp","href":"https:\/\/api.w.org\/{rel}","templated":true}]}}