{"id":544,"date":"2020-10-13T19:33:29","date_gmt":"2020-10-13T19:33:29","guid":{"rendered":"https:\/\/nevenkomerc.com\/elesa-ganter\/?page_id=544"},"modified":"2020-10-23T12:08:25","modified_gmt":"2020-10-23T12:08:25","slug":"usluge","status":"publish","type":"page","link":"https:\/\/nevenkomerc.com\/elesa-ganter\/usluge\/","title":{"rendered":"Usluge"},"content":{"rendered":"<div class=\"flex_column av_one_full  flex_column_div av-zero-column-padding first  avia-builder-el-0  avia-builder-el-no-sibling  \" style='border-radius:0px; '><p><div  class='avia-image-container  av-styling-    avia-builder-el-1  el_before_av_textblock  avia-builder-el-first  avia-align-center '  itemprop=\"image\" itemscope=\"itemscope\" itemtype=\"https:\/\/schema.org\/ImageObject\"  ><div class='avia-image-container-inner'><div class='avia-image-overlay-wrap'><img class='wp-image-545 avia-img-lazy-loading-not-545 avia_image' src=\"https:\/\/nevenkomerc.com\/elesa-ganter\/wp-content\/uploads\/2020\/10\/usluge-1030x772.jpg\" alt='' title='usluge' height=\"772\" width=\"1030\"  itemprop=\"thumbnailUrl\" srcset=\"https:\/\/nevenkomerc.com\/elesa-ganter\/wp-content\/uploads\/2020\/10\/usluge-1030x772.jpg 1030w, https:\/\/nevenkomerc.com\/elesa-ganter\/wp-content\/uploads\/2020\/10\/usluge-300x225.jpg 300w, https:\/\/nevenkomerc.com\/elesa-ganter\/wp-content\/uploads\/2020\/10\/usluge-768x576.jpg 768w, https:\/\/nevenkomerc.com\/elesa-ganter\/wp-content\/uploads\/2020\/10\/usluge-1536x1151.jpg 1536w, https:\/\/nevenkomerc.com\/elesa-ganter\/wp-content\/uploads\/2020\/10\/usluge-1500x1124.jpg 1500w, https:\/\/nevenkomerc.com\/elesa-ganter\/wp-content\/uploads\/2020\/10\/usluge-705x528.jpg 705w, https:\/\/nevenkomerc.com\/elesa-ganter\/wp-content\/uploads\/2020\/10\/usluge.jpg 2000w\" sizes=\"(max-width: 1030px) 100vw, 1030px\" \/><\/div><\/div><\/div><br \/>\n<section class=\"av_textblock_section \"  itemscope=\"itemscope\" itemtype=\"https:\/\/schema.org\/CreativeWork\" ><div class='avia_textblock  '   itemprop=\"text\" ><p><strong>\u201eNeven-komerc\u201c doo<\/strong> pru\u017ea uslugu <strong>tehni\u010dke podr\u0161ke i\u00a0 servisa<\/strong> &#8211; stru\u010dnog saveta, profesionalnu podr\u0161ku i proaktivno odr\u017eavanje tokom \u010ditavog \u017eivotnog ciklusa motornog programa za \u00a0<strong>Husqvarna proizvode, proizvode Honde i Farma (Wurth).<\/strong><\/p>\n<p>Tako\u0111e, kod nas mo\u017eete prona\u0107i veliki izbor originalnih rezervnih delova i opreme za va\u0161u ma\u0161inu ili alat. \u00a0Zamenjujuc\u0301i ih samo originalnim delovima, obezbedic\u0301ete da va\u0161e motorne ma\u0161ine\u00a0 odr\u017eavaju optimalne performanse i sigurnost tokom svog \u017eivotnog ciklusa.<\/p>\n<p>Na\u0161 tim tehni\u010dke podr\u0161ke i servisa redovno usavr\u0161ava svoje ve\u0161tine u servisu i popravkama kroz razne obuke i seminare. Do\u0111ite i uverite se!<\/p>\n<\/div><\/section><\/p><\/div>\n","protected":false},"excerpt":{"rendered":"","protected":false},"author":2,"featured_media":0,"parent":0,"menu_order":0,"comment_status":"closed","ping_status":"closed","template":"","meta":[],"yoast_head":"<!-- This site is optimized with the Yoast SEO plugin v15.1.1 - https:\/\/yoast.com\/wordpress\/plugins\/seo\/ -->\n<title>Usluge - Elesa Ganter Srbija - Neven komerc<\/title>\n<meta name=\"robots\" content=\"index, follow, max-snippet:-1, max-image-preview:large, max-video-preview:-1\" \/>\n<link rel=\"canonical\" href=\"https:\/\/nevenkomerc.com\/elesa-ganter\/usluge\/\" \/>\n<meta property=\"og:locale\" content=\"sr_RS\" \/>\n<meta property=\"og:type\" content=\"article\" \/>\n<meta property=\"og:title\" content=\"Usluge - Elesa Ganter Srbija - Neven komerc\" \/>\n<meta property=\"og:url\" content=\"https:\/\/nevenkomerc.com\/elesa-ganter\/usluge\/\" \/>\n<meta property=\"og:site_name\" content=\"Elesa Ganter Srbija - Neven komerc\" \/>\n<meta property=\"article:modified_time\" content=\"2020-10-23T12:08:25+00:00\" \/>\n<meta name=\"twitter:card\" content=\"summary_large_image\" \/>\n<script type=\"application\/ld+json\" class=\"yoast-schema-graph\">{\"@context\":\"https:\/\/schema.org\",\"@graph\":[{\"@type\":\"WebSite\",\"@id\":\"https:\/\/nevenkomerc.com\/elesa-ganter\/#website\",\"url\":\"https:\/\/nevenkomerc.com\/elesa-ganter\/\",\"name\":\"Elesa Ganter Srbija - Neven komerc\",\"description\":\"\\u201eNeven-komerc\\u201c d.o.o. ima zastupni\\u0161tvo za ELESA+GANTER, svetsku kompaniju koja nudi \\u0161irok asortiman standardnih ma\\u0161inskih elemenata za ma\\u0161insku industriju.\",\"potentialAction\":[{\"@type\":\"SearchAction\",\"target\":\"https:\/\/nevenkomerc.com\/elesa-ganter\/?s={search_term_string}\",\"query-input\":\"required name=search_term_string\"}],\"inLanguage\":\"sr-RS\"},{\"@type\":\"WebPage\",\"@id\":\"https:\/\/nevenkomerc.com\/elesa-ganter\/usluge\/#webpage\",\"url\":\"https:\/\/nevenkomerc.com\/elesa-ganter\/usluge\/\",\"name\":\"Usluge - Elesa Ganter Srbija - Neven komerc\",\"isPartOf\":{\"@id\":\"https:\/\/nevenkomerc.com\/elesa-ganter\/#website\"},\"datePublished\":\"2020-10-13T19:33:29+00:00\",\"dateModified\":\"2020-10-23T12:08:25+00:00\",\"inLanguage\":\"sr-RS\",\"potentialAction\":[{\"@type\":\"ReadAction\",\"target\":[\"https:\/\/nevenkomerc.com\/elesa-ganter\/usluge\/\"]}]}]}<\/script>\n<!-- \/ Yoast SEO plugin. -->","_links":{"self":[{"href":"https:\/\/nevenkomerc.com\/elesa-ganter\/wp-json\/wp\/v2\/pages\/544\/"}],"collection":[{"href":"https:\/\/nevenkomerc.com\/elesa-ganter\/wp-json\/wp\/v2\/pages\/"}],"about":[{"href":"https:\/\/nevenkomerc.com\/elesa-ganter\/wp-json\/wp\/v2\/types\/page\/"}],"author":[{"embeddable":true,"href":"https:\/\/nevenkomerc.com\/elesa-ganter\/wp-json\/wp\/v2\/users\/2\/"}],"replies":[{"embeddable":true,"href":"https:\/\/nevenkomerc.com\/elesa-ganter\/wp-json\/wp\/v2\/comments\/?post=544"}],"version-history":[{"count":2,"href":"https:\/\/nevenkomerc.com\/elesa-ganter\/wp-json\/wp\/v2\/pages\/544\/revisions\/"}],"predecessor-version":[{"id":2421,"href":"https:\/\/nevenkomerc.com\/elesa-ganter\/wp-json\/wp\/v2\/pages\/544\/revisions\/2421\/"}],"wp:attachment":[{"href":"https:\/\/nevenkomerc.com\/elesa-ganter\/wp-json\/wp\/v2\/media\/?parent=544"}],"curies":[{"name":"wp","href":"https:\/\/api.w.org\/{rel}","templated":true}]}}