{"id":575,"date":"2020-10-14T05:21:30","date_gmt":"2020-10-14T05:21:30","guid":{"rendered":"https:\/\/nevenkomerc.com\/elesa-ganter\/?page_id=575"},"modified":"2021-04-13T15:44:20","modified_gmt":"2021-04-13T15:44:20","slug":"2-stezna-dugmad","status":"publish","type":"page","link":"https:\/\/nevenkomerc.com\/elesa-ganter\/proizvodi\/elesa-ganter-srbija\/2-stezna-dugmad\/","title":{"rendered":"Stezna dugmad"},"content":{"rendered":"<div  style='padding-bottom:10px; ' class='av-special-heading av-special-heading-h3  blockquote classic-quote classic-quote-left  avia-builder-el-0  el_before_av_one_third  avia-builder-el-first  '><h3 class='av-special-heading-tag '  itemprop=\"headline\"  >Stezna dugmad<\/h3><div class='special-heading-border'><div class='special-heading-inner-border' ><\/div><\/div><\/div>\n<div class=\"flex_column av_one_third  flex_column_div av-zero-column-padding first  avia-builder-el-1  el_after_av_heading  el_before_av_two_third  \" style='border-radius:0px; '><div  class='avia-image-container  av-styling-    avia-builder-el-2  avia-builder-el-no-sibling  avia-align-center '  itemprop=\"image\" itemscope=\"itemscope\" itemtype=\"https:\/\/schema.org\/ImageObject\"  ><div class='avia-image-container-inner'><div class='avia-image-overlay-wrap'><img class='wp-image-618 avia-img-lazy-loading-not-618 avia_image' src=\"https:\/\/nevenkomerc.com\/elesa-ganter\/wp-content\/uploads\/2020\/10\/elesa-steznadugmad-300x179.jpg\" alt='' title='elesa-steznadugmad' height=\"179\" width=\"300\"  itemprop=\"thumbnailUrl\" srcset=\"https:\/\/nevenkomerc.com\/elesa-ganter\/wp-content\/uploads\/2020\/10\/elesa-steznadugmad-300x179.jpg 300w, https:\/\/nevenkomerc.com\/elesa-ganter\/wp-content\/uploads\/2020\/10\/elesa-steznadugmad-1030x615.jpg 1030w, https:\/\/nevenkomerc.com\/elesa-ganter\/wp-content\/uploads\/2020\/10\/elesa-steznadugmad-768x459.jpg 768w, https:\/\/nevenkomerc.com\/elesa-ganter\/wp-content\/uploads\/2020\/10\/elesa-steznadugmad-705x421.jpg 705w, https:\/\/nevenkomerc.com\/elesa-ganter\/wp-content\/uploads\/2020\/10\/elesa-steznadugmad.jpg 1078w\" sizes=\"(max-width: 300px) 100vw, 300px\" \/><\/div><\/div><\/div><\/div>\n<div class=\"flex_column av_two_third  flex_column_div av-zero-column-padding   avia-builder-el-3  el_after_av_one_third  el_before_av_hr  \" style='border-radius:0px; '><section class=\"av_textblock_section \"  itemscope=\"itemscope\" itemtype=\"https:\/\/schema.org\/CreativeWork\" ><div class='avia_textblock  '   itemprop=\"text\" ><p>U ponudi <strong>\u201eNeven-komerc\u201c d.o.o.\u00a0 <\/strong>je \u0161irok izbor <span style=\"color: red;\">ELESA+GANTER<\/span> steznih dugmadi u razli\u010ditim oblicima i dimenzijama (<strong>zvezdasta i cvetasta dugmad, navrtke sa narescakom glavom, leptir dugmad<\/strong>) za primenu u razli\u010ditim industrijama. Stezni elementi su dostupni u razli\u010ditim materijalima: ner\u0111ajuc\u0301i \u010delik, tehnopolimer, fenolni Duroplast, aluminijum.<br \/>\nDetaljnije na internet stranici <a href=\"https:\/\/www.elesa-ganter.com\/en\/www\/products\/clamping-knobs--1#\" target=\"_blank\" rel=\"noopener noreferrer\">Stezna dugmad<\/a><\/p>\n<\/div><\/section><\/div><div   class='hr hr-default   avia-builder-el-5  el_after_av_two_third  el_before_av_table '><span class='hr-inner ' ><span class='hr-inner-style'><\/span><\/span><\/div><\/p>\n<div class='avia-data-table-wrap avia_responsive_table'><table  class='avia-table avia-data-table avia-table-1  avia-builder-el-6  el_after_av_hr  el_before_av_button  avia_pricing_default '  itemscope=\"itemscope\" itemtype=\"https:\/\/schema.org\/Table\" ><tbody><tr class=''><td class=''><\/p>\n<p style=\"text-align:center\"><span style=\"vertical-align: top;\"><img src=\"https:\/\/nevenkomerc.com\/elesa-ganter\/wp-content\/uploads\/2020\/10\/elesa-2-VB639.jpg\" style=\"width:100pt;height:100pt\" \/><\/span><br \/>\n<span style=\"vertical-align: top;\"><br \/>\n<b>VB.639<\/b><br \/>\nTrokrake zvezdaste navrtke<br \/>\nTehnopolimer<br \/>\nPre\u010dnici: 45 do 130 mm<br \/>\n<\/span><\/p>\n<p><\/td><td class=''><\/p>\n<p style=\"text-align:center\"><span style=\"vertical-align: top;\"><img src=\"https:\/\/nevenkomerc.com\/elesa-ganter\/wp-content\/uploads\/2020\/10\/elesa-2-VTT.jpg\" style=\"width:100pt;height:100pt\" \/><\/span><br \/>\n<span style=\"vertical-align: top;\"><br \/>\n<b>VTT<\/b><br \/>\nTrokraka zvezdasta navrtka<br \/>\nTehnopolimer<br \/>\nLako \u010di\u0161\u0107enje<br \/>\nPre\u010dnici : 25 do 60 mm<br \/>\n<\/span><\/p>\n<p><\/td><td class=''><\/p>\n<p style=\"text-align:center\"><span style=\"vertical-align: top;\"><img src=\"https:\/\/nevenkomerc.com\/elesa-ganter\/wp-content\/uploads\/2020\/10\/elesa-2-GN53454.jpg\" style=\"width:100pt;height:100pt\" \/><\/span><br \/>\n<span style=\"vertical-align: top;\"><br \/>\n<b>GN 5345.4<\/b><br \/>\nTrokraka zvezdasta navrtka<br \/>\nNer\u0111aju\u0107i \u010delik<br \/>\nMaterijal AISI 316L (A4)<br \/>\nPre\u010dnici: 40 do 60 mm<br \/>\n<\/span><\/p>\n<p><\/td><\/tr><tr class=''><td class=''><\/p>\n<p style=\"text-align:center\"><span style=\"vertical-align: top;\"><img src=\"https:\/\/nevenkomerc.com\/elesa-ganter\/wp-content\/uploads\/2020\/10\/elesa-2-VCT.jpg\" style=\"width:100pt;height:100pt\" \/><\/span><br \/>\n<span style=\"vertical-align: top;\"><br \/>\n<b>VCT.<\/b><br \/>\nZvezdaste navrtke<br \/>\nTehnopolimer<br \/>\nPre\u010dnici: 25 do 95 mm<br \/>\n<\/span><\/p>\n<p><\/td><td class=''><\/p>\n<p style=\"text-align:center\"><span style=\"vertical-align: top;\"><img src=\"https:\/\/nevenkomerc.com\/elesa-ganter\/wp-content\/uploads\/2020\/10\/elesa-2-VC692.jpg\" style=\"width:100pt;height:100pt\" \/><\/span><br \/>\n<span style=\"vertical-align: top;\"><br \/>\n<b>VC.692<\/b><br \/>\nZvezdaste navrtke<br \/>\nTehnopolimer<br \/>\nLako \u010di\u0161\u0107enje<br \/>\nPre\u010dnici: 25 do 60 mm<br \/>\n<\/span><\/p>\n<p><\/td><td class=''><\/p>\n<p style=\"text-align:center\"><span style=\"vertical-align: top;\"><img src=\"https:\/\/nevenkomerc.com\/elesa-ganter\/wp-content\/uploads\/2020\/10\/elesa-2-GN5335.jpg\" style=\"width:100pt;height:100pt\" \/><\/span><br \/>\n<span style=\"vertical-align: top;\"><br \/>\n<b>GN 5335<\/b><br \/>\nZvezdaste navrtke od ner\u0111aju\u0107kog \u010delika<br \/>\nNer\u0111aju\u0107i \u010delik<br \/>\nAISI 303 (A2)<br \/>\nPre\u010dnici: 40 do 60 mm<br \/>\n<\/span><\/p>\n<p><\/td><\/tr><tr class=''><td class=''><\/p>\n<p style=\"text-align:center\"><span style=\"vertical-align: top;\"><img src=\"https:\/\/nevenkomerc.com\/elesa-ganter\/wp-content\/uploads\/2020\/10\/elesa-2-DIN6335.jpg\" style=\"width:100pt;height:100pt\" \/><\/span><br \/>\n<span style=\"vertical-align: top;\"><br \/>\n<b>DIN 6335<\/b><br \/>\nKrstaste navrtke od aluminijuma<br \/>\nLiveno gvo\u017e\u0111e \/<br \/>\nner\u0111aju\u0107i \u010delik \/<br \/>\naluminijum<br \/>\nPre\u010dnici: 32 do 100 mm<br \/>\n<\/span><\/p>\n<p><\/td><td class=''><\/p>\n<p style=\"text-align:center\"><span style=\"vertical-align: top;\"><img src=\"https:\/\/nevenkomerc.com\/elesa-ganter\/wp-content\/uploads\/2020\/10\/elesa-2-GN53395.jpg\" style=\"width:100pt;height:100pt\" \/><\/span><br \/>\n<span style=\"vertical-align: top;\"><br \/>\n<b>GN 5339.5<\/b><br \/>\nTruugaone navrtke od ner\u0111aju\u0107eg \u010delika<br \/>\nPre\u010dnici:32 do 60 mm<br \/>\n<\/span><\/p>\n<p><\/td><td class=''><\/p>\n<p style=\"text-align:center\"><span style=\"vertical-align: top;\"><img src=\"https:\/\/nevenkomerc.com\/elesa-ganter\/wp-content\/uploads\/2020\/10\/elesa-2-BT.jpg\" style=\"width:100pt;height:100pt\" \/><\/span><br \/>\n<span style=\"vertical-align: top;\"><br \/>\n<b>BT.<\/b><br \/>\nNavrtke sa nareckanom glavom<br \/>\nTehnopolimer<br \/>\nPre\u010dnici:12 do 50 mm<br \/>\n<\/span><\/p>\n<p><\/td><\/tr><tr class=''><td class=''><\/p>\n<p style=\"text-align:center\"><span style=\"vertical-align: top;\"><img src=\"https:\/\/nevenkomerc.com\/elesa-ganter\/wp-content\/uploads\/2020\/10\/elesa-2-B193.jpg\" style=\"width:100pt;height:100pt\" \/><\/span><br \/>\n<span style=\"vertical-align: top;\"><br \/>\n<b>B.193<\/b><br \/>\nRavne navrtke sa nareckanom glavom<br \/>\nDuroplast<br \/>\nPre\u010dnici:15 do 50 mm<br \/>\n<\/span><\/p>\n<p><\/td><td class=''><\/p>\n<p style=\"text-align:center\"><span style=\"vertical-align: top;\"><img src=\"https:\/\/nevenkomerc.com\/elesa-ganter\/wp-content\/uploads\/2020\/10\/elesa-2-DIN464.jpg\" style=\"width:100pt;height:100pt\" \/><\/span><br \/>\n<span style=\"vertical-align: top;\"><br \/>\n<b>DIN 464<\/b><br \/>\nVijci sa nareckanom glavom<br \/>\n\u010celik \/ ner\u0111aju\u0107i \u010delik<br \/>\nPre\u010dnici: 4 do 40 mm<br \/>\n<\/span><\/p>\n<p><\/td><td class=''><\/p>\n<p style=\"text-align:center\"><span style=\"vertical-align: top;\"><img src=\"https:\/\/nevenkomerc.com\/elesa-ganter\/wp-content\/uploads\/2020\/10\/elesa-2-MBT.jpg\" style=\"width:100pt;height:100pt\" \/><\/span><br \/>\n<span style=\"vertical-align: top;\"><br \/>\n<b>MBT.<\/b><br \/>\nNavrtka sa nareckanom glavom<br \/>\nTehnopolimer<br \/>\nPre\u010dnici: 30 do 70 mm<br \/>\n<\/span><\/p>\n<p><\/td><\/tr><tr class=''><td class=''><\/p>\n<p style=\"text-align:center\"><span style=\"vertical-align: top;\"><img src=\"https:\/\/nevenkomerc.com\/elesa-ganter\/wp-content\/uploads\/2020\/10\/elesa-2-GN3663.jpg\" style=\"width:100pt;height:100pt\" \/><\/span><br \/>\n<span style=\"vertical-align: top;\"><br \/>\n<b>GN 3663<\/b><br \/>\nMoment navrtke sa nareckanom glavom \/<br \/>\nMoment vijci za navrtke sa nareckanom glavom<br \/>\nPre\u010dnici: 27 do 62 mm<br \/>\n<\/span><\/p>\n<p><\/td><td class=''><\/p>\n<p style=\"text-align:center\"><span style=\"vertical-align: top;\"><img src=\"https:\/\/nevenkomerc.com\/elesa-ganter\/wp-content\/uploads\/2020\/10\/elesa-2-EWN.jpg\" style=\"width:100pt;height:100pt\" \/><\/span><br \/>\n<span style=\"vertical-align: top;\"><br \/>\n<b>EWN.<\/b><br \/>\nLeptir navrtke<br \/>\nTehnopolimer<br \/>\nPre\u010dnici: 40 do 70 mm<br \/>\n<\/span><\/p>\n<p><\/td><td class=''><\/p>\n<p style=\"text-align:center\"><span style=\"vertical-align: top;\"><img src=\"https:\/\/nevenkomerc.com\/elesa-ganter\/wp-content\/uploads\/2020\/10\/elesa-2-GN835.jpg\" style=\"width:100pt;height:100pt\" \/><\/span><br \/>\n<span style=\"vertical-align: top;\"><br \/>\n<b>GN 835<\/b><br \/>\nLeptir vijci od<br \/>\nner\u0111aju\u0107eg \u010delika<br \/>\nPre\u010dnici: 46 do 58 mm<br \/>\n<\/span><\/p>\n<p><\/td><\/tr><\/tbody><\/table><\/div><style type='text\/css'><\/style>\n<div  class='avia-button-wrap avia-button-left  avia-builder-el-7  el_after_av_table  avia-builder-el-last ' ><a href='https:\/\/nevenkomerc.com\/elesa-ganter\/proizvodi\/elesa-ganter-srbija\/'  class='avia-button  avia-color-theme-color   avia-icon_select-yes-left-icon avia-size-small avia-position-left '   ><span class='avia_button_icon avia_button_icon_left ' aria-hidden='true' data-av_icon='\ue831' data-av_iconfont='entypo-fontello'><\/span><span class='avia_iconbox_title' >NAZAD<\/span><\/a><\/div>\n","protected":false},"excerpt":{"rendered":"","protected":false},"author":2,"featured_media":0,"parent":475,"menu_order":2,"comment_status":"closed","ping_status":"closed","template":"","meta":[],"yoast_head":"<!-- This site is optimized with the Yoast SEO plugin v15.1.1 - https:\/\/yoast.com\/wordpress\/plugins\/seo\/ -->\n<title>Stezna dugmad - Elesa Ganter Srbija - Neven komerc<\/title>\n<meta name=\"robots\" content=\"index, follow, max-snippet:-1, max-image-preview:large, max-video-preview:-1\" \/>\n<link rel=\"canonical\" href=\"https:\/\/nevenkomerc.com\/elesa-ganter\/proizvodi\/elesa-ganter-srbija\/2-stezna-dugmad\/\" \/>\n<meta property=\"og:locale\" content=\"sr_RS\" \/>\n<meta property=\"og:type\" content=\"article\" \/>\n<meta property=\"og:title\" content=\"Stezna dugmad - Elesa Ganter Srbija - Neven komerc\" \/>\n<meta property=\"og:url\" content=\"https:\/\/nevenkomerc.com\/elesa-ganter\/proizvodi\/elesa-ganter-srbija\/2-stezna-dugmad\/\" \/>\n<meta property=\"og:site_name\" content=\"Elesa Ganter Srbija - Neven komerc\" \/>\n<meta property=\"article:modified_time\" content=\"2021-04-13T15:44:20+00:00\" \/>\n<meta property=\"og:image\" content=\"https:\/\/nevenkomerc.com\/elesa-ganter\/wp-content\/uploads\/2020\/10\/elesa-2-VB639.jpg\" \/>\n<meta name=\"twitter:card\" content=\"summary_large_image\" \/>\n<script type=\"application\/ld+json\" class=\"yoast-schema-graph\">{\"@context\":\"https:\/\/schema.org\",\"@graph\":[{\"@type\":\"WebSite\",\"@id\":\"https:\/\/nevenkomerc.com\/elesa-ganter\/#website\",\"url\":\"https:\/\/nevenkomerc.com\/elesa-ganter\/\",\"name\":\"Elesa Ganter Srbija - Neven komerc\",\"description\":\"\\u201eNeven-komerc\\u201c d.o.o. ima zastupni\\u0161tvo za ELESA+GANTER, svetsku kompaniju koja nudi \\u0161irok asortiman standardnih ma\\u0161inskih elemenata za ma\\u0161insku industriju.\",\"potentialAction\":[{\"@type\":\"SearchAction\",\"target\":\"https:\/\/nevenkomerc.com\/elesa-ganter\/?s={search_term_string}\",\"query-input\":\"required name=search_term_string\"}],\"inLanguage\":\"sr-RS\"},{\"@type\":\"ImageObject\",\"@id\":\"https:\/\/nevenkomerc.com\/elesa-ganter\/proizvodi\/elesa-ganter-srbija\/2-stezna-dugmad\/#primaryimage\",\"inLanguage\":\"sr-RS\",\"url\":\"https:\/\/nevenkomerc.com\/elesa-ganter\/wp-content\/uploads\/2020\/10\/elesa-2-VB639.jpg\",\"width\":243,\"height\":243},{\"@type\":\"WebPage\",\"@id\":\"https:\/\/nevenkomerc.com\/elesa-ganter\/proizvodi\/elesa-ganter-srbija\/2-stezna-dugmad\/#webpage\",\"url\":\"https:\/\/nevenkomerc.com\/elesa-ganter\/proizvodi\/elesa-ganter-srbija\/2-stezna-dugmad\/\",\"name\":\"Stezna dugmad - Elesa Ganter Srbija - Neven komerc\",\"isPartOf\":{\"@id\":\"https:\/\/nevenkomerc.com\/elesa-ganter\/#website\"},\"primaryImageOfPage\":{\"@id\":\"https:\/\/nevenkomerc.com\/elesa-ganter\/proizvodi\/elesa-ganter-srbija\/2-stezna-dugmad\/#primaryimage\"},\"datePublished\":\"2020-10-14T05:21:30+00:00\",\"dateModified\":\"2021-04-13T15:44:20+00:00\",\"inLanguage\":\"sr-RS\",\"potentialAction\":[{\"@type\":\"ReadAction\",\"target\":[\"https:\/\/nevenkomerc.com\/elesa-ganter\/proizvodi\/elesa-ganter-srbija\/2-stezna-dugmad\/\"]}]}]}<\/script>\n<!-- \/ Yoast SEO plugin. -->","_links":{"self":[{"href":"https:\/\/nevenkomerc.com\/elesa-ganter\/wp-json\/wp\/v2\/pages\/575\/"}],"collection":[{"href":"https:\/\/nevenkomerc.com\/elesa-ganter\/wp-json\/wp\/v2\/pages\/"}],"about":[{"href":"https:\/\/nevenkomerc.com\/elesa-ganter\/wp-json\/wp\/v2\/types\/page\/"}],"author":[{"embeddable":true,"href":"https:\/\/nevenkomerc.com\/elesa-ganter\/wp-json\/wp\/v2\/users\/2\/"}],"replies":[{"embeddable":true,"href":"https:\/\/nevenkomerc.com\/elesa-ganter\/wp-json\/wp\/v2\/comments\/?post=575"}],"version-history":[{"count":12,"href":"https:\/\/nevenkomerc.com\/elesa-ganter\/wp-json\/wp\/v2\/pages\/575\/revisions\/"}],"predecessor-version":[{"id":2986,"href":"https:\/\/nevenkomerc.com\/elesa-ganter\/wp-json\/wp\/v2\/pages\/575\/revisions\/2986\/"}],"up":[{"embeddable":true,"href":"https:\/\/nevenkomerc.com\/elesa-ganter\/wp-json\/wp\/v2\/pages\/475\/"}],"wp:attachment":[{"href":"https:\/\/nevenkomerc.com\/elesa-ganter\/wp-json\/wp\/v2\/media\/?parent=575"}],"curies":[{"name":"wp","href":"https:\/\/api.w.org\/{rel}","templated":true}]}}