{"id":581,"date":"2020-10-14T05:53:43","date_gmt":"2020-10-14T05:53:43","guid":{"rendered":"https:\/\/nevenkomerc.com\/elesa-ganter\/?page_id=581"},"modified":"2021-04-13T15:46:08","modified_gmt":"2021-04-13T15:46:08","slug":"u-rukohvati","status":"publish","type":"page","link":"https:\/\/nevenkomerc.com\/elesa-ganter\/proizvodi\/elesa-ganter-srbija\/u-rukohvati\/","title":{"rendered":"U &#8211; rukohvati"},"content":{"rendered":"<div  style='padding-bottom:10px; ' class='av-special-heading av-special-heading-h3  blockquote classic-quote classic-quote-left  avia-builder-el-0  el_before_av_one_third  avia-builder-el-first  '><h3 class='av-special-heading-tag '  itemprop=\"headline\"  >U &#8211; rukohvati<\/h3><div class='special-heading-border'><div class='special-heading-inner-border' ><\/div><\/div><\/div>\n<div class=\"flex_column av_one_third  flex_column_div av-zero-column-padding first  avia-builder-el-1  el_after_av_heading  el_before_av_two_third  \" style='border-radius:0px; '><div  class='avia-image-container  av-styling-    avia-builder-el-2  avia-builder-el-no-sibling  avia-align-center '  itemprop=\"image\" itemscope=\"itemscope\" itemtype=\"https:\/\/schema.org\/ImageObject\"  ><div class='avia-image-container-inner'><div class='avia-image-overlay-wrap'><img class='wp-image-627 avia-img-lazy-loading-not-627 avia_image' src=\"https:\/\/nevenkomerc.com\/elesa-ganter\/wp-content\/uploads\/2020\/10\/elesa-urukohvati-300x213.jpg\" alt='' title='elesa-urukohvati' height=\"213\" width=\"300\"  itemprop=\"thumbnailUrl\" srcset=\"https:\/\/nevenkomerc.com\/elesa-ganter\/wp-content\/uploads\/2020\/10\/elesa-urukohvati-300x213.jpg 300w, https:\/\/nevenkomerc.com\/elesa-ganter\/wp-content\/uploads\/2020\/10\/elesa-urukohvati-1030x731.jpg 1030w, https:\/\/nevenkomerc.com\/elesa-ganter\/wp-content\/uploads\/2020\/10\/elesa-urukohvati-768x545.jpg 768w, https:\/\/nevenkomerc.com\/elesa-ganter\/wp-content\/uploads\/2020\/10\/elesa-urukohvati-260x185.jpg 260w, https:\/\/nevenkomerc.com\/elesa-ganter\/wp-content\/uploads\/2020\/10\/elesa-urukohvati-705x500.jpg 705w, https:\/\/nevenkomerc.com\/elesa-ganter\/wp-content\/uploads\/2020\/10\/elesa-urukohvati.jpg 1057w\" sizes=\"(max-width: 300px) 100vw, 300px\" \/><\/div><\/div><\/div><\/div>\n<div class=\"flex_column av_two_third  flex_column_div av-zero-column-padding   avia-builder-el-3  el_after_av_one_third  el_before_av_hr  \" style='border-radius:0px; '><section class=\"av_textblock_section \"  itemscope=\"itemscope\" itemtype=\"https:\/\/schema.org\/CreativeWork\" ><div class='avia_textblock  '   itemprop=\"text\" ><p>U prodajnom asortimanu <strong>\u201eNeven-komerc\u201c d.o.o.<\/strong> mo\u017eete prona\u0107i veliki izbor <span style=\"color: red;\">ELESA+GANTER<\/span> raznih vrsta U rukohvata: <strong>most rukohvati, ugradnih rukohvata i cevastih rukohvata<\/strong>. U-rukohvati <span style=\"color: red;\">ELESA+GANTER<\/span> mogu biti izradjeni od razli\u010ditih materijala, razli\u010ditog dizajna, za razli\u010ditu primenu, razli\u010ditih boja i du\u017eine.<\/p>\n<p>Dizajn, ergonomija i moguc\u0301nost prilago\u0111avanja omoguc\u0301avaju im da udovolje zahtevima najrazli\u010ditijih industrijskih sektora, a posebno su pogodni i za tr\u017ei\u0161te hrane, kancelarijskog name\u0161taja, fitnesa i medicine.<br \/>\nDetaljnije na internet stranici <a href=\"https:\/\/www.elesa-ganter.com\/en\/www\/products\/u-handles--1#\" target=\"_blank\" rel=\"noopener noreferrer\">U-rukohvati<\/a><\/p>\n<\/div><\/section><\/div><div   class='hr hr-default   avia-builder-el-5  el_after_av_two_third  el_before_av_table '><span class='hr-inner ' ><span class='hr-inner-style'><\/span><\/span><\/div><\/p>\n<div class='avia-data-table-wrap avia_responsive_table'><table  class='avia-table avia-data-table avia-table-1  avia-builder-el-6  el_after_av_hr  el_before_av_button  avia_pricing_default '  itemscope=\"itemscope\" itemtype=\"https:\/\/schema.org\/Table\" ><tbody><tr class=''><td class=''><\/p>\n<p style=\"text-align:center\"><span style=\"vertical-align: top;\"><img src=\"https:\/\/nevenkomerc.com\/elesa-ganter\/wp-content\/uploads\/2020\/10\/elesa-4-GN565.jpg\" style=\"width:100pt;height:100pt\" \/><\/span><br \/>\n<span style=\"vertical-align: top;\"><br \/>\n<b>GN 565<\/b><br \/>\nRukohvati<br \/>\nAluminijum<br \/>\nRastojanje od centra: 100 do 500 mm<br \/>\n<\/span><\/p>\n<p><\/td><td class=''><\/p>\n<p style=\"text-align:center\"><span style=\"vertical-align: top;\"><img src=\"https:\/\/nevenkomerc.com\/elesa-ganter\/wp-content\/uploads\/2020\/10\/elesa-4-M843.jpg\" style=\"width:100pt;height:100pt\" \/><\/span><br \/>\n<span style=\"vertical-align: top;\"><br \/>\n<b>M.843<\/b><br \/>\nRukohvati<br \/>\nTehnopolimer<br \/>\nRastojanje od centra<br \/>\nsklopa: 86 do 300 mm<br \/>\n<\/span><\/p>\n<p><\/td><td class=''><\/p>\n<p style=\"text-align:center\"><span style=\"vertical-align: top;\"><img src=\"https:\/\/nevenkomerc.com\/elesa-ganter\/wp-content\/uploads\/2020\/10\/elesa-4-M643.jpg\" style=\"width:100pt;height:100pt\" \/><\/span><br \/>\n<span style=\"vertical-align: top;\"><br \/>\n<b>M.643<\/b><br \/>\nRukohvati<br \/>\nTehnopolimer<br \/>\nRastojanje od centra sklopa: 86 do 300 mm<br \/>\n<\/span><\/p>\n<p><\/td><\/tr><tr class=''><td class=''><\/p>\n<p style=\"text-align:center\"><span style=\"vertical-align: top;\"><img src=\"https:\/\/nevenkomerc.com\/elesa-ganter\/wp-content\/uploads\/2020\/10\/elesa-4-EBP.jpg\" style=\"width:100pt;height:100pt\" \/><\/span><br \/>\n<span style=\"vertical-align: top;\"><br \/>\n<b>EBP.<\/b><br \/>\nRukohvati<br \/>\nTehnopolimer<br \/>\nRastojanje od centra sklopa: 93 do 179 mm<br \/>\n<\/span><\/p>\n<p><\/td><td class=''><\/p>\n<p style=\"text-align:center\"><span style=\"vertical-align: top;\"><img src=\"https:\/\/nevenkomerc.com\/elesa-ganter\/wp-content\/uploads\/2020\/10\/elesa-4-M443.jpg\" style=\"width:100pt;height:100pt\" \/><\/span><br \/>\n<span style=\"vertical-align: top;\"><br \/>\n<b>M.443<\/b><br \/>\nRukohvati<br \/>\nTehnopolimer<br \/>\nRastojanje od centra sklopa: 94 do 235 mm<br \/>\n<\/span><\/p>\n<p><\/td><td class=''><\/p>\n<p style=\"text-align:center\"><span style=\"vertical-align: top;\"><img src=\"https:\/\/nevenkomerc.com\/elesa-ganter\/wp-content\/uploads\/2020\/10\/elesa-4-GN428.jpg\" style=\"width:100pt;height:100pt\" \/><\/span><br \/>\n<span style=\"vertical-align: top;\"><br \/>\n<b>GN 428<\/b><br \/>\nRukohvati<br \/>\nAluminijum<br \/>\nRastojanje od centra: 250 do 800 mm<br \/>\n<\/span><\/p>\n<p><\/td><\/tr><tr class=''><td class=''><\/p>\n<p style=\"text-align:center\"><span style=\"vertical-align: top;\"><img src=\"https:\/\/nevenkomerc.com\/elesa-ganter\/wp-content\/uploads\/2020\/10\/elesa-4-GN559.jpg\" style=\"width:100pt;height:100pt\" \/><\/span><br \/>\n<span style=\"vertical-align: top;\"><br \/>\n<b>GN 559<\/b><br \/>\nRukohvati<br \/>\nAluminijum<br \/>\nRastojanje od centra: 162 mm<br \/>\n<\/span><\/p>\n<p><\/td><td class=''><\/p>\n<p style=\"text-align:center\"><span style=\"vertical-align: top;\"><img src=\"https:\/\/nevenkomerc.com\/elesa-ganter\/wp-content\/uploads\/2020\/10\/elesa-4-GN5659.jpg\" style=\"width:100pt;height:100pt\" \/><\/span><br \/>\n<span style=\"vertical-align: top;\"><br \/>\n<b>GN 565.9<\/b><br \/>\nLu\u010dni rukohvati od ner\u0111aju\u0107eg \u010delika<br \/>\nRastojanje od centra: 160 do 192 mm<br \/>\n<\/span><\/p>\n<p><\/td><td class=''><\/p>\n<p style=\"text-align:center\"><span style=\"vertical-align: top;\"><img src=\"https:\/\/nevenkomerc.com\/elesa-ganter\/wp-content\/uploads\/2020\/10\/elesa-4-GN425.jpg\" style=\"width:100pt;height:100pt\" \/><\/span><br \/>\n<span style=\"vertical-align: top;\"><br \/>\n<b>GN 425<\/b><br \/>\nRukohvati<br \/>\n\u010celik \/ aluminijum \/ ner\u0111aju\u0107i \u010delik<br \/>\nRastojanje od centra: 55 do 300 mm<br \/>\n<\/span><\/p>\n<p><\/td><\/tr><tr class=''><td class=''><\/p>\n<p style=\"text-align:center\"><span style=\"vertical-align: top;\"><img src=\"https:\/\/nevenkomerc.com\/elesa-ganter\/wp-content\/uploads\/2020\/10\/elesa-4-ESP.jpg\" style=\"width:100pt;height:100pt\" \/><\/span><br \/>\n<span style=\"vertical-align: top;\"><br \/>\n<b>ESP.<\/b><br \/>\nRukohvati \u201eL\u201c forme<br \/>\nTehnopolimer<br \/>\nRastojanje od centra sklopa: 94 mm<br \/>\n<\/span><\/p>\n<p><\/td><td class=''><\/p>\n<p style=\"text-align:center\"><span style=\"vertical-align: top;\"><img src=\"https:\/\/nevenkomerc.com\/elesa-ganter\/wp-content\/uploads\/2020\/10\/elesa-4-GN4258.jpg\" style=\"width:100pt;height:100pt\" \/><\/span><br \/>\n<span style=\"vertical-align: top;\"><br \/>\n<b>GN 425.8<\/b><br \/>\nUgradne rukohvate<br \/>\nsa preklaklapaju\u0107om ru\u010dicom<br \/>\nRastojanje od centra: 100 do 120 mm<br \/>\n<\/span><\/p>\n<p><\/td><td class=''><\/p>\n<p style=\"text-align:center\"><span style=\"vertical-align: top;\"><img src=\"https:\/\/nevenkomerc.com\/elesa-ganter\/wp-content\/uploads\/2020\/10\/elesa-4-PF.jpg\" style=\"width:100pt;height:100pt\" \/><\/span><br \/>\n<span style=\"vertical-align: top;\"><br \/>\n<b>PR-PF<\/b><br \/>\nUgradni rukohvati<br \/>\nza sklopove sa skakavicom,<br \/>\ntehnopolimer Dimenzije: 92 do 189 mm<br \/>\n<\/span><\/p>\n<p><\/td><\/tr><tr class=''><td class=''><\/p>\n<p style=\"text-align:center\"><span style=\"vertical-align: top;\"><img src=\"https:\/\/nevenkomerc.com\/elesa-ganter\/wp-content\/uploads\/2020\/10\/elesa-4-GN331.jpg\" style=\"width:100pt;height:100pt\" \/><\/span><br \/>\n<span style=\"vertical-align: top;\"><br \/>\n<b>GN 331<\/b><br \/>\nCevasti rukohvati<br \/>\nsa funkcijom prekida\u010da<br \/>\nRastojanje od centra: 200 do 300 mm<br \/>\n<\/span><\/p>\n<p><\/td><td class=''><\/p>\n<p style=\"text-align:center\"><span style=\"vertical-align: top;\"><img src=\"https:\/\/nevenkomerc.com\/elesa-ganter\/wp-content\/uploads\/2020\/10\/elesa-4-ETH.jpg\" style=\"width:100pt;height:100pt\" \/><\/span><br \/>\n<span style=\"vertical-align: top;\"><br \/>\n<b>ETH.<\/b><br \/>\nCevasti rukohvati<br \/>\nTehnopolimer i aluminijum<br \/>\nRastojanje od centra sklopa: 300 do 1000 mm<br \/>\n<\/span><\/p>\n<p><\/td><td class=''><\/p>\n<p style=\"text-align:center\"><span style=\"vertical-align: top;\"><img src=\"https:\/\/nevenkomerc.com\/elesa-ganter\/wp-content\/uploads\/2020\/10\/elesa-4-M1053.jpg\" style=\"width:100pt;height:100pt\" \/><\/span><br \/>\n<span style=\"vertical-align: top;\"><br \/>\n<b>M.1053<\/b><br \/>\nOdbojne cevaste ru\u010dice<br \/>\nTehnopolimer i aluminijum<br \/>\nRastojanje od centra sklopa: 300 do 700 mm<br \/>\n<\/span><\/p>\n<p><\/td><\/tr><\/tbody><\/table><\/div><style type='text\/css'><\/style>\n<div  class='avia-button-wrap avia-button-left  avia-builder-el-7  el_after_av_table  avia-builder-el-last ' ><a href='https:\/\/nevenkomerc.com\/elesa-ganter\/proizvodi\/elesa-ganter-srbija\/'  class='avia-button  avia-color-theme-color   avia-icon_select-yes-left-icon avia-size-small avia-position-left '   ><span class='avia_button_icon avia_button_icon_left ' aria-hidden='true' data-av_icon='\ue831' data-av_iconfont='entypo-fontello'><\/span><span class='avia_iconbox_title' >NAZAD<\/span><\/a><\/div>\n","protected":false},"excerpt":{"rendered":"","protected":false},"author":2,"featured_media":0,"parent":475,"menu_order":4,"comment_status":"closed","ping_status":"closed","template":"","meta":[],"yoast_head":"<!-- This site is optimized with the Yoast SEO plugin v15.1.1 - https:\/\/yoast.com\/wordpress\/plugins\/seo\/ -->\n<title>U - rukohvati - Elesa Ganter Srbija - Neven komerc<\/title>\n<meta name=\"robots\" content=\"index, follow, max-snippet:-1, max-image-preview:large, max-video-preview:-1\" \/>\n<link rel=\"canonical\" href=\"https:\/\/nevenkomerc.com\/elesa-ganter\/proizvodi\/elesa-ganter-srbija\/u-rukohvati\/\" \/>\n<meta property=\"og:locale\" content=\"sr_RS\" \/>\n<meta property=\"og:type\" content=\"article\" \/>\n<meta property=\"og:title\" content=\"U - rukohvati - Elesa Ganter Srbija - Neven komerc\" \/>\n<meta property=\"og:url\" content=\"https:\/\/nevenkomerc.com\/elesa-ganter\/proizvodi\/elesa-ganter-srbija\/u-rukohvati\/\" \/>\n<meta property=\"og:site_name\" content=\"Elesa Ganter Srbija - Neven komerc\" \/>\n<meta property=\"article:modified_time\" content=\"2021-04-13T15:46:08+00:00\" \/>\n<meta property=\"og:image\" content=\"https:\/\/nevenkomerc.com\/elesa-ganter\/wp-content\/uploads\/2020\/10\/elesa-4-GN565.jpg\" \/>\n<meta name=\"twitter:card\" content=\"summary_large_image\" \/>\n<script type=\"application\/ld+json\" class=\"yoast-schema-graph\">{\"@context\":\"https:\/\/schema.org\",\"@graph\":[{\"@type\":\"WebSite\",\"@id\":\"https:\/\/nevenkomerc.com\/elesa-ganter\/#website\",\"url\":\"https:\/\/nevenkomerc.com\/elesa-ganter\/\",\"name\":\"Elesa Ganter Srbija - Neven komerc\",\"description\":\"\\u201eNeven-komerc\\u201c d.o.o. ima zastupni\\u0161tvo za ELESA+GANTER, svetsku kompaniju koja nudi \\u0161irok asortiman standardnih ma\\u0161inskih elemenata za ma\\u0161insku industriju.\",\"potentialAction\":[{\"@type\":\"SearchAction\",\"target\":\"https:\/\/nevenkomerc.com\/elesa-ganter\/?s={search_term_string}\",\"query-input\":\"required name=search_term_string\"}],\"inLanguage\":\"sr-RS\"},{\"@type\":\"ImageObject\",\"@id\":\"https:\/\/nevenkomerc.com\/elesa-ganter\/proizvodi\/elesa-ganter-srbija\/u-rukohvati\/#primaryimage\",\"inLanguage\":\"sr-RS\",\"url\":\"https:\/\/nevenkomerc.com\/elesa-ganter\/wp-content\/uploads\/2020\/10\/elesa-4-GN565.jpg\",\"width\":243,\"height\":243},{\"@type\":\"WebPage\",\"@id\":\"https:\/\/nevenkomerc.com\/elesa-ganter\/proizvodi\/elesa-ganter-srbija\/u-rukohvati\/#webpage\",\"url\":\"https:\/\/nevenkomerc.com\/elesa-ganter\/proizvodi\/elesa-ganter-srbija\/u-rukohvati\/\",\"name\":\"U - rukohvati - Elesa Ganter Srbija - Neven komerc\",\"isPartOf\":{\"@id\":\"https:\/\/nevenkomerc.com\/elesa-ganter\/#website\"},\"primaryImageOfPage\":{\"@id\":\"https:\/\/nevenkomerc.com\/elesa-ganter\/proizvodi\/elesa-ganter-srbija\/u-rukohvati\/#primaryimage\"},\"datePublished\":\"2020-10-14T05:53:43+00:00\",\"dateModified\":\"2021-04-13T15:46:08+00:00\",\"inLanguage\":\"sr-RS\",\"potentialAction\":[{\"@type\":\"ReadAction\",\"target\":[\"https:\/\/nevenkomerc.com\/elesa-ganter\/proizvodi\/elesa-ganter-srbija\/u-rukohvati\/\"]}]}]}<\/script>\n<!-- \/ Yoast SEO plugin. -->","_links":{"self":[{"href":"https:\/\/nevenkomerc.com\/elesa-ganter\/wp-json\/wp\/v2\/pages\/581\/"}],"collection":[{"href":"https:\/\/nevenkomerc.com\/elesa-ganter\/wp-json\/wp\/v2\/pages\/"}],"about":[{"href":"https:\/\/nevenkomerc.com\/elesa-ganter\/wp-json\/wp\/v2\/types\/page\/"}],"author":[{"embeddable":true,"href":"https:\/\/nevenkomerc.com\/elesa-ganter\/wp-json\/wp\/v2\/users\/2\/"}],"replies":[{"embeddable":true,"href":"https:\/\/nevenkomerc.com\/elesa-ganter\/wp-json\/wp\/v2\/comments\/?post=581"}],"version-history":[{"count":10,"href":"https:\/\/nevenkomerc.com\/elesa-ganter\/wp-json\/wp\/v2\/pages\/581\/revisions\/"}],"predecessor-version":[{"id":2988,"href":"https:\/\/nevenkomerc.com\/elesa-ganter\/wp-json\/wp\/v2\/pages\/581\/revisions\/2988\/"}],"up":[{"embeddable":true,"href":"https:\/\/nevenkomerc.com\/elesa-ganter\/wp-json\/wp\/v2\/pages\/475\/"}],"wp:attachment":[{"href":"https:\/\/nevenkomerc.com\/elesa-ganter\/wp-json\/wp\/v2\/media\/?parent=581"}],"curies":[{"name":"wp","href":"https:\/\/api.w.org\/{rel}","templated":true}]}}