{"id":583,"date":"2020-10-14T05:55:08","date_gmt":"2020-10-14T05:55:08","guid":{"rendered":"https:\/\/nevenkomerc.com\/elesa-ganter\/?page_id=583"},"modified":"2021-04-13T15:47:00","modified_gmt":"2021-04-13T15:47:00","slug":"fiksne-i-obrtne-rucice","status":"publish","type":"page","link":"https:\/\/nevenkomerc.com\/elesa-ganter\/proizvodi\/elesa-ganter-srbija\/fiksne-i-obrtne-rucice\/","title":{"rendered":"Fiksne i obrtne ru\u010dice"},"content":{"rendered":"<div  style='padding-bottom:10px; ' class='av-special-heading av-special-heading-h3  blockquote classic-quote classic-quote-left  avia-builder-el-0  el_before_av_one_third  avia-builder-el-first  '><h3 class='av-special-heading-tag '  itemprop=\"headline\"  >Fiksne i obrtne ru\u010dice<\/h3><div class='special-heading-border'><div class='special-heading-inner-border' ><\/div><\/div><\/div>\n<div class=\"flex_column av_one_third  flex_column_div av-zero-column-padding first  avia-builder-el-1  el_after_av_heading  el_before_av_two_third  \" style='border-radius:0px; '><div  class='avia-image-container  av-styling-    avia-builder-el-2  avia-builder-el-no-sibling  avia-align-center '  itemprop=\"image\" itemscope=\"itemscope\" itemtype=\"https:\/\/schema.org\/ImageObject\"  ><div class='avia-image-container-inner'><div class='avia-image-overlay-wrap'><img class='wp-image-630 avia-img-lazy-loading-not-630 avia_image' src=\"https:\/\/nevenkomerc.com\/elesa-ganter\/wp-content\/uploads\/2020\/10\/elesa-fiksneobrtnerucice-300x215.jpg\" alt='' title='elesa-fiksneobrtnerucice' height=\"215\" width=\"300\"  itemprop=\"thumbnailUrl\" srcset=\"https:\/\/nevenkomerc.com\/elesa-ganter\/wp-content\/uploads\/2020\/10\/elesa-fiksneobrtnerucice-300x215.jpg 300w, https:\/\/nevenkomerc.com\/elesa-ganter\/wp-content\/uploads\/2020\/10\/elesa-fiksneobrtnerucice-768x549.jpg 768w, https:\/\/nevenkomerc.com\/elesa-ganter\/wp-content\/uploads\/2020\/10\/elesa-fiksneobrtnerucice-260x185.jpg 260w, https:\/\/nevenkomerc.com\/elesa-ganter\/wp-content\/uploads\/2020\/10\/elesa-fiksneobrtnerucice-705x504.jpg 705w, https:\/\/nevenkomerc.com\/elesa-ganter\/wp-content\/uploads\/2020\/10\/elesa-fiksneobrtnerucice.jpg 923w\" sizes=\"(max-width: 300px) 100vw, 300px\" \/><\/div><\/div><\/div><\/div>\n<div class=\"flex_column av_two_third  flex_column_div av-zero-column-padding   avia-builder-el-3  el_after_av_one_third  el_before_av_hr  \" style='border-radius:0px; '><section class=\"av_textblock_section \"  itemscope=\"itemscope\" itemtype=\"https:\/\/schema.org\/CreativeWork\" ><div class='avia_textblock  '   itemprop=\"text\" ><p>U prodajnom asortimanu <strong>\u201eNeven-komerc\u201c d.o.o.<\/strong> mo\u017eete prona\u0107i veliki izbor <span style=\"color: red;\">ELESA+GANTER<\/span> <strong>fiksnih ru\u010dica, obrtnih ru\u010dica i Izvla\u010dnih ru\u010dica<\/strong> od tehnopolimera, fenolne plastike, ner\u0111ajuc\u0301eg \u010delika i aluminijuma. Poseban izbor proizvodnih materijala osigurava visoke performanse, pouzdanost i trajnost.<\/p>\n<p>Fiksne ru\u010dice i okretne ru\u010dke su dizajnirane za upotrebu na \u0161ipkama ili pokreta\u010dkim polugama radi lak\u0161eg hvatanja i na ru\u010dnim to\u010dkic\u0301ima i ru\u010dicama ru\u010dice za okretanje i rad na ma\u0161inama. Obrtne ru\u010dke se zbog sigurnosti mogu povuc\u0301i u polo\u017eaj za odmor ili se automatski uvla\u010de u polo\u017eaj za odmor.Posebna pa\u017enja posvec\u0301ena dizajnu i ergonomiji omoguc\u0301ava sigurno dr\u017eanje i nudi maksimalan komfor rukovaocu.<br \/>\nDetaljnije na internet stranici <a href=\"https:\/\/www.elesa-ganter.com\/en\/www\" target=\"_blank\" rel=\"noopener noreferrer\">Fiksne i obrtne ru\u010dice<\/a><\/p>\n<\/div><\/section><\/div><div   class='hr hr-default   avia-builder-el-5  el_after_av_two_third  el_before_av_table '><span class='hr-inner ' ><span class='hr-inner-style'><\/span><\/span><\/div><\/p>\n<div class='avia-data-table-wrap avia_responsive_table'><table  class='avia-table avia-data-table avia-table-1  avia-builder-el-6  el_after_av_hr  el_before_av_button  avia_pricing_default '  itemscope=\"itemscope\" itemtype=\"https:\/\/schema.org\/Table\" ><tbody><tr class=''><td class=''><\/p>\n<p style=\"text-align:center\"><span style=\"vertical-align: top;\"><img src=\"https:\/\/nevenkomerc.com\/elesa-ganter\/wp-content\/uploads\/2020\/10\/elesa-5-L652.jpg\" style=\"width:100pt;height:100pt\" \/><\/span><br \/>\n<span style=\"vertical-align: top;\"><br \/>\n<b>L.652<\/b><br \/>\nT-Rukohvati<br \/>\nTehnopolimer<br \/>\nDimenzije: 40 do 94 mm<br \/>\n<\/span><\/p>\n<p><\/td><td class=''><\/p>\n<p style=\"text-align:center\"><span style=\"vertical-align: top;\"><img src=\"https:\/\/nevenkomerc.com\/elesa-ganter\/wp-content\/uploads\/2020\/10\/elesa-5-I622.jpg\" style=\"width:100pt;height:100pt\" \/><\/span><br \/>\n<span style=\"vertical-align: top;\"><br \/>\n<b>I.622<\/b><br \/>\nRukohvati<br \/>\nTehnopolimer<br \/>\nDimenzije: 25 do 55 mm<br \/>\n<\/span><\/p>\n<p><\/td><td class=''><\/p>\n<p style=\"text-align:center\"><span style=\"vertical-align: top;\"><img src=\"https:\/\/nevenkomerc.com\/elesa-ganter\/wp-content\/uploads\/2020\/10\/elesa-5-DIN319.jpg\" style=\"width:100pt;height:100pt\" \/><\/span><br \/>\n<span style=\"vertical-align: top;\"><br \/>\n<b>IN 319<\/b><br \/>\nNavrtke sa loptastom ru\u010dkom<br \/>\nPlastika \/\u010delik \/<br \/>\naluminijum \/ ner\u0111aju\u0107i \u010delik<br \/>\nPre\u010dnici: 12 do 50 mm<br \/>\n<\/span><\/p>\n<p><\/td><\/tr><tr class=''><td class=''><\/p>\n<p style=\"text-align:center\"><span style=\"vertical-align: top;\"><img src=\"https:\/\/nevenkomerc.com\/elesa-ganter\/wp-content\/uploads\/2020\/10\/elesa-5-EBKSOFT.jpg\" style=\"width:100pt;height:100pt\" \/><\/span><br \/>\n<span style=\"vertical-align: top;\"><br \/>\n<b>EBK.SOFT<\/b><br \/>\nPe\u010durkaste dr\u0161ke<br \/>\n\u201eSoft-touch\u201c tehnopolimer<br \/>\nPre\u010dnici: 43 do 50 mm<br \/>\n<\/span><\/p>\n<p><\/td><td class=''><\/p>\n<p style=\"text-align:center\"><span style=\"vertical-align: top;\"><img src=\"https:\/\/nevenkomerc.com\/elesa-ganter\/wp-content\/uploads\/2020\/10\/elesa-5-EKK.jpg\" style=\"width:100pt;height:100pt\" \/><\/span><br \/>\n<span style=\"vertical-align: top;\"><br \/>\n<b>EKK.<\/b><br \/>\nNavrtke sa nareckanom glavom<br \/>\nTehnopolimer<br \/>\nPre\u010dnici: 16 do 35 mm<br \/>\n<\/span><\/p>\n<p><\/td><td class=''><\/p>\n<p style=\"text-align:center\"><span style=\"vertical-align: top;\"><img src=\"https:\/\/nevenkomerc.com\/elesa-ganter\/wp-content\/uploads\/2020\/10\/elesa-5-GN6765.jpg\" style=\"width:100pt;height:100pt\" \/><\/span><br \/>\n<span style=\"vertical-align: top;\"><br \/>\n<b>GN 676.5<\/b><br \/>\nNavrtke sa nareckanom glavom<br \/>\nod ner\u0111aju\u0107kog \u010delika<br \/>\nDimenzije: 21 do 31 mm<br \/>\n<\/span><\/p>\n<p><\/td><\/tr><tr class=''><td class=''><\/p>\n<p style=\"text-align:center\"><span style=\"vertical-align: top;\"><img src=\"https:\/\/nevenkomerc.com\/elesa-ganter\/wp-content\/uploads\/2020\/10\/elesa-5-GN756.jpg\" style=\"width:100pt;height:100pt\" \/><\/span><br \/>\n<span style=\"vertical-align: top;\"><br \/>\n<b>GN 75.6<\/b><br \/>\nStrukirane navrtke od ner\u0111aju\u0107eg \u010delika<br \/>\nHigijenski dizajn<br \/>\nDimenzije: 20 do 32 mm<br \/>\n<\/span><\/p>\n<p><\/td><td class=''><\/p>\n<p style=\"text-align:center\"><span style=\"vertical-align: top;\"><img src=\"https:\/\/nevenkomerc.com\/elesa-ganter\/wp-content\/uploads\/2020\/10\/elesa-5-GN310.jpg\" style=\"width:100pt;height:100pt\" \/><\/span><br \/>\n<span style=\"vertical-align: top;\"><br \/>\n<b>GN 310<\/b><br \/>\nKraci poluge<br \/>\n\u010celik, oplata od cinka \/ ner\u0111aju\u0107i \u010delik<br \/>\nDimenzije: 63 do 250 mm<br \/>\n<\/span><\/p>\n<p><\/td><td class=''><\/p>\n<p style=\"text-align:center\"><span style=\"vertical-align: top;\"><img src=\"https:\/\/nevenkomerc.com\/elesa-ganter\/wp-content\/uploads\/2020\/10\/elesa-5-I280.jpg\" style=\"width:100pt;height:100pt\" \/><\/span><br \/>\n<span style=\"vertical-align: top;\"><br \/>\n<b>I.280<\/b><br \/>\nCilindri\u010dni Rukohvati<br \/>\nDuroplast<br \/>\nDimenzije: 28 do 115 mm<br \/>\n<\/span><\/p>\n<p><\/td><\/tr><tr class=''><td class=''><\/p>\n<p style=\"text-align:center\"><span style=\"vertical-align: top;\"><img src=\"https:\/\/nevenkomerc.com\/elesa-ganter\/wp-content\/uploads\/2020\/10\/elesa-5-I601X.jpg\" style=\"width:100pt;height:100pt\" \/><\/span><br \/>\n<span style=\"vertical-align: top;\"><br \/>\n<b>I.601+x<\/b><br \/>\nCilindri\u010dne Obrtne ru\u010dice<br \/>\nTehnopolimer<br \/>\nDimenzije: 40 do 90 mm<br \/>\n<\/span><\/p>\n<p><\/td><td class=''><\/p>\n<p style=\"text-align:center\"><span style=\"vertical-align: top;\"><img src=\"https:\/\/nevenkomerc.com\/elesa-ganter\/wp-content\/uploads\/2020\/10\/elesa-5-I621X.jpg\" style=\"width:100pt;height:100pt\" \/><\/span><br \/>\n<span style=\"vertical-align: top;\"><br \/>\n<b>I.621+x<\/b><br \/>\nObrtne ru\u010dice<br \/>\nTehnopolimer<br \/>\nDimenzije: 35 do 101 mM<br \/>\n<\/span><\/p>\n<p><\/td><td class=''><\/p>\n<p style=\"text-align:center\"><span style=\"vertical-align: top;\"><img src=\"https:\/\/nevenkomerc.com\/elesa-ganter\/wp-content\/uploads\/2020\/10\/elesa-5-GN7981.jpg\" style=\"width:100pt;height:100pt\" \/><\/span><br \/>\n<span style=\"vertical-align: top;\"><br \/>\n<b>GN 798.1<\/b><br \/>\nOkretne Cilindri\u010dne dr\u0161ke<br \/>\nod ner\u0111aju\u0107eg \u010delika<br \/>\nDimenzije:18 do 24 mm<br \/>\n<\/span><\/p>\n<p><\/td><\/tr><tr class=''><td class=''><\/p>\n<p style=\"text-align:center\"><span style=\"vertical-align: top;\"><img src=\"https:\/\/nevenkomerc.com\/elesa-ganter\/wp-content\/uploads\/2020\/10\/elesa-5-DIN98.jpg\" style=\"width:100pt;height:100pt\" \/><\/span><br \/>\n<span style=\"vertical-align: top;\"><br \/>\n<b>DIN 98<\/b><br \/>\nObrtne ru\u010dice<br \/>\nDimenzije: 16 do 36 mm<br \/>\n<\/span><\/p>\n<p><\/td><td class=''><\/p>\n<p style=\"text-align:center\"><span style=\"vertical-align: top;\"><img src=\"https:\/\/nevenkomerc.com\/elesa-ganter\/wp-content\/uploads\/2020\/10\/elesa-5-GN7985.jpg\" style=\"width:100pt;height:100pt\" \/><\/span><br \/>\n<span style=\"vertical-align: top;\"><br \/>\n<b>GN 798.5<\/b><br \/>\nPreklapaju\u0107e dr\u0161ke<br \/>\nMehanizam uvla\u010denja<br \/>\nNer\u0111aju\u0107i \u010delik, sa<br \/>\nzadr\u017eavanjem u oba polo\u017eaja<br \/>\nDimenzije: 16 do 25 mm<br \/>\n<\/span><\/p>\n<p><\/td><td class=''><\/p>\n<p style=\"text-align:center\"><span style=\"vertical-align: top;\"><img src=\"https:\/\/nevenkomerc.com\/elesa-ganter\/wp-content\/uploads\/2020\/10\/elesa-5-IRS820.jpg\" style=\"width:100pt;height:100pt\" \/><\/span><br \/>\n<span style=\"vertical-align: top;\"><br \/>\n<b>IRS.820<\/b><br \/>\nBezbednosne<br \/>\npreklapaju\u0107e ru\u010dice<br \/>\nTehnopolimer<br \/>\nDimenzije: 65 do 90 mm<br \/>\n<\/span><\/p>\n<p><\/td><\/tr><\/tbody><\/table><\/div><style type='text\/css'><\/style>\n<div  class='avia-button-wrap avia-button-left  avia-builder-el-7  el_after_av_table  avia-builder-el-last ' ><a href='https:\/\/nevenkomerc.com\/elesa-ganter\/proizvodi\/elesa-ganter-srbija\/'  class='avia-button  avia-color-theme-color   avia-icon_select-yes-left-icon avia-size-small avia-position-left '   ><span class='avia_button_icon avia_button_icon_left ' aria-hidden='true' data-av_icon='\ue831' data-av_iconfont='entypo-fontello'><\/span><span class='avia_iconbox_title' >NAZAD<\/span><\/a><\/div>\n","protected":false},"excerpt":{"rendered":"","protected":false},"author":2,"featured_media":0,"parent":475,"menu_order":5,"comment_status":"closed","ping_status":"closed","template":"","meta":[],"yoast_head":"<!-- This site is optimized with the Yoast SEO plugin v15.1.1 - https:\/\/yoast.com\/wordpress\/plugins\/seo\/ -->\n<title>Fiksne i obrtne ru\u010dice - Elesa Ganter Srbija - Neven komerc<\/title>\n<meta name=\"robots\" content=\"index, follow, max-snippet:-1, max-image-preview:large, max-video-preview:-1\" \/>\n<link rel=\"canonical\" href=\"https:\/\/nevenkomerc.com\/elesa-ganter\/proizvodi\/elesa-ganter-srbija\/fiksne-i-obrtne-rucice\/\" \/>\n<meta property=\"og:locale\" content=\"sr_RS\" \/>\n<meta property=\"og:type\" content=\"article\" \/>\n<meta property=\"og:title\" content=\"Fiksne i obrtne ru\u010dice - Elesa Ganter Srbija - Neven komerc\" \/>\n<meta property=\"og:url\" content=\"https:\/\/nevenkomerc.com\/elesa-ganter\/proizvodi\/elesa-ganter-srbija\/fiksne-i-obrtne-rucice\/\" \/>\n<meta property=\"og:site_name\" content=\"Elesa Ganter Srbija - Neven komerc\" \/>\n<meta property=\"article:modified_time\" content=\"2021-04-13T15:47:00+00:00\" \/>\n<meta property=\"og:image\" content=\"https:\/\/nevenkomerc.com\/elesa-ganter\/wp-content\/uploads\/2020\/10\/elesa-5-L652.jpg\" \/>\n<meta name=\"twitter:card\" content=\"summary_large_image\" \/>\n<script type=\"application\/ld+json\" class=\"yoast-schema-graph\">{\"@context\":\"https:\/\/schema.org\",\"@graph\":[{\"@type\":\"WebSite\",\"@id\":\"https:\/\/nevenkomerc.com\/elesa-ganter\/#website\",\"url\":\"https:\/\/nevenkomerc.com\/elesa-ganter\/\",\"name\":\"Elesa Ganter Srbija - Neven komerc\",\"description\":\"\\u201eNeven-komerc\\u201c d.o.o. ima zastupni\\u0161tvo za ELESA+GANTER, svetsku kompaniju koja nudi \\u0161irok asortiman standardnih ma\\u0161inskih elemenata za ma\\u0161insku industriju.\",\"potentialAction\":[{\"@type\":\"SearchAction\",\"target\":\"https:\/\/nevenkomerc.com\/elesa-ganter\/?s={search_term_string}\",\"query-input\":\"required name=search_term_string\"}],\"inLanguage\":\"sr-RS\"},{\"@type\":\"ImageObject\",\"@id\":\"https:\/\/nevenkomerc.com\/elesa-ganter\/proizvodi\/elesa-ganter-srbija\/fiksne-i-obrtne-rucice\/#primaryimage\",\"inLanguage\":\"sr-RS\",\"url\":\"https:\/\/nevenkomerc.com\/elesa-ganter\/wp-content\/uploads\/2020\/10\/elesa-5-L652.jpg\",\"width\":243,\"height\":243},{\"@type\":\"WebPage\",\"@id\":\"https:\/\/nevenkomerc.com\/elesa-ganter\/proizvodi\/elesa-ganter-srbija\/fiksne-i-obrtne-rucice\/#webpage\",\"url\":\"https:\/\/nevenkomerc.com\/elesa-ganter\/proizvodi\/elesa-ganter-srbija\/fiksne-i-obrtne-rucice\/\",\"name\":\"Fiksne i obrtne ru\\u010dice - Elesa Ganter Srbija - Neven komerc\",\"isPartOf\":{\"@id\":\"https:\/\/nevenkomerc.com\/elesa-ganter\/#website\"},\"primaryImageOfPage\":{\"@id\":\"https:\/\/nevenkomerc.com\/elesa-ganter\/proizvodi\/elesa-ganter-srbija\/fiksne-i-obrtne-rucice\/#primaryimage\"},\"datePublished\":\"2020-10-14T05:55:08+00:00\",\"dateModified\":\"2021-04-13T15:47:00+00:00\",\"inLanguage\":\"sr-RS\",\"potentialAction\":[{\"@type\":\"ReadAction\",\"target\":[\"https:\/\/nevenkomerc.com\/elesa-ganter\/proizvodi\/elesa-ganter-srbija\/fiksne-i-obrtne-rucice\/\"]}]}]}<\/script>\n<!-- \/ Yoast SEO plugin. -->","_links":{"self":[{"href":"https:\/\/nevenkomerc.com\/elesa-ganter\/wp-json\/wp\/v2\/pages\/583\/"}],"collection":[{"href":"https:\/\/nevenkomerc.com\/elesa-ganter\/wp-json\/wp\/v2\/pages\/"}],"about":[{"href":"https:\/\/nevenkomerc.com\/elesa-ganter\/wp-json\/wp\/v2\/types\/page\/"}],"author":[{"embeddable":true,"href":"https:\/\/nevenkomerc.com\/elesa-ganter\/wp-json\/wp\/v2\/users\/2\/"}],"replies":[{"embeddable":true,"href":"https:\/\/nevenkomerc.com\/elesa-ganter\/wp-json\/wp\/v2\/comments\/?post=583"}],"version-history":[{"count":9,"href":"https:\/\/nevenkomerc.com\/elesa-ganter\/wp-json\/wp\/v2\/pages\/583\/revisions\/"}],"predecessor-version":[{"id":2989,"href":"https:\/\/nevenkomerc.com\/elesa-ganter\/wp-json\/wp\/v2\/pages\/583\/revisions\/2989\/"}],"up":[{"embeddable":true,"href":"https:\/\/nevenkomerc.com\/elesa-ganter\/wp-json\/wp\/v2\/pages\/475\/"}],"wp:attachment":[{"href":"https:\/\/nevenkomerc.com\/elesa-ganter\/wp-json\/wp\/v2\/media\/?parent=583"}],"curies":[{"name":"wp","href":"https:\/\/api.w.org\/{rel}","templated":true}]}}