{"id":593,"date":"2020-10-14T06:02:50","date_gmt":"2020-10-14T06:02:50","guid":{"rendered":"https:\/\/nevenkomerc.com\/elesa-ganter\/?page_id=593"},"modified":"2021-04-13T15:57:59","modified_gmt":"2021-04-13T15:57:59","slug":"zglobni-elementi","status":"publish","type":"page","link":"https:\/\/nevenkomerc.com\/elesa-ganter\/proizvodi\/elesa-ganter-srbija\/zglobni-elementi\/","title":{"rendered":"Zglobni elementi"},"content":{"rendered":"<div  style='padding-bottom:10px; ' class='av-special-heading av-special-heading-h3  blockquote classic-quote classic-quote-left  avia-builder-el-0  el_before_av_one_third  avia-builder-el-first  '><h3 class='av-special-heading-tag '  itemprop=\"headline\"  >Zglobni elementi<\/h3><div class='special-heading-border'><div class='special-heading-inner-border' ><\/div><\/div><\/div>\n<div class=\"flex_column av_one_third  flex_column_div av-zero-column-padding first  avia-builder-el-1  el_after_av_heading  el_before_av_two_third  \" style='border-radius:0px; '><div  class='avia-image-container  av-styling-    avia-builder-el-2  avia-builder-el-no-sibling  avia-align-center '  itemprop=\"image\" itemscope=\"itemscope\" itemtype=\"https:\/\/schema.org\/ImageObject\"  ><div class='avia-image-container-inner'><div class='avia-image-overlay-wrap'><img class='wp-image-647 avia-img-lazy-loading-not-647 avia_image' src=\"https:\/\/nevenkomerc.com\/elesa-ganter\/wp-content\/uploads\/2020\/10\/elesa-zglobnielementi-300x185.jpg\" alt='' title='elesa-zglobnielementi' height=\"185\" width=\"300\"  itemprop=\"thumbnailUrl\" srcset=\"https:\/\/nevenkomerc.com\/elesa-ganter\/wp-content\/uploads\/2020\/10\/elesa-zglobnielementi-300x185.jpg 300w, https:\/\/nevenkomerc.com\/elesa-ganter\/wp-content\/uploads\/2020\/10\/elesa-zglobnielementi-768x473.jpg 768w, https:\/\/nevenkomerc.com\/elesa-ganter\/wp-content\/uploads\/2020\/10\/elesa-zglobnielementi-705x434.jpg 705w, https:\/\/nevenkomerc.com\/elesa-ganter\/wp-content\/uploads\/2020\/10\/elesa-zglobnielementi.jpg 888w\" sizes=\"(max-width: 300px) 100vw, 300px\" \/><\/div><\/div><\/div><\/div>\n<div class=\"flex_column av_two_third  flex_column_div av-zero-column-padding   avia-builder-el-3  el_after_av_one_third  el_before_av_hr  \" style='border-radius:0px; '><section class=\"av_textblock_section \"  itemscope=\"itemscope\" itemtype=\"https:\/\/schema.org\/CreativeWork\" ><div class='avia_textblock  '   itemprop=\"text\" ><p>U ponudi <strong>\u201eNeven-komerc\u201c d.o.o.\u00a0 <\/strong>mo\u017eete na\u0107i \u0161irok asortiman zglobnih elemenata od proizvo\u0111a\u010da <span style=\"color: red;\">ELESA+GANTER<\/span> kao \u0161to su: Univerzalni spojevi, zglobovi sa igli\u010dastim ili frikcionim le\u017eajevima, zglobne glave, aksijalni loptasti spojevi, vilju\u0161kaste glave, spojnice za brzo spajanje napravljene od \u010delika ili ner\u0111aju\u0107eg \u010delika.<br \/>\nDetaljnije na internet stranici <a href=\"https:\/\/www.elesa-ganter.com\/en\/www\/products\/joints-couplings--1#\" target=\"_blank\" rel=\"noopener noreferrer\">Zglobni elementi<\/a><\/p>\n<\/div><\/section><\/div><div   class='hr hr-default   avia-builder-el-5  el_after_av_two_third  el_before_av_table '><span class='hr-inner ' ><span class='hr-inner-style'><\/span><\/span><\/div><\/p>\n<div class='avia-data-table-wrap avia_responsive_table'><table  class='avia-table avia-data-table avia-table-1  avia-builder-el-6  el_after_av_hr  el_before_av_button  avia_pricing_default '  itemscope=\"itemscope\" itemtype=\"https:\/\/schema.org\/Table\" ><tbody><tr class=''><td class=''><\/p>\n<p style=\"text-align:center\"><span style=\"vertical-align: top;\"><img src=\"https:\/\/nevenkomerc.com\/elesa-ganter\/wp-content\/uploads\/2020\/10\/elesa-10-DIN808.jpg\" style=\"width:100pt;height:100pt\" \/><\/span><br \/>\n<span style=\"vertical-align: top;\"><br \/>\n<b>DIN 808<\/b><br \/>\nKardanski zglobovi sa<br \/>\nkliznim le\u017eajem<br \/>\n\u010celik \/ ner\u0111aju\u0107i \u010delik,<br \/>\njednostruki ili dvostruki<br \/>\nDimenzije: 16 do 70 mm<br \/>\n<\/span><\/p>\n<p><\/td><td class=''><\/p>\n<p style=\"text-align:center\"><span style=\"vertical-align: top;\"><img src=\"https:\/\/nevenkomerc.com\/elesa-ganter\/wp-content\/uploads\/2020\/10\/elesa-10-GN8082.jpg\" style=\"width:100pt;height:100pt\" \/><\/span><br \/>\n<span style=\"vertical-align: top;\"><br \/>\n<b>GN 808.2<\/b><br \/>\nKardanska vratila sa<br \/>\nteleskopskim izvla\u010denjem<br \/>\nsa frikcionim le\u017eajem<br \/>\nsa uzdu\u017enom<br \/>\nkompenzacijom<br \/>\nDimenzije : 22 do 58 mm<br \/>\n<\/span><\/p>\n<p><\/td><td class=''><\/p>\n<p style=\"text-align:center\"><span style=\"vertical-align: top;\"><img src=\"https:\/\/nevenkomerc.com\/elesa-ganter\/wp-content\/uploads\/2020\/10\/elesa-10-GN8081.jpg\" style=\"width:100pt;height:100pt\" \/><\/span><br \/>\n<span style=\"vertical-align: top;\"><br \/>\n<b>GN 808.1<\/b><br \/>\nNaglavci za kardanske zglobove<br \/>\nza univerzalni spojevi<br \/>\nDIN 808<br \/>\nDimenzije: 16 do 58 mm<br \/>\n<\/span><\/p>\n<p><\/td><\/tr><tr class=''><td class=''><\/p>\n<p style=\"text-align:center\"><span style=\"vertical-align: top;\"><img src=\"https:\/\/nevenkomerc.com\/elesa-ganter\/wp-content\/uploads\/2020\/10\/elesa-10-BJT.jpg\" style=\"width:100pt;height:100pt\" \/><\/span><br \/>\n<span style=\"vertical-align: top;\"><br \/>\n<b>BJT.<\/b><br \/>\nZglobne glave<br \/>\nTechnopolymer<br \/>\nDimenzije otvora : 6 do 14 mm<br \/>\n<\/span><\/p>\n<p><\/td><td class=''><\/p>\n<p style=\"text-align:center\"><span style=\"vertical-align: top;\"><img src=\"https:\/\/nevenkomerc.com\/elesa-ganter\/wp-content\/uploads\/2020\/10\/elesa-10-GN6486.jpg\" style=\"width:100pt;height:100pt\" \/><\/span><br \/>\n<span style=\"vertical-align: top;\"><br \/>\n<b>GN 648.6<\/b><br \/>\nZglobna glava od<br \/>\nner\u0111aju\u0107eg \u010delika sa vijkom<br \/>\nDimenzije : 5 do 30 mm<br \/>\n<\/span><\/p>\n<p><\/td><td class=''><\/p>\n<p style=\"text-align:center\"><span style=\"vertical-align: top;\"><img src=\"https:\/\/nevenkomerc.com\/elesa-ganter\/wp-content\/uploads\/2020\/10\/elesa-10-GN752.jpg\" style=\"width:100pt;height:100pt\" \/><\/span><br \/>\n<span style=\"vertical-align: top;\"><br \/>\n<b>GN 752<\/b><br \/>\nPotisni spojni elementi<br \/>\n\u010celik \/ ner\u0111aju\u0107i \u010delik,<br \/>\nza vilju\u0161kaste spojeve<br \/>\nGN 751<br \/>\nDimenzije: 6 do 16 mm<br \/>\n<\/span><\/p>\n<p><\/td><\/tr><tr class=''><td class=''><\/p>\n<p style=\"text-align:center\"><span style=\"vertical-align: top;\"><img src=\"https:\/\/nevenkomerc.com\/elesa-ganter\/wp-content\/uploads\/2020\/10\/elesa-10-GN-782.jpg\" style=\"width:100pt;height:100pt\" \/><\/span><br \/>\n<span style=\"vertical-align: top;\"><br \/>\n<b>GN 782<\/b><br \/>\nAksijalne zglobne glave<br \/>\nDimenzije : M6 do M12<br \/>\n<\/span><\/p>\n<p><\/td><td class=''><\/p>\n<p style=\"text-align:center\"><span style=\"vertical-align: top;\"><img src=\"https:\/\/nevenkomerc.com\/elesa-ganter\/wp-content\/uploads\/2020\/10\/elesa-10-GN784.jpg\" style=\"width:100pt;height:100pt\" \/><\/span><br \/>\n<span style=\"vertical-align: top;\"><br \/>\n<b>GN 784<\/b><br \/>\nAksijalne zglobne glave<br \/>\nAluminijum<br \/>\nDobijeno zaustavljanje<br \/>\nobrtnog momenta na<br \/>\nlopti :4.5 do 20 Nm<br \/>\n<\/span><\/p>\n<p><\/td><td class=''><\/p>\n<p style=\"text-align:center\"><span style=\"vertical-align: top;\"><img src=\"https:\/\/nevenkomerc.com\/elesa-ganter\/wp-content\/uploads\/2020\/10\/elesa-10-GN710.jpg\" style=\"width:100pt;height:100pt\" \/><\/span><br \/>\n<span style=\"vertical-align: top;\"><br \/>\n<b>GN 710<\/b><br \/>\nPoklopci za za\u0161titu<br \/>\nza ugaone loptaste<br \/>\nspojeve DIN 71802<br \/>\nDimenzije za ugaone<br \/>\nloptaste spojeve<br \/>\nDIN 71802: 8 do 19 mm<br \/>\n<\/span><\/p>\n<p><\/td><\/tr><tr class=''><td class=''><\/p>\n<p style=\"text-align:center\"><span style=\"vertical-align: top;\"><img src=\"https:\/\/nevenkomerc.com\/elesa-ganter\/wp-content\/uploads\/2020\/10\/elesa-10-GN6488.jpg\" style=\"width:100pt;height:100pt\" \/><\/span><br \/>\n<span style=\"vertical-align: top;\"><br \/>\n<b>GN 648.8<\/b><br \/>\nZglobni le\u017eaj<br \/>\nDimenzije: 5 do 30 mm<br \/>\n<\/span><\/p>\n<p><\/td><td class=''><\/p>\n<p style=\"text-align:center\"><span style=\"vertical-align: top;\"><img src=\"https:\/\/nevenkomerc.com\/elesa-ganter\/wp-content\/uploads\/2020\/10\/elesa-10-DIN71752.jpg\" style=\"width:100pt;height:100pt\" \/><\/span><br \/>\n<span style=\"vertical-align: top;\"><br \/>\n<b>DIN 71752<\/b><br \/>\nVilju\u0161kasta glava<br \/>\nAluminijum \/ ner\u0111aju\u0107i \u010delik<br \/>\nDimenzije : 4 do 20 mm<br \/>\n<\/span><\/p>\n<p><\/td><td class=''><\/p>\n<p style=\"text-align:center\"><span style=\"vertical-align: top;\"><img src=\"https:\/\/nevenkomerc.com\/elesa-ganter\/wp-content\/uploads\/2020\/10\/elesa-10-GN7511.jpg\" style=\"width:100pt;height:100pt\" \/><\/span><br \/>\n<span style=\"vertical-align: top;\"><br \/>\n<b>GN 751.1<\/b><br \/>\nVilju\u0161kaste glave<br \/>\nsa rotiraju\u0107om osovinom<br \/>\nDimenzije: 5 do 12 mm<br \/>\n<\/span><\/p>\n<p><\/td><\/tr><tr class=''><td class=''><\/p>\n<p style=\"text-align:center\"><span style=\"vertical-align: top;\"><img src=\"https:\/\/nevenkomerc.com\/elesa-ganter\/wp-content\/uploads\/2020\/10\/elesa-10-FJT.jpg\" style=\"width:100pt;height:100pt\" \/><\/span><br \/>\n<span style=\"vertical-align: top;\"><br \/>\n<b>FJT.<\/b><br \/>\nVilju\u0161kaste glave<br \/>\nTechnopolymer<br \/>\nDimenzije otvora: 6 do 14 mm<br \/>\n<\/span><\/p>\n<p><\/td><td class=''><\/p>\n<p style=\"text-align:center\"><span style=\"vertical-align: top;\"><img src=\"https:\/\/nevenkomerc.com\/elesa-ganter\/wp-content\/uploads\/2020\/10\/elesa-10-DIN71802.jpg\" style=\"width:100pt;height:100pt\" \/><\/span><br \/>\n<span style=\"vertical-align: top;\"><br \/>\n<b>DIN 71802<\/b><br \/>\nUgaone zglobne glave<br \/>\n\u010celik \/ ner\u0111aju\u0107i \u010delik,<br \/>\nsa glavom sa navojem i<br \/>\nokovima za zakovice<br \/>\nDimenzije: 8 do 19 mm<br \/>\n<\/span><\/p>\n<p><\/td><td class=''><\/p>\n<p style=\"text-align:center\"><span style=\"vertical-align: top;\"><img src=\"https:\/\/nevenkomerc.com\/elesa-ganter\/wp-content\/uploads\/2020\/10\/elesa-10-GN240.jpg\" style=\"width:100pt;height:100pt\" \/><\/span><br \/>\n<span style=\"vertical-align: top;\"><br \/>\n<b>GN 240<\/b><br \/>\nBrzo rastavljuju\u0107a<br \/>\nspojnica<br \/>\nsa radijalnom ofsetnom<br \/>\nkompenzacijom<br \/>\nDimenzije: M6 do M20<br \/>\n<\/span><\/p>\n<p><\/td><\/tr><\/tbody><\/table><\/div><style type='text\/css'><\/style>\n<div  class='avia-button-wrap avia-button-left  avia-builder-el-7  el_after_av_table  avia-builder-el-last ' ><a href='https:\/\/nevenkomerc.com\/elesa-ganter\/proizvodi\/elesa-ganter-srbija\/'  class='avia-button  avia-color-theme-color   avia-icon_select-yes-left-icon avia-size-small avia-position-left '   ><span class='avia_button_icon avia_button_icon_left ' aria-hidden='true' data-av_icon='\ue831' data-av_iconfont='entypo-fontello'><\/span><span class='avia_iconbox_title' >NAZAD<\/span><\/a><\/div>\n","protected":false},"excerpt":{"rendered":"","protected":false},"author":2,"featured_media":0,"parent":475,"menu_order":10,"comment_status":"closed","ping_status":"closed","template":"","meta":[],"yoast_head":"<!-- This site is optimized with the Yoast SEO plugin v15.1.1 - https:\/\/yoast.com\/wordpress\/plugins\/seo\/ -->\n<title>Zglobni elementi - Elesa Ganter Srbija - Neven komerc<\/title>\n<meta name=\"robots\" content=\"index, follow, max-snippet:-1, max-image-preview:large, max-video-preview:-1\" \/>\n<link rel=\"canonical\" href=\"https:\/\/nevenkomerc.com\/elesa-ganter\/proizvodi\/elesa-ganter-srbija\/zglobni-elementi\/\" \/>\n<meta property=\"og:locale\" content=\"sr_RS\" \/>\n<meta property=\"og:type\" content=\"article\" \/>\n<meta property=\"og:title\" content=\"Zglobni elementi - Elesa Ganter Srbija - Neven komerc\" \/>\n<meta property=\"og:url\" content=\"https:\/\/nevenkomerc.com\/elesa-ganter\/proizvodi\/elesa-ganter-srbija\/zglobni-elementi\/\" \/>\n<meta property=\"og:site_name\" content=\"Elesa Ganter Srbija - Neven komerc\" \/>\n<meta property=\"article:modified_time\" content=\"2021-04-13T15:57:59+00:00\" \/>\n<meta property=\"og:image\" content=\"https:\/\/nevenkomerc.com\/elesa-ganter\/wp-content\/uploads\/2020\/10\/elesa-10-DIN808.jpg\" \/>\n<meta name=\"twitter:card\" content=\"summary_large_image\" \/>\n<script type=\"application\/ld+json\" class=\"yoast-schema-graph\">{\"@context\":\"https:\/\/schema.org\",\"@graph\":[{\"@type\":\"WebSite\",\"@id\":\"https:\/\/nevenkomerc.com\/elesa-ganter\/#website\",\"url\":\"https:\/\/nevenkomerc.com\/elesa-ganter\/\",\"name\":\"Elesa Ganter Srbija - Neven komerc\",\"description\":\"\\u201eNeven-komerc\\u201c d.o.o. ima zastupni\\u0161tvo za ELESA+GANTER, svetsku kompaniju koja nudi \\u0161irok asortiman standardnih ma\\u0161inskih elemenata za ma\\u0161insku industriju.\",\"potentialAction\":[{\"@type\":\"SearchAction\",\"target\":\"https:\/\/nevenkomerc.com\/elesa-ganter\/?s={search_term_string}\",\"query-input\":\"required name=search_term_string\"}],\"inLanguage\":\"sr-RS\"},{\"@type\":\"ImageObject\",\"@id\":\"https:\/\/nevenkomerc.com\/elesa-ganter\/proizvodi\/elesa-ganter-srbija\/zglobni-elementi\/#primaryimage\",\"inLanguage\":\"sr-RS\",\"url\":\"https:\/\/nevenkomerc.com\/elesa-ganter\/wp-content\/uploads\/2020\/10\/elesa-10-DIN808.jpg\",\"width\":243,\"height\":243},{\"@type\":\"WebPage\",\"@id\":\"https:\/\/nevenkomerc.com\/elesa-ganter\/proizvodi\/elesa-ganter-srbija\/zglobni-elementi\/#webpage\",\"url\":\"https:\/\/nevenkomerc.com\/elesa-ganter\/proizvodi\/elesa-ganter-srbija\/zglobni-elementi\/\",\"name\":\"Zglobni elementi - Elesa Ganter Srbija - Neven komerc\",\"isPartOf\":{\"@id\":\"https:\/\/nevenkomerc.com\/elesa-ganter\/#website\"},\"primaryImageOfPage\":{\"@id\":\"https:\/\/nevenkomerc.com\/elesa-ganter\/proizvodi\/elesa-ganter-srbija\/zglobni-elementi\/#primaryimage\"},\"datePublished\":\"2020-10-14T06:02:50+00:00\",\"dateModified\":\"2021-04-13T15:57:59+00:00\",\"inLanguage\":\"sr-RS\",\"potentialAction\":[{\"@type\":\"ReadAction\",\"target\":[\"https:\/\/nevenkomerc.com\/elesa-ganter\/proizvodi\/elesa-ganter-srbija\/zglobni-elementi\/\"]}]}]}<\/script>\n<!-- \/ Yoast SEO plugin. -->","_links":{"self":[{"href":"https:\/\/nevenkomerc.com\/elesa-ganter\/wp-json\/wp\/v2\/pages\/593\/"}],"collection":[{"href":"https:\/\/nevenkomerc.com\/elesa-ganter\/wp-json\/wp\/v2\/pages\/"}],"about":[{"href":"https:\/\/nevenkomerc.com\/elesa-ganter\/wp-json\/wp\/v2\/types\/page\/"}],"author":[{"embeddable":true,"href":"https:\/\/nevenkomerc.com\/elesa-ganter\/wp-json\/wp\/v2\/users\/2\/"}],"replies":[{"embeddable":true,"href":"https:\/\/nevenkomerc.com\/elesa-ganter\/wp-json\/wp\/v2\/comments\/?post=593"}],"version-history":[{"count":11,"href":"https:\/\/nevenkomerc.com\/elesa-ganter\/wp-json\/wp\/v2\/pages\/593\/revisions\/"}],"predecessor-version":[{"id":2997,"href":"https:\/\/nevenkomerc.com\/elesa-ganter\/wp-json\/wp\/v2\/pages\/593\/revisions\/2997\/"}],"up":[{"embeddable":true,"href":"https:\/\/nevenkomerc.com\/elesa-ganter\/wp-json\/wp\/v2\/pages\/475\/"}],"wp:attachment":[{"href":"https:\/\/nevenkomerc.com\/elesa-ganter\/wp-json\/wp\/v2\/media\/?parent=593"}],"curies":[{"name":"wp","href":"https:\/\/api.w.org\/{rel}","templated":true}]}}