{"id":601,"date":"2020-10-14T06:05:31","date_gmt":"2020-10-14T06:05:31","guid":{"rendered":"https:\/\/nevenkomerc.com\/elesa-ganter\/?page_id=601"},"modified":"2021-04-13T16:02:52","modified_gmt":"2021-04-13T16:02:52","slug":"brzo-preklopne-pneumatske-i-kukaste-stege","status":"publish","type":"page","link":"https:\/\/nevenkomerc.com\/elesa-ganter\/proizvodi\/elesa-ganter-srbija\/brzo-preklopne-pneumatske-i-kukaste-stege\/","title":{"rendered":"Brzo preklopne, pneumatske i kukaste stege"},"content":{"rendered":"<div  style='padding-bottom:10px; ' class='av-special-heading av-special-heading-h3  blockquote classic-quote classic-quote-left  avia-builder-el-0  el_before_av_one_third  avia-builder-el-first  '><h3 class='av-special-heading-tag '  itemprop=\"headline\"  >Brzo preklopne, pneumatske i kukaste stege<\/h3><div class='special-heading-border'><div class='special-heading-inner-border' ><\/div><\/div><\/div>\n<div class=\"flex_column av_one_third  flex_column_div av-zero-column-padding first  avia-builder-el-1  el_after_av_heading  el_before_av_two_third  \" style='border-radius:0px; '><div  class='avia-image-container  av-styling-    avia-builder-el-2  avia-builder-el-no-sibling  avia-align-center '  itemprop=\"image\" itemscope=\"itemscope\" itemtype=\"https:\/\/schema.org\/ImageObject\"  ><div class='avia-image-container-inner'><div class='avia-image-overlay-wrap'><img class='wp-image-658 avia-img-lazy-loading-not-658 avia_image' src=\"https:\/\/nevenkomerc.com\/elesa-ganter\/wp-content\/uploads\/2020\/10\/elesa-brzopreklopnestege-300x205.jpg\" alt='' title='elesa-brzopreklopnestege' height=\"205\" width=\"300\"  itemprop=\"thumbnailUrl\" srcset=\"https:\/\/nevenkomerc.com\/elesa-ganter\/wp-content\/uploads\/2020\/10\/elesa-brzopreklopnestege-300x205.jpg 300w, https:\/\/nevenkomerc.com\/elesa-ganter\/wp-content\/uploads\/2020\/10\/elesa-brzopreklopnestege-1030x704.jpg 1030w, https:\/\/nevenkomerc.com\/elesa-ganter\/wp-content\/uploads\/2020\/10\/elesa-brzopreklopnestege-768x525.jpg 768w, https:\/\/nevenkomerc.com\/elesa-ganter\/wp-content\/uploads\/2020\/10\/elesa-brzopreklopnestege-705x482.jpg 705w, https:\/\/nevenkomerc.com\/elesa-ganter\/wp-content\/uploads\/2020\/10\/elesa-brzopreklopnestege.jpg 1070w\" sizes=\"(max-width: 300px) 100vw, 300px\" \/><\/div><\/div><\/div><\/div>\n<div class=\"flex_column av_two_third  flex_column_div av-zero-column-padding   avia-builder-el-3  el_after_av_one_third  el_before_av_hr  \" style='border-radius:0px; '><section class=\"av_textblock_section \"  itemscope=\"itemscope\" itemtype=\"https:\/\/schema.org\/CreativeWork\" ><div class='avia_textblock  '   itemprop=\"text\" ><p>U ponudi <strong>\u201eNeven-komerc\u201c d.o.o.\u00a0 <\/strong>je \u0161irok asortiman stega od proizvo\u0111a\u010da <span style=\"color: red;\">ELESA+GANTER<\/span> kao \u0161to su: <strong>preklopne stege,\u00a0 pneumatske stege i kukaste stege.<\/strong><\/p>\n<p>Preklopne stege, elektri\u010dne stezaljke, pneumatske stezaljke za zatezanje, kukaste stezaljke, preklopne reze i stezaljke na guranje zaklju\u010davaju komponente brzo i bezbedno.<br \/>\nDetaljnije na internet stranici <a href=\"https:\/\/www.elesa-ganter.com\/en\/www\/products\/toggle-power-and-hook-clamps--1#\" target=\"_blank\" rel=\"noopener noreferrer\">Brzo preklopne, pneumatske i kukaste stege<\/a><\/p>\n<\/div><\/section><\/div><div   class='hr hr-default   avia-builder-el-5  el_after_av_two_third  el_before_av_button '><span class='hr-inner ' ><span class='hr-inner-style'><\/span><\/span><\/div><\/p>\n<div  class='avia-button-wrap avia-button-left  avia-builder-el-6  el_after_av_hr  el_before_av_table ' ><a href='https:\/\/nevenkomerc.com\/elesa-ganter\/proizvodi\/elesa-ganter-srbija\/'  class='avia-button  avia-color-theme-color   avia-icon_select-yes-left-icon avia-size-small avia-position-left '   ><span class='avia_button_icon avia_button_icon_left ' aria-hidden='true' data-av_icon='\ue831' data-av_iconfont='entypo-fontello'><\/span><span class='avia_iconbox_title' >NAZAD<\/span><\/a><\/div>\n<div class='avia-data-table-wrap avia_responsive_table'><table  class='avia-table avia-data-table avia-table-1  avia-builder-el-7  el_after_av_button  avia-builder-el-last  avia_pricing_default '  itemscope=\"itemscope\" itemtype=\"https:\/\/schema.org\/Table\" ><tbody><tr class=''><td class=''><\/p>\n<p style=\"text-align:center\"><span style=\"vertical-align: top;\"><img src=\"https:\/\/nevenkomerc.com\/elesa-ganter\/wp-content\/uploads\/2020\/10\/elesa-14-GN810.jpg\" style=\"width:100pt;height:100pt\" \/><\/span><br \/>\n<span style=\"vertical-align: top;\"><br \/>\n<b>GN 810<\/b><br \/>\nVertikalne stege sa<br \/>\nhorizontalnom stopom<br \/>\n\u010celik \/ ner\u0111aju\u0107i \u010delik, sa<br \/>\nhorizontalnom bazom za<br \/>\nmontiranje<br \/>\nSnaga dr\u017eanja: 750 do 4500 N<br \/>\n<\/span><\/p>\n<p><\/td><td class=''><\/p>\n<p style=\"text-align:center\"><span style=\"vertical-align: top;\"><img src=\"https:\/\/nevenkomerc.com\/elesa-ganter\/wp-content\/uploads\/2020\/10\/elesa-14-GN8103.jpg\" style=\"width:100pt;height:100pt\" \/><\/span><br \/>\n<span style=\"vertical-align: top;\"><br \/>\n<b>GN 810.3<\/b><br \/>\nVertikalne stege sa<br \/>\nhorizontalnom stopom<br \/>\n\u010celik \/ ner\u0111aju\u0107i \u010delik, vertikalna<br \/>\nradna poluga, sa sigurnosnom<br \/>\nkukom i vodoravnom monta\u017enom<br \/>\nosnovom, sa produ\u017eenim steznim krakom<br \/>\nSnaga dr\u017eanja: 1050 do 2000<br \/>\n<\/span><\/p>\n<p><\/td><td class=''><\/p>\n<p style=\"text-align:center\"><span style=\"vertical-align: top;\"><img src=\"https:\/\/nevenkomerc.com\/elesa-ganter\/wp-content\/uploads\/2020\/10\/elesa-14-GN8203.jpg\" style=\"width:100pt;height:100pt\" \/><\/span><br \/>\n<span style=\"vertical-align: top;\"><br \/>\n<b>GN 820.3<\/b><br \/>\nHorizontalne stege za bo\u010dnu monta\u017eu<br \/>\nsa horizontalnom osnovom<br \/>\n\u010celik \/ ner\u0111aju\u0107i \u010delik, vodoravna<br \/>\nradna poluga, sa sigurnosnom<br \/>\nkukom i vodoravnom monta\u017enom<br \/>\nosnovom, sa produ\u017eenim steznim krakom<br \/>\nSnaga dr\u017eanja: 900 do 3200 N<br \/>\n<\/span><\/p>\n<p><\/td><\/tr><tr class=''><td class=''><\/p>\n<p style=\"text-align:center\"><span style=\"vertical-align: top;\"><img src=\"https:\/\/nevenkomerc.com\/elesa-ganter\/wp-content\/uploads\/2020\/10\/elesa-14-GN844.jpg\" style=\"width:100pt;height:100pt\" \/><\/span><br \/>\n<span style=\"vertical-align: top;\"><br \/>\n<b>GN 844<\/b><br \/>\nPotisne stege za<br \/>\nstezanjem tipa<br \/>\nguranje-povla\u010denje<br \/>\nza push-pull stezanje<br \/>\nSnaga dr\u017eanja: 900 do 4500 N<br \/>\n<\/span><\/p>\n<p><\/td><td class=''><\/p>\n<p style=\"text-align:center\"><span style=\"vertical-align: top;\"><img src=\"https:\/\/nevenkomerc.com\/elesa-ganter\/wp-content\/uploads\/2020\/10\/elesa-14-GN850.jpg\" style=\"width:100pt;height:100pt\" \/><\/span><br \/>\n<span style=\"vertical-align: top;\"><br \/>\n<b>GN 850<\/b><br \/>\nKop\u010da sa opcijom povla\u010denja<br \/>\nza radnje povla\u010denja<br \/>\nSnaga dr\u017eanja: 2000 do 4000 N<br \/>\n<\/span><\/p>\n<p><\/td><td class=''><\/p>\n<p style=\"text-align:center\"><span style=\"vertical-align: top;\"><img src=\"https:\/\/nevenkomerc.com\/elesa-ganter\/wp-content\/uploads\/2020\/10\/elesa-14-GN8513.jpg\" style=\"width:100pt;height:100pt\" \/><\/span><br \/>\n<span style=\"vertical-align: top;\"><br \/>\n<b>GN 851.3<\/b><br \/>\nBrze stege<br \/>\n\u010celik \/ ner\u0111aju\u0107i \u010delik, sa<br \/>\nbezbednosnom kukom, sa<br \/>\ndejstvom povla\u010denja<br \/>\nSnaga dr\u017eanja:1600 do 7000 N<br \/>\n<\/span><\/p>\n<p><\/td><\/tr><tr class=''><td class=''><\/p>\n<p style=\"text-align:center\"><span style=\"vertical-align: top;\"><img src=\"https:\/\/nevenkomerc.com\/elesa-ganter\/wp-content\/uploads\/2020\/10\/elesa-14-GN8521.jpg\" style=\"width:100pt;height:100pt\" \/><\/span><br \/>\n<span style=\"vertical-align: top;\"><br \/>\n<b>GN 852.1<\/b><br \/>\nBrze stege za zahtevnu primenu<br \/>\nSnaga dr\u017eanja: 12000 N<br \/>\n<\/span><\/p>\n<p><\/td><td class=''><\/p>\n<p style=\"text-align:center\"><span style=\"vertical-align: top;\"><img src=\"https:\/\/nevenkomerc.com\/elesa-ganter\/wp-content\/uploads\/2020\/10\/elesa-14-GN858.jpg\" style=\"width:100pt;height:100pt\" \/><\/span><br \/>\n<span style=\"vertical-align: top;\"><br \/>\n<b>GN 858<\/b><br \/>\nBrze stege sa mehanizmom<br \/>\nza zaklju\u010davanje<br \/>\nSnaga dr\u017eanja: 15000 N<br \/>\n<\/span><\/p>\n<p><\/td><td class=''><\/p>\n<p style=\"text-align:center\"><span style=\"vertical-align: top;\"><img src=\"https:\/\/nevenkomerc.com\/elesa-ganter\/wp-content\/uploads\/2020\/10\/elesa-14-GN7081.jpg\" style=\"width:100pt;height:100pt\" \/><\/span><br \/>\n<span style=\"vertical-align: top;\"><br \/>\n<b>GN 708.1<\/b><br \/>\nPotisni vijci<br \/>\n\u010celik \/ ner\u0111aju\u0107i \u010delik, sa<br \/>\ngumenim postoljem za pritisak<br \/>\nDimenzije: M4 do M12<br \/>\nDu\u017eina: 33 do 130 mm<br \/>\n<\/span><\/p>\n<p><\/td><\/tr><tr class=''><td class=''><\/p>\n<p style=\"text-align:center\"><span style=\"vertical-align: top;\"><img src=\"https:\/\/nevenkomerc.com\/elesa-ganter\/wp-content\/uploads\/2020\/10\/elesa-14-GN910.jpg\" style=\"width:100pt;height:100pt\" \/><\/span><br \/>\n<span style=\"vertical-align: top;\"><br \/>\n<b>GN 910<\/b><br \/>\nVertikalne stege sa<br \/>\nhorizontalnom stopom sa horizontalnom<br \/>\nbazom za montiranje \u201eLonglife\u201c<br \/>\nSnaga dr\u017eanja: 2200 do 15400 N<br \/>\n<\/span><\/p>\n<p><\/td><td class=''><\/p>\n<p style=\"text-align:center\"><span style=\"vertical-align: top;\"><img src=\"https:\/\/nevenkomerc.com\/elesa-ganter\/wp-content\/uploads\/2020\/10\/elesa-14-GN861.jpg\" style=\"width:100pt;height:100pt\" \/><\/span><br \/>\n<span style=\"vertical-align: top;\"><br \/>\n<b>GN 861<\/b><br \/>\nPneumatska stega sa magnetnim klipom<br \/>\nSnaga dr\u017eanja: 10000 do 20000 N<br \/>\n<\/span><\/p>\n<p><\/td><td class=''><\/p>\n<p style=\"text-align:center\"><span style=\"vertical-align: top;\"><img src=\"https:\/\/nevenkomerc.com\/elesa-ganter\/wp-content\/uploads\/2020\/10\/elesa-14-GN864.jpg\" style=\"width:100pt;height:100pt\" \/><\/span><br \/>\n<span style=\"vertical-align: top;\"><br \/>\n<b>GN 864<\/b><br \/>\nPneumatske potisne horizontalne stege<br \/>\nSnaga dr\u017eanja: 4070 do 13300 N<br \/>\nVeli\u010dina klipa: 20 do 50<br \/>\n<\/span><\/p>\n<p><\/td><\/tr><tr class=''><td class=''><\/p>\n<p style=\"text-align:center\"><span style=\"vertical-align: top;\"><img src=\"https:\/\/nevenkomerc.com\/elesa-ganter\/wp-content\/uploads\/2020\/10\/elesa-14-GN8330.jpg\" style=\"width:100pt;height:100pt\" \/><\/span><br \/>\n<span style=\"vertical-align: top;\"><br \/>\n<b>GN 8330<\/b><br \/>\nPreklopne bravice<br \/>\n\u010celik \/ ner\u0111aju\u0107i \u010delik<br \/>\nSnaga dr\u017eanja: 100 do 1200 N<br \/>\n<\/span><\/p>\n<p><\/td><td class=''><\/p>\n<p style=\"text-align:center\"><span style=\"vertical-align: top;\"><img src=\"https:\/\/nevenkomerc.com\/elesa-ganter\/wp-content\/uploads\/2020\/10\/elesa-14-TLA.jpg\" style=\"width:100pt;height:100pt\" \/><\/span><br \/>\n<span style=\"vertical-align: top;\"><br \/>\n<b>TLA.<\/b><br \/>\nKop\u010de<br \/>\n\u010celik ili ner\u0111aju\u0107i \u010delik<br \/>\nDimenzije: 102 do 193 mm<br \/>\n<\/span><\/p>\n<p><\/td><td class=''><\/p>\n<p style=\"text-align:center\"><span style=\"vertical-align: top;\"><img src=\"https:\/\/nevenkomerc.com\/elesa-ganter\/wp-content\/uploads\/2020\/10\/elesa-14-TLL.jpg\" style=\"width:100pt;height:100pt\" \/><\/span><br \/>\n<span style=\"vertical-align: top;\"><br \/>\n<b>TLL<\/b><br \/>\nPodesive kop\u010de<br \/>\n\u010celik<br \/>\nDimenzija: 125.5 mm<br \/>\n<\/span><\/p>\n<p><\/td><\/tr><\/tbody><\/table><\/div><style type='text\/css'><\/style>\n","protected":false},"excerpt":{"rendered":"","protected":false},"author":2,"featured_media":0,"parent":475,"menu_order":14,"comment_status":"closed","ping_status":"closed","template":"","meta":[],"yoast_head":"<!-- This site is optimized with the Yoast SEO plugin v15.1.1 - https:\/\/yoast.com\/wordpress\/plugins\/seo\/ -->\n<title>Brzo preklopne, pneumatske i kukaste stege - Elesa Ganter Srbija - Neven komerc<\/title>\n<meta name=\"robots\" content=\"index, follow, max-snippet:-1, max-image-preview:large, max-video-preview:-1\" \/>\n<link rel=\"canonical\" href=\"https:\/\/nevenkomerc.com\/elesa-ganter\/proizvodi\/elesa-ganter-srbija\/brzo-preklopne-pneumatske-i-kukaste-stege\/\" \/>\n<meta property=\"og:locale\" content=\"sr_RS\" \/>\n<meta property=\"og:type\" content=\"article\" \/>\n<meta property=\"og:title\" content=\"Brzo preklopne, pneumatske i kukaste stege - Elesa Ganter Srbija - Neven komerc\" \/>\n<meta property=\"og:url\" content=\"https:\/\/nevenkomerc.com\/elesa-ganter\/proizvodi\/elesa-ganter-srbija\/brzo-preklopne-pneumatske-i-kukaste-stege\/\" \/>\n<meta property=\"og:site_name\" content=\"Elesa Ganter Srbija - Neven komerc\" \/>\n<meta property=\"article:modified_time\" content=\"2021-04-13T16:02:52+00:00\" \/>\n<meta property=\"og:image\" content=\"https:\/\/nevenkomerc.com\/elesa-ganter\/wp-content\/uploads\/2020\/10\/elesa-14-GN810.jpg\" \/>\n<meta name=\"twitter:card\" content=\"summary_large_image\" \/>\n<script type=\"application\/ld+json\" class=\"yoast-schema-graph\">{\"@context\":\"https:\/\/schema.org\",\"@graph\":[{\"@type\":\"WebSite\",\"@id\":\"https:\/\/nevenkomerc.com\/elesa-ganter\/#website\",\"url\":\"https:\/\/nevenkomerc.com\/elesa-ganter\/\",\"name\":\"Elesa Ganter Srbija - Neven komerc\",\"description\":\"\\u201eNeven-komerc\\u201c d.o.o. ima zastupni\\u0161tvo za ELESA+GANTER, svetsku kompaniju koja nudi \\u0161irok asortiman standardnih ma\\u0161inskih elemenata za ma\\u0161insku industriju.\",\"potentialAction\":[{\"@type\":\"SearchAction\",\"target\":\"https:\/\/nevenkomerc.com\/elesa-ganter\/?s={search_term_string}\",\"query-input\":\"required name=search_term_string\"}],\"inLanguage\":\"sr-RS\"},{\"@type\":\"ImageObject\",\"@id\":\"https:\/\/nevenkomerc.com\/elesa-ganter\/proizvodi\/elesa-ganter-srbija\/brzo-preklopne-pneumatske-i-kukaste-stege\/#primaryimage\",\"inLanguage\":\"sr-RS\",\"url\":\"https:\/\/nevenkomerc.com\/elesa-ganter\/wp-content\/uploads\/2020\/10\/elesa-14-GN810.jpg\",\"width\":243,\"height\":243},{\"@type\":\"WebPage\",\"@id\":\"https:\/\/nevenkomerc.com\/elesa-ganter\/proizvodi\/elesa-ganter-srbija\/brzo-preklopne-pneumatske-i-kukaste-stege\/#webpage\",\"url\":\"https:\/\/nevenkomerc.com\/elesa-ganter\/proizvodi\/elesa-ganter-srbija\/brzo-preklopne-pneumatske-i-kukaste-stege\/\",\"name\":\"Brzo preklopne, pneumatske i kukaste stege - Elesa Ganter Srbija - Neven komerc\",\"isPartOf\":{\"@id\":\"https:\/\/nevenkomerc.com\/elesa-ganter\/#website\"},\"primaryImageOfPage\":{\"@id\":\"https:\/\/nevenkomerc.com\/elesa-ganter\/proizvodi\/elesa-ganter-srbija\/brzo-preklopne-pneumatske-i-kukaste-stege\/#primaryimage\"},\"datePublished\":\"2020-10-14T06:05:31+00:00\",\"dateModified\":\"2021-04-13T16:02:52+00:00\",\"inLanguage\":\"sr-RS\",\"potentialAction\":[{\"@type\":\"ReadAction\",\"target\":[\"https:\/\/nevenkomerc.com\/elesa-ganter\/proizvodi\/elesa-ganter-srbija\/brzo-preklopne-pneumatske-i-kukaste-stege\/\"]}]}]}<\/script>\n<!-- \/ Yoast SEO plugin. -->","_links":{"self":[{"href":"https:\/\/nevenkomerc.com\/elesa-ganter\/wp-json\/wp\/v2\/pages\/601\/"}],"collection":[{"href":"https:\/\/nevenkomerc.com\/elesa-ganter\/wp-json\/wp\/v2\/pages\/"}],"about":[{"href":"https:\/\/nevenkomerc.com\/elesa-ganter\/wp-json\/wp\/v2\/types\/page\/"}],"author":[{"embeddable":true,"href":"https:\/\/nevenkomerc.com\/elesa-ganter\/wp-json\/wp\/v2\/users\/2\/"}],"replies":[{"embeddable":true,"href":"https:\/\/nevenkomerc.com\/elesa-ganter\/wp-json\/wp\/v2\/comments\/?post=601"}],"version-history":[{"count":11,"href":"https:\/\/nevenkomerc.com\/elesa-ganter\/wp-json\/wp\/v2\/pages\/601\/revisions\/"}],"predecessor-version":[{"id":3002,"href":"https:\/\/nevenkomerc.com\/elesa-ganter\/wp-json\/wp\/v2\/pages\/601\/revisions\/3002\/"}],"up":[{"embeddable":true,"href":"https:\/\/nevenkomerc.com\/elesa-ganter\/wp-json\/wp\/v2\/pages\/475\/"}],"wp:attachment":[{"href":"https:\/\/nevenkomerc.com\/elesa-ganter\/wp-json\/wp\/v2\/media\/?parent=601"}],"curies":[{"name":"wp","href":"https:\/\/api.w.org\/{rel}","templated":true}]}}